{"id":32570,"date":"2024-10-24T22:07:11","date_gmt":"2024-10-25T02:07:11","guid":{"rendered":"http:\/\/chocolatsleana.com\/?page_id=32570"},"modified":"2024-11-24T14:34:37","modified_gmt":"2024-11-24T19:34:37","slug":"les-petits-formats","status":"publish","type":"page","link":"https:\/\/chocolatsleana.com\/index.php\/les-petits-formats\/","title":{"rendered":"LES PETITS FORMATS"},"content":{"rendered":"\t\t<div data-elementor-type=\"wp-page\" data-elementor-id=\"32570\" class=\"elementor elementor-32570\" data-elementor-post-type=\"page\">\n\t\t\t\t<div class=\"elementor-element elementor-element-c542e0f e-flex e-con-boxed e-con e-parent\" data-id=\"c542e0f\" data-element_type=\"container\" data-e-type=\"container\">\n\t\t\t\t\t<div class=\"e-con-inner\">\n\t\t<div class=\"elementor-element elementor-element-5d62d38 e-con-full e-flex e-con e-child\" data-id=\"5d62d38\" data-element_type=\"container\" data-e-type=\"container\">\n\t\t<div class=\"elementor-element elementor-element-f2ea8be e-con-full e-flex e-con e-child\" data-id=\"f2ea8be\" data-element_type=\"container\" data-e-type=\"container\">\n\t\t\t\t<div class=\"elementor-element elementor-element-a2ba9c1 elementor--h-position-center elementor--v-position-middle elementor-arrows-position-inside elementor-pagination-position-inside elementor-widget elementor-widget-slides\" data-id=\"a2ba9c1\" data-element_type=\"widget\" data-e-type=\"widget\" data-settings=\"{&quot;navigation&quot;:&quot;both&quot;,&quot;autoplay&quot;:&quot;yes&quot;,&quot;pause_on_hover&quot;:&quot;yes&quot;,&quot;pause_on_interaction&quot;:&quot;yes&quot;,&quot;autoplay_speed&quot;:5000,&quot;infinite&quot;:&quot;yes&quot;,&quot;transition&quot;:&quot;slide&quot;,&quot;transition_speed&quot;:500}\" data-widget_type=\"slides.default\">\n\t\t\t\t<div class=\"elementor-widget-container\">\n\t\t\t\t\t\t\t\t\t<div class=\"elementor-swiper\">\n\t\t\t\t\t<div class=\"elementor-slides-wrapper elementor-main-swiper swiper\" role=\"region\" aria-roledescription=\"carousel\" aria-label=\"Diapositives\" dir=\"ltr\" data-animation=\"fadeInUp\">\n\t\t\t\t<div class=\"swiper-wrapper elementor-slides\">\n\t\t\t\t\t\t\t\t\t\t<div class=\"elementor-repeater-item-0051fe4 swiper-slide\" role=\"group\" aria-roledescription=\"slide\"><div class=\"swiper-slide-bg elementor-ken-burns elementor-ken-burns--in\" role=\"img\" aria-label=\"Design sans titre (35)\"><\/div><div class=\"elementor-background-overlay\"><\/div><div class=\"swiper-slide-inner\" ><div class=\"swiper-slide-contents\"><div class=\"elementor-slide-heading\">NOS PETITS FORMATS<\/div><div class=\"elementor-slide-description\">Pour des f\u00eates aussi gourmandes que f\u00e9eriques, d\u00e9couvrez nos petits formats en chocolat de No\u00ebl, sign\u00e9s Chocolats L\u00e9ana ! Parfaits pour offrir ou pour agr\u00e9menter vos tables de f\u00eates, ces petites douceurs sont soigneusement pr\u00e9par\u00e9es avec des ingr\u00e9dients de qualit\u00e9 et fa\u00e7onn\u00e9es avec passion. <\/div><\/div><\/div><\/div>\t\t\t\t<\/div>\n\t\t\t\t\t\t\t<\/div>\n\t\t\t\t<\/div>\n\t\t\t\t\t\t\t\t<\/div>\n\t\t\t\t<\/div>\n\t\t\t\t<\/div>\n\t\t\t\t<\/div>\n\t\t\t\t\t<\/div>\n\t\t\t\t<\/div>\n\t\t<div class=\"elementor-element elementor-element-a46a02a e-flex e-con-boxed e-con e-parent\" data-id=\"a46a02a\" data-element_type=\"container\" data-e-type=\"container\">\n\t\t\t\t\t<div class=\"e-con-inner\">\n\t\t\t\t<div class=\"elementor-element elementor-element-5e4e490 elementor-widget__width-auto e-transform elementor-widget elementor-widget-gallery\" data-id=\"5e4e490\" data-element_type=\"widget\" data-e-type=\"widget\" data-settings=\"{&quot;gallery_layout&quot;:&quot;justified&quot;,&quot;ideal_row_height&quot;:{&quot;unit&quot;:&quot;px&quot;,&quot;size&quot;:480,&quot;sizes&quot;:[]},&quot;gap&quot;:{&quot;unit&quot;:&quot;px&quot;,&quot;size&quot;:91,&quot;sizes&quot;:[]},&quot;overlay_title&quot;:&quot;title&quot;,&quot;overlay_description&quot;:&quot;caption&quot;,&quot;image_hover_animation&quot;:&quot;grow&quot;,&quot;_transform_translateX_effect&quot;:{&quot;unit&quot;:&quot;px&quot;,&quot;size&quot;:24,&quot;sizes&quot;:[]},&quot;_transform_translateY_effect&quot;:{&quot;unit&quot;:&quot;px&quot;,&quot;size&quot;:24,&quot;sizes&quot;:[]},&quot;ideal_row_height_tablet&quot;:{&quot;unit&quot;:&quot;px&quot;,&quot;size&quot;:308,&quot;sizes&quot;:[]},&quot;ideal_row_height_mobile&quot;:{&quot;unit&quot;:&quot;px&quot;,&quot;size&quot;:257,&quot;sizes&quot;:[]},&quot;gap_tablet&quot;:{&quot;unit&quot;:&quot;px&quot;,&quot;size&quot;:10,&quot;sizes&quot;:[]},&quot;gap_mobile&quot;:{&quot;unit&quot;:&quot;px&quot;,&quot;size&quot;:10,&quot;sizes&quot;:[]},&quot;link_to&quot;:&quot;file&quot;,&quot;_transform_translateX_effect_tablet&quot;:{&quot;unit&quot;:&quot;px&quot;,&quot;size&quot;:&quot;&quot;,&quot;sizes&quot;:[]},&quot;_transform_translateX_effect_mobile&quot;:{&quot;unit&quot;:&quot;px&quot;,&quot;size&quot;:&quot;&quot;,&quot;sizes&quot;:[]},&quot;_transform_translateY_effect_tablet&quot;:{&quot;unit&quot;:&quot;px&quot;,&quot;size&quot;:&quot;&quot;,&quot;sizes&quot;:[]},&quot;_transform_translateY_effect_mobile&quot;:{&quot;unit&quot;:&quot;px&quot;,&quot;size&quot;:&quot;&quot;,&quot;sizes&quot;:[]}}\" data-widget_type=\"gallery.default\">\n\t\t\t\t<div class=\"elementor-widget-container\">\n\t\t\t\t\t\t\t<div class=\"elementor-gallery__container\">\n\t\t\t\t\t\t\t<a class=\"e-gallery-item elementor-gallery-item elementor-animated-content\" href=\"https:\/\/chocolatsleana.com\/wp-content\/uploads\/2024\/10\/Casse-noisette-60g-3.jpg\" data-elementor-open-lightbox=\"yes\" data-elementor-lightbox-slideshow=\"5e4e490\" data-elementor-lightbox-title=\"Casse-noisette 60g\" data-e-action-hash=\"#elementor-action%3Aaction%3Dlightbox%26settings%3DeyJpZCI6MzIzMTgsInVybCI6Imh0dHBzOlwvXC9jaG9jb2xhdHNsZWFuYS5jb21cL3dwLWNvbnRlbnRcL3VwbG9hZHNcLzIwMjRcLzEwXC9DYXNzZS1ub2lzZXR0ZS02MGctMy5qcGciLCJzbGlkZXNob3ciOiI1ZTRlNDkwIn0%3D\">\n\t\t\t\t\t<div class=\"e-gallery-image elementor-gallery-item__image\" data-thumbnail=\"https:\/\/chocolatsleana.com\/wp-content\/uploads\/2024\/10\/Casse-noisette-60g-3.jpg\" data-width=\"1080\" data-height=\"1080\" aria-label=\"\" role=\"img\" ><\/div>\n\t\t\t\t\t\t\t\t\t\t\t\t\t\t\t<div class=\"elementor-gallery-item__content\">\n\t\t\t\t\t\t\t\t\t\t\t\t\t\t<div class=\"elementor-gallery-item__title\">\n\t\t\t\t\t\t\t\t\t\t\t\t\t\t\t\t\t\tCasse-noisette 60g\t\t\t\t\t\t\t\t<\/div>\n\t\t\t\t\t\t\t\t\t\t\t\t\t\t\t<div class=\"elementor-gallery-item__description\">\n\t\t\t\t\t\t\t\t\t\t\t\t\t\t\t\t\t\t5,50$\t\t\t\t\t\t\t\t<\/div>\n\t\t\t\t\t\t\t\t\t\t\t\t<\/div>\n\t\t\t\t\t\t\t\t\t<\/a>\n\t\t\t\t\t\t\t<a class=\"e-gallery-item elementor-gallery-item elementor-animated-content\" href=\"https:\/\/chocolatsleana.com\/wp-content\/uploads\/2024\/10\/Petit-pere-Noel-75g-350g.jpg\" data-elementor-open-lightbox=\"yes\" data-elementor-lightbox-slideshow=\"5e4e490\" data-elementor-lightbox-title=\"Petit pe\u0300re Noe\u0308l 75g\" data-e-action-hash=\"#elementor-action%3Aaction%3Dlightbox%26settings%3DeyJpZCI6MzIzMjAsInVybCI6Imh0dHBzOlwvXC9jaG9jb2xhdHNsZWFuYS5jb21cL3dwLWNvbnRlbnRcL3VwbG9hZHNcLzIwMjRcLzEwXC9QZXRpdC1wZXJlLU5vZWwtNzVnLTM1MGcuanBnIiwic2xpZGVzaG93IjoiNWU0ZTQ5MCJ9\">\n\t\t\t\t\t<div class=\"e-gallery-image elementor-gallery-item__image\" data-thumbnail=\"https:\/\/chocolatsleana.com\/wp-content\/uploads\/2024\/10\/Petit-pere-Noel-75g-350g.jpg\" data-width=\"1080\" data-height=\"1080\" aria-label=\"\" role=\"img\" ><\/div>\n\t\t\t\t\t\t\t\t\t\t\t\t\t\t\t<div class=\"elementor-gallery-item__content\">\n\t\t\t\t\t\t\t\t\t\t\t\t\t\t<div class=\"elementor-gallery-item__title\">\n\t\t\t\t\t\t\t\t\t\t\t\t\t\t\t\t\t\tPetit pe\u0300re Noe\u0308l 75g\t\t\t\t\t\t\t\t<\/div>\n\t\t\t\t\t\t\t\t\t\t\t\t\t\t\t<div class=\"elementor-gallery-item__description\">\n\t\t\t\t\t\t\t\t\t\t\t\t\t\t\t\t\t\t6,50$\t\t\t\t\t\t\t\t<\/div>\n\t\t\t\t\t\t\t\t\t\t\t\t<\/div>\n\t\t\t\t\t\t\t\t\t<\/a>\n\t\t\t\t\t\t\t<a class=\"e-gallery-item elementor-gallery-item elementor-animated-content\" href=\"https:\/\/chocolatsleana.com\/wp-content\/uploads\/2024\/10\/Le-petit-renne-60g-425.jpg\" data-elementor-open-lightbox=\"yes\" data-elementor-lightbox-slideshow=\"5e4e490\" data-elementor-lightbox-title=\"Le petit renne 60g\" data-e-action-hash=\"#elementor-action%3Aaction%3Dlightbox%26settings%3DeyJpZCI6MzIzMTksInVybCI6Imh0dHBzOlwvXC9jaG9jb2xhdHNsZWFuYS5jb21cL3dwLWNvbnRlbnRcL3VwbG9hZHNcLzIwMjRcLzEwXC9MZS1wZXRpdC1yZW5uZS02MGctNDI1LmpwZyIsInNsaWRlc2hvdyI6IjVlNGU0OTAifQ%3D%3D\">\n\t\t\t\t\t<div class=\"e-gallery-image elementor-gallery-item__image\" data-thumbnail=\"https:\/\/chocolatsleana.com\/wp-content\/uploads\/2024\/10\/Le-petit-renne-60g-425.jpg\" data-width=\"1080\" data-height=\"1080\" aria-label=\"\" role=\"img\" ><\/div>\n\t\t\t\t\t\t\t\t\t\t\t\t\t\t\t<div class=\"elementor-gallery-item__content\">\n\t\t\t\t\t\t\t\t\t\t\t\t\t\t<div class=\"elementor-gallery-item__title\">\n\t\t\t\t\t\t\t\t\t\t\t\t\t\t\t\t\t\tLe petit renne 60g\t\t\t\t\t\t\t\t<\/div>\n\t\t\t\t\t\t\t\t\t\t\t\t\t\t\t<div class=\"elementor-gallery-item__description\">\n\t\t\t\t\t\t\t\t\t\t\t\t\t\t\t\t\t\t6,50$\t\t\t\t\t\t\t\t<\/div>\n\t\t\t\t\t\t\t\t\t\t\t\t<\/div>\n\t\t\t\t\t\t\t\t\t<\/a>\n\t\t\t\t\t\t\t<a class=\"e-gallery-item elementor-gallery-item elementor-animated-content\" href=\"https:\/\/chocolatsleana.com\/wp-content\/uploads\/2024\/11\/Visuel-a-venir-6.jpg\" data-elementor-open-lightbox=\"yes\" data-elementor-lightbox-slideshow=\"5e4e490\" data-elementor-lightbox-title=\"P\u00e8re No\u00ebl sans yeux - 90g\" data-e-action-hash=\"#elementor-action%3Aaction%3Dlightbox%26settings%3DeyJpZCI6MzQxNjgsInVybCI6Imh0dHBzOlwvXC9jaG9jb2xhdHNsZWFuYS5jb21cL3dwLWNvbnRlbnRcL3VwbG9hZHNcLzIwMjRcLzExXC9WaXN1ZWwtYS12ZW5pci02LmpwZyIsInNsaWRlc2hvdyI6IjVlNGU0OTAifQ%3D%3D\">\n\t\t\t\t\t<div class=\"e-gallery-image elementor-gallery-item__image\" data-thumbnail=\"https:\/\/chocolatsleana.com\/wp-content\/uploads\/2024\/11\/Visuel-a-venir-6.jpg\" data-width=\"1080\" data-height=\"1080\" aria-label=\"\" role=\"img\" ><\/div>\n\t\t\t\t\t\t\t\t\t\t\t\t\t\t\t<div class=\"elementor-gallery-item__content\">\n\t\t\t\t\t\t\t\t\t\t\t\t\t\t<div class=\"elementor-gallery-item__title\">\n\t\t\t\t\t\t\t\t\t\t\t\t\t\t\t\t\t\tP\u00e8re No\u00ebl sans yeux - 90g\t\t\t\t\t\t\t\t<\/div>\n\t\t\t\t\t\t\t\t\t\t\t\t\t\t\t<div class=\"elementor-gallery-item__description\">\n\t\t\t\t\t\t\t\t\t\t\t\t\t\t\t\t\t\t9,99$\t\t\t\t\t\t\t\t<\/div>\n\t\t\t\t\t\t\t\t\t\t\t\t<\/div>\n\t\t\t\t\t\t\t\t\t<\/a>\n\t\t\t\t\t<\/div>\n\t\t\t\t\t<\/div>\n\t\t\t\t<\/div>\n\t\t\t\t\t<\/div>\n\t\t\t\t<\/div>\n\t\t<div class=\"elementor-element elementor-element-e24f76f e-flex e-con-boxed e-con e-parent\" data-id=\"e24f76f\" data-element_type=\"container\" data-e-type=\"container\">\n\t\t\t\t\t<div class=\"e-con-inner\">\n\t\t\t\t<div class=\"elementor-element elementor-element-3f20b31 elementor-widget elementor-widget-spacer\" data-id=\"3f20b31\" data-element_type=\"widget\" data-e-type=\"widget\" data-widget_type=\"spacer.default\">\n\t\t\t\t<div class=\"elementor-widget-container\">\n\t\t\t\t\t\t\t<div class=\"elementor-spacer\">\n\t\t\t<div class=\"elementor-spacer-inner\"><\/div>\n\t\t<\/div>\n\t\t\t\t\t\t<\/div>\n\t\t\t\t<\/div>\n\t\t\t\t\t<\/div>\n\t\t\t\t<\/div>\n\t\t\t\t<\/div>\n\t\t","protected":false},"excerpt":{"rendered":"<p>NOS PETITS FORMATSPour des f\u00eates aussi gourmandes que f\u00e9eriques, d\u00e9couvrez nos petits formats en chocolat de No\u00ebl, sign\u00e9s Chocolats L\u00e9ana ! Parfaits pour offrir ou pour agr\u00e9menter vos tables de &#8230;<\/p>\n","protected":false},"author":2,"featured_media":0,"parent":0,"menu_order":0,"comment_status":"closed","ping_status":"closed","template":"elementor_header_footer","meta":{"footnotes":""},"class_list":["post-32570","page","type-page","status-publish","hentry"],"aioseo_notices":[],"yoast_head":"<!-- This site is optimized with the Yoast SEO plugin v27.3 - https:\/\/yoast.com\/product\/yoast-seo-wordpress\/ -->\n<title>LES PETITS FORMATS - Chocolats L\u00e9ana<\/title>\n<meta name=\"description\" content=\"Petits formats en chocolat : des douceurs artisanales parfaites pour offrir ou savourer. Livraison \u00e0 Montr\u00e9al et au Qu\u00e9bec\" \/>\n<meta name=\"robots\" content=\"index, follow, max-snippet:-1, max-image-preview:large, max-video-preview:-1\" \/>\n<link rel=\"canonical\" href=\"http:\/\/chocolatsleana.com\/index.php\/les-petits-formats\/\" \/>\n<meta property=\"og:locale\" content=\"fr_FR\" \/>\n<meta property=\"og:type\" content=\"article\" \/>\n<meta property=\"og:title\" content=\"LES PETITS FORMATS - Chocolats L\u00e9ana\" \/>\n<meta property=\"og:description\" content=\"Petits formats en chocolat : des douceurs artisanales parfaites pour offrir ou savourer. Livraison \u00e0 Montr\u00e9al et au Qu\u00e9bec\" \/>\n<meta property=\"og:url\" content=\"http:\/\/chocolatsleana.com\/index.php\/les-petits-formats\/\" \/>\n<meta property=\"og:site_name\" content=\"Chocolats L\u00e9ana\" \/>\n<meta property=\"article:modified_time\" content=\"2024-11-24T19:34:37+00:00\" \/>\n<meta name=\"twitter:card\" content=\"summary_large_image\" \/>\n<meta name=\"twitter:label1\" content=\"Dur\u00e9e de lecture estim\u00e9e\" \/>\n\t<meta name=\"twitter:data1\" content=\"1 minute\" \/>\n<script type=\"application\/ld+json\" class=\"yoast-schema-graph\">{\"@context\":\"https:\\\/\\\/schema.org\",\"@graph\":[{\"@type\":\"WebPage\",\"@id\":\"http:\\\/\\\/chocolatsleana.com\\\/index.php\\\/les-petits-formats\\\/\",\"url\":\"http:\\\/\\\/chocolatsleana.com\\\/index.php\\\/les-petits-formats\\\/\",\"name\":\"LES PETITS FORMATS - Chocolats L\u00e9ana\",\"isPartOf\":{\"@id\":\"https:\\\/\\\/chocolatsleana.com\\\/#website\"},\"datePublished\":\"2024-10-25T02:07:11+00:00\",\"dateModified\":\"2024-11-24T19:34:37+00:00\",\"description\":\"Petits formats en chocolat : des douceurs artisanales parfaites pour offrir ou savourer. Livraison \u00e0 Montr\u00e9al et au Qu\u00e9bec\",\"breadcrumb\":{\"@id\":\"http:\\\/\\\/chocolatsleana.com\\\/index.php\\\/les-petits-formats\\\/#breadcrumb\"},\"inLanguage\":\"fr-FR\",\"potentialAction\":[{\"@type\":\"ReadAction\",\"target\":[\"http:\\\/\\\/chocolatsleana.com\\\/index.php\\\/les-petits-formats\\\/\"]}]},{\"@type\":\"BreadcrumbList\",\"@id\":\"http:\\\/\\\/chocolatsleana.com\\\/index.php\\\/les-petits-formats\\\/#breadcrumb\",\"itemListElement\":[{\"@type\":\"ListItem\",\"position\":1,\"name\":\"Accueil\",\"item\":\"http:\\\/\\\/chocolatsleana.com\\\/\"},{\"@type\":\"ListItem\",\"position\":2,\"name\":\"LES PETITS FORMATS\"}]},{\"@type\":\"WebSite\",\"@id\":\"https:\\\/\\\/chocolatsleana.com\\\/#website\",\"url\":\"https:\\\/\\\/chocolatsleana.com\\\/\",\"name\":\"Chocolats L\u00e9ana\",\"description\":\"Qualit\u00e9 et passion au service de vos papilles  -  (514)975-4985\",\"publisher\":{\"@id\":\"https:\\\/\\\/chocolatsleana.com\\\/#organization\"},\"potentialAction\":[{\"@type\":\"SearchAction\",\"target\":{\"@type\":\"EntryPoint\",\"urlTemplate\":\"https:\\\/\\\/chocolatsleana.com\\\/?s={search_term_string}\"},\"query-input\":{\"@type\":\"PropertyValueSpecification\",\"valueRequired\":true,\"valueName\":\"search_term_string\"}}],\"inLanguage\":\"fr-FR\"},{\"@type\":\"Organization\",\"@id\":\"https:\\\/\\\/chocolatsleana.com\\\/#organization\",\"name\":\"Chocolats L\u00e9ana\",\"url\":\"https:\\\/\\\/chocolatsleana.com\\\/\",\"logo\":{\"@type\":\"ImageObject\",\"inLanguage\":\"fr-FR\",\"@id\":\"https:\\\/\\\/chocolatsleana.com\\\/#\\\/schema\\\/logo\\\/image\\\/\",\"url\":\"https:\\\/\\\/chocolatsleana.com\\\/wp-content\\\/uploads\\\/2024\\\/10\\\/LOGO.jpg\",\"contentUrl\":\"https:\\\/\\\/chocolatsleana.com\\\/wp-content\\\/uploads\\\/2024\\\/10\\\/LOGO.jpg\",\"width\":1181,\"height\":1181,\"caption\":\"Chocolats L\u00e9ana\"},\"image\":{\"@id\":\"https:\\\/\\\/chocolatsleana.com\\\/#\\\/schema\\\/logo\\\/image\\\/\"}}]}<\/script>\n<!-- \/ Yoast SEO plugin. -->","yoast_head_json":{"title":"LES PETITS FORMATS - Chocolats L\u00e9ana","description":"Petits formats en chocolat : des douceurs artisanales parfaites pour offrir ou savourer. Livraison \u00e0 Montr\u00e9al et au Qu\u00e9bec","robots":{"index":"index","follow":"follow","max-snippet":"max-snippet:-1","max-image-preview":"max-image-preview:large","max-video-preview":"max-video-preview:-1"},"canonical":"http:\/\/chocolatsleana.com\/index.php\/les-petits-formats\/","og_locale":"fr_FR","og_type":"article","og_title":"LES PETITS FORMATS - Chocolats L\u00e9ana","og_description":"Petits formats en chocolat : des douceurs artisanales parfaites pour offrir ou savourer. Livraison \u00e0 Montr\u00e9al et au Qu\u00e9bec","og_url":"http:\/\/chocolatsleana.com\/index.php\/les-petits-formats\/","og_site_name":"Chocolats L\u00e9ana","article_modified_time":"2024-11-24T19:34:37+00:00","twitter_card":"summary_large_image","twitter_misc":{"Dur\u00e9e de lecture estim\u00e9e":"1 minute"},"schema":{"@context":"https:\/\/schema.org","@graph":[{"@type":"WebPage","@id":"http:\/\/chocolatsleana.com\/index.php\/les-petits-formats\/","url":"http:\/\/chocolatsleana.com\/index.php\/les-petits-formats\/","name":"LES PETITS FORMATS - Chocolats L\u00e9ana","isPartOf":{"@id":"https:\/\/chocolatsleana.com\/#website"},"datePublished":"2024-10-25T02:07:11+00:00","dateModified":"2024-11-24T19:34:37+00:00","description":"Petits formats en chocolat : des douceurs artisanales parfaites pour offrir ou savourer. Livraison \u00e0 Montr\u00e9al et au Qu\u00e9bec","breadcrumb":{"@id":"http:\/\/chocolatsleana.com\/index.php\/les-petits-formats\/#breadcrumb"},"inLanguage":"fr-FR","potentialAction":[{"@type":"ReadAction","target":["http:\/\/chocolatsleana.com\/index.php\/les-petits-formats\/"]}]},{"@type":"BreadcrumbList","@id":"http:\/\/chocolatsleana.com\/index.php\/les-petits-formats\/#breadcrumb","itemListElement":[{"@type":"ListItem","position":1,"name":"Accueil","item":"http:\/\/chocolatsleana.com\/"},{"@type":"ListItem","position":2,"name":"LES PETITS FORMATS"}]},{"@type":"WebSite","@id":"https:\/\/chocolatsleana.com\/#website","url":"https:\/\/chocolatsleana.com\/","name":"Chocolats L\u00e9ana","description":"Qualit\u00e9 et passion au service de vos papilles  -  (514)975-4985","publisher":{"@id":"https:\/\/chocolatsleana.com\/#organization"},"potentialAction":[{"@type":"SearchAction","target":{"@type":"EntryPoint","urlTemplate":"https:\/\/chocolatsleana.com\/?s={search_term_string}"},"query-input":{"@type":"PropertyValueSpecification","valueRequired":true,"valueName":"search_term_string"}}],"inLanguage":"fr-FR"},{"@type":"Organization","@id":"https:\/\/chocolatsleana.com\/#organization","name":"Chocolats L\u00e9ana","url":"https:\/\/chocolatsleana.com\/","logo":{"@type":"ImageObject","inLanguage":"fr-FR","@id":"https:\/\/chocolatsleana.com\/#\/schema\/logo\/image\/","url":"https:\/\/chocolatsleana.com\/wp-content\/uploads\/2024\/10\/LOGO.jpg","contentUrl":"https:\/\/chocolatsleana.com\/wp-content\/uploads\/2024\/10\/LOGO.jpg","width":1181,"height":1181,"caption":"Chocolats L\u00e9ana"},"image":{"@id":"https:\/\/chocolatsleana.com\/#\/schema\/logo\/image\/"}}]}},"_links":{"self":[{"href":"https:\/\/chocolatsleana.com\/index.php\/wp-json\/wp\/v2\/pages\/32570","targetHints":{"allow":["GET"]}}],"collection":[{"href":"https:\/\/chocolatsleana.com\/index.php\/wp-json\/wp\/v2\/pages"}],"about":[{"href":"https:\/\/chocolatsleana.com\/index.php\/wp-json\/wp\/v2\/types\/page"}],"author":[{"embeddable":true,"href":"https:\/\/chocolatsleana.com\/index.php\/wp-json\/wp\/v2\/users\/2"}],"replies":[{"embeddable":true,"href":"https:\/\/chocolatsleana.com\/index.php\/wp-json\/wp\/v2\/comments?post=32570"}],"version-history":[{"count":28,"href":"https:\/\/chocolatsleana.com\/index.php\/wp-json\/wp\/v2\/pages\/32570\/revisions"}],"predecessor-version":[{"id":34363,"href":"https:\/\/chocolatsleana.com\/index.php\/wp-json\/wp\/v2\/pages\/32570\/revisions\/34363"}],"wp:attachment":[{"href":"https:\/\/chocolatsleana.com\/index.php\/wp-json\/wp\/v2\/media?parent=32570"}],"curies":[{"name":"wp","href":"https:\/\/api.w.org\/{rel}","templated":true}]}}