{"id":31493,"date":"2024-10-13T15:40:06","date_gmt":"2024-10-13T19:40:06","guid":{"rendered":"http:\/\/chocolatsleana.com\/?page_id=31493"},"modified":"2024-11-19T21:05:19","modified_gmt":"2024-11-20T02:05:19","slug":"nos-plaisir-a-decouvrir","status":"publish","type":"page","link":"https:\/\/chocolatsleana.com\/index.php\/nos-plaisir-a-decouvrir\/","title":{"rendered":"NOS PLAISIRS \u00c0 D\u00c9COUVRIR"},"content":{"rendered":"\t\t<div data-elementor-type=\"wp-page\" data-elementor-id=\"31493\" class=\"elementor elementor-31493\" data-elementor-post-type=\"page\">\n\t\t\t\t<div class=\"elementor-element elementor-element-08c8988 e-flex e-con-boxed e-con e-parent\" data-id=\"08c8988\" data-element_type=\"container\" data-e-type=\"container\">\n\t\t\t\t\t<div class=\"e-con-inner\">\n\t\t\t\t<div class=\"elementor-element elementor-element-cc55513 elementor--h-position-center elementor--v-position-middle elementor-arrows-position-inside elementor-pagination-position-inside elementor-widget elementor-widget-slides\" data-id=\"cc55513\" data-element_type=\"widget\" data-e-type=\"widget\" data-settings=\"{&quot;navigation&quot;:&quot;both&quot;,&quot;autoplay&quot;:&quot;yes&quot;,&quot;pause_on_hover&quot;:&quot;yes&quot;,&quot;pause_on_interaction&quot;:&quot;yes&quot;,&quot;autoplay_speed&quot;:5000,&quot;infinite&quot;:&quot;yes&quot;,&quot;transition&quot;:&quot;slide&quot;,&quot;transition_speed&quot;:500}\" data-widget_type=\"slides.default\">\n\t\t\t\t<div class=\"elementor-widget-container\">\n\t\t\t\t\t\t\t\t\t<div class=\"elementor-swiper\">\n\t\t\t\t\t<div class=\"elementor-slides-wrapper elementor-main-swiper swiper\" role=\"region\" aria-roledescription=\"carousel\" aria-label=\"Diapositives\" dir=\"ltr\" data-animation=\"fadeInUp\">\n\t\t\t\t<div class=\"swiper-wrapper elementor-slides\">\n\t\t\t\t\t\t\t\t\t\t<div class=\"elementor-repeater-item-9e3e50a swiper-slide\" role=\"group\" aria-roledescription=\"slide\"><div class=\"swiper-slide-bg\" role=\"img\" aria-label=\"Couverture\"><\/div><div class=\"elementor-background-overlay\"><\/div><div class=\"swiper-slide-inner\" ><div class=\"swiper-slide-contents\"><div class=\"elementor-slide-heading\">NOS PLAISIRS \u00c0 D\u00c9COUVRIR<\/div><div class=\"elementor-slide-description\">Bienvenue dans l'univers envo\u00fbtant de notre chocolaterie, o\u00f9 chaque bouch\u00e9e est une invitation \u00e0 l'\u00e9vasion. D\u00e9couvrez une s\u00e9lection exquise de produits, soigneusement \u00e9labor\u00e9s pour \u00e9veiller vos sens et ravir vos papilles.\u00a0<\/div><\/div><\/div><\/div>\t\t\t\t<\/div>\n\t\t\t\t\t\t\t<\/div>\n\t\t\t\t<\/div>\n\t\t\t\t\t\t\t\t<\/div>\n\t\t\t\t<\/div>\n\t\t\t\t\t<\/div>\n\t\t\t\t<\/div>\n\t\t<div class=\"elementor-element elementor-element-cf5c064 e-flex e-con-boxed e-con e-parent\" data-id=\"cf5c064\" data-element_type=\"container\" data-e-type=\"container\">\n\t\t\t\t\t<div class=\"e-con-inner\">\n\t\t<div class=\"elementor-element elementor-element-8810cdc e-con-full e-flex e-con e-child\" data-id=\"8810cdc\" data-element_type=\"container\" data-e-type=\"container\">\n\t\t\t\t<div class=\"elementor-element elementor-element-a80f3c6 elementor-invisible elementor-widget elementor-widget-image\" data-id=\"a80f3c6\" data-element_type=\"widget\" data-e-type=\"widget\" data-settings=\"{&quot;_animation&quot;:&quot;zoomIn&quot;}\" data-widget_type=\"image.default\">\n\t\t\t\t<div class=\"elementor-widget-container\">\n\t\t\t\t\t\t\t\t\t\t\t\t\t\t\t\t<a href=\"https:\/\/chocolatsleana.com\/index.php\/tablette-de-chocolat\/\">\n\t\t\t\t\t\t\t<img fetchpriority=\"high\" decoding=\"async\" width=\"545\" height=\"361\" src=\"https:\/\/chocolatsleana.com\/wp-content\/uploads\/2024\/10\/1-1.jpg\" class=\"attachment-astral-blog-thumb size-astral-blog-thumb wp-image-32030\" alt=\"\" srcset=\"https:\/\/chocolatsleana.com\/wp-content\/uploads\/2024\/10\/1-1.jpg 545w, https:\/\/chocolatsleana.com\/wp-content\/uploads\/2024\/10\/1-1-300x199.jpg 300w\" sizes=\"(max-width: 545px) 100vw, 545px\" \/>\t\t\t\t\t\t\t\t<\/a>\n\t\t\t\t\t\t\t\t\t\t\t\t\t\t\t<\/div>\n\t\t\t\t<\/div>\n\t\t\t\t<div class=\"elementor-element elementor-element-0e5418f elementor-align-center elementor-widget elementor-widget-button\" data-id=\"0e5418f\" data-element_type=\"widget\" data-e-type=\"widget\" data-widget_type=\"button.default\">\n\t\t\t\t<div class=\"elementor-widget-container\">\n\t\t\t\t\t\t\t\t\t<div class=\"elementor-button-wrapper\">\n\t\t\t\t\t<a class=\"elementor-button elementor-button-link elementor-size-sm\" href=\"https:\/\/chocolatsleana.com\/index.php\/tablette-de-chocolat\/\">\n\t\t\t\t\t\t<span class=\"elementor-button-content-wrapper\">\n\t\t\t\t\t\t\t\t\t<span class=\"elementor-button-text\">VOIR PLUS<\/span>\n\t\t\t\t\t<\/span>\n\t\t\t\t\t<\/a>\n\t\t\t\t<\/div>\n\t\t\t\t\t\t\t\t<\/div>\n\t\t\t\t<\/div>\n\t\t\t\t<\/div>\n\t\t<div class=\"elementor-element elementor-element-5824883 e-con-full e-flex elementor-invisible e-con e-child\" data-id=\"5824883\" data-element_type=\"container\" data-e-type=\"container\" data-settings=\"{&quot;motion_fx_motion_fx_scrolling&quot;:&quot;yes&quot;,&quot;motion_fx_motion_fx_mouse&quot;:&quot;yes&quot;,&quot;animation&quot;:&quot;zoomIn&quot;,&quot;motion_fx_devices&quot;:[&quot;desktop&quot;,&quot;tablet&quot;,&quot;mobile&quot;]}\">\n\t\t\t\t<div class=\"elementor-element elementor-element-af5798d elementor-invisible elementor-widget elementor-widget-image\" data-id=\"af5798d\" data-element_type=\"widget\" data-e-type=\"widget\" data-settings=\"{&quot;motion_fx_motion_fx_mouse&quot;:&quot;yes&quot;,&quot;_animation&quot;:&quot;zoomIn&quot;,&quot;_animation_delay&quot;:200}\" data-widget_type=\"image.default\">\n\t\t\t\t<div class=\"elementor-widget-container\">\n\t\t\t\t\t\t\t\t\t\t\t\t\t\t\t\t<a href=\"https:\/\/chocolatsleana.com\/index.php\/chocolat-chaud-2\/\">\n\t\t\t\t\t\t\t<img decoding=\"async\" width=\"545\" height=\"361\" src=\"https:\/\/chocolatsleana.com\/wp-content\/uploads\/2024\/10\/2-1.jpg\" class=\"attachment-astral-blog-thumb size-astral-blog-thumb wp-image-32031\" alt=\"\" srcset=\"https:\/\/chocolatsleana.com\/wp-content\/uploads\/2024\/10\/2-1.jpg 545w, https:\/\/chocolatsleana.com\/wp-content\/uploads\/2024\/10\/2-1-300x199.jpg 300w\" sizes=\"(max-width: 545px) 100vw, 545px\" \/>\t\t\t\t\t\t\t\t<\/a>\n\t\t\t\t\t\t\t\t\t\t\t\t\t\t\t<\/div>\n\t\t\t\t<\/div>\n\t\t\t\t<div class=\"elementor-element elementor-element-dd331a9 elementor-align-center elementor-widget elementor-widget-button\" data-id=\"dd331a9\" data-element_type=\"widget\" data-e-type=\"widget\" data-widget_type=\"button.default\">\n\t\t\t\t<div class=\"elementor-widget-container\">\n\t\t\t\t\t\t\t\t\t<div class=\"elementor-button-wrapper\">\n\t\t\t\t\t<a class=\"elementor-button elementor-button-link elementor-size-sm\" href=\"https:\/\/chocolatsleana.com\/index.php\/chocolat-chaud-2\/\">\n\t\t\t\t\t\t<span class=\"elementor-button-content-wrapper\">\n\t\t\t\t\t\t\t\t\t<span class=\"elementor-button-text\">VOIR PLUS<\/span>\n\t\t\t\t\t<\/span>\n\t\t\t\t\t<\/a>\n\t\t\t\t<\/div>\n\t\t\t\t\t\t\t\t<\/div>\n\t\t\t\t<\/div>\n\t\t\t\t<\/div>\n\t\t<div class=\"elementor-element elementor-element-1a65f59 e-con-full e-flex e-con e-child\" data-id=\"1a65f59\" data-element_type=\"container\" data-e-type=\"container\">\n\t\t\t\t<div class=\"elementor-element elementor-element-b73f0e5 elementor-invisible elementor-widget elementor-widget-image\" data-id=\"b73f0e5\" data-element_type=\"widget\" data-e-type=\"widget\" data-settings=\"{&quot;_animation&quot;:&quot;zoomIn&quot;}\" data-widget_type=\"image.default\">\n\t\t\t\t<div class=\"elementor-widget-container\">\n\t\t\t\t\t\t\t\t\t\t\t\t\t\t\t\t<a href=\"https:\/\/chocolatsleana.com\/index.php\/mendiants-decouvertes\/\">\n\t\t\t\t\t\t\t<img decoding=\"async\" width=\"545\" height=\"361\" src=\"https:\/\/chocolatsleana.com\/wp-content\/uploads\/2024\/10\/3-1.jpg\" class=\"attachment-astral-blog-thumb size-astral-blog-thumb wp-image-32032\" alt=\"\" srcset=\"https:\/\/chocolatsleana.com\/wp-content\/uploads\/2024\/10\/3-1.jpg 545w, https:\/\/chocolatsleana.com\/wp-content\/uploads\/2024\/10\/3-1-300x199.jpg 300w\" sizes=\"(max-width: 545px) 100vw, 545px\" \/>\t\t\t\t\t\t\t\t<\/a>\n\t\t\t\t\t\t\t\t\t\t\t\t\t\t\t<\/div>\n\t\t\t\t<\/div>\n\t\t\t\t<div class=\"elementor-element elementor-element-a32525a elementor-align-center elementor-widget elementor-widget-button\" data-id=\"a32525a\" data-element_type=\"widget\" data-e-type=\"widget\" data-widget_type=\"button.default\">\n\t\t\t\t<div class=\"elementor-widget-container\">\n\t\t\t\t\t\t\t\t\t<div class=\"elementor-button-wrapper\">\n\t\t\t\t\t<a class=\"elementor-button elementor-button-link elementor-size-sm\" href=\"https:\/\/chocolatsleana.com\/index.php\/mendiants-decouvertes\/\">\n\t\t\t\t\t\t<span class=\"elementor-button-content-wrapper\">\n\t\t\t\t\t\t\t\t\t<span class=\"elementor-button-text\">VOIR PLUS<\/span>\n\t\t\t\t\t<\/span>\n\t\t\t\t\t<\/a>\n\t\t\t\t<\/div>\n\t\t\t\t\t\t\t\t<\/div>\n\t\t\t\t<\/div>\n\t\t\t\t<\/div>\n\t\t<div class=\"elementor-element elementor-element-fe0b397 e-con-full e-flex e-con e-child\" data-id=\"fe0b397\" data-element_type=\"container\" data-e-type=\"container\">\n\t\t\t\t<div class=\"elementor-element elementor-element-09a0ae6 elementor-invisible elementor-widget elementor-widget-image\" data-id=\"09a0ae6\" data-element_type=\"widget\" data-e-type=\"widget\" data-settings=\"{&quot;_animation&quot;:&quot;zoomIn&quot;}\" data-widget_type=\"image.default\">\n\t\t\t\t<div class=\"elementor-widget-container\">\n\t\t\t\t\t\t\t\t\t\t\t\t\t\t\t\t<a href=\"https:\/\/chocolatsleana.com\/index.php\/produits-du-mois\/\">\n\t\t\t\t\t\t\t<img loading=\"lazy\" decoding=\"async\" width=\"545\" height=\"361\" src=\"https:\/\/chocolatsleana.com\/wp-content\/uploads\/2024\/10\/4-1.jpg\" class=\"attachment-astral-blog-thumb size-astral-blog-thumb wp-image-32033\" alt=\"\" srcset=\"https:\/\/chocolatsleana.com\/wp-content\/uploads\/2024\/10\/4-1.jpg 545w, https:\/\/chocolatsleana.com\/wp-content\/uploads\/2024\/10\/4-1-300x199.jpg 300w\" sizes=\"(max-width: 545px) 100vw, 545px\" \/>\t\t\t\t\t\t\t\t<\/a>\n\t\t\t\t\t\t\t\t\t\t\t\t\t\t\t<\/div>\n\t\t\t\t<\/div>\n\t\t\t\t<div class=\"elementor-element elementor-element-0c1adf0 elementor-align-center elementor-widget elementor-widget-button\" data-id=\"0c1adf0\" data-element_type=\"widget\" data-e-type=\"widget\" data-widget_type=\"button.default\">\n\t\t\t\t<div class=\"elementor-widget-container\">\n\t\t\t\t\t\t\t\t\t<div class=\"elementor-button-wrapper\">\n\t\t\t\t\t<a class=\"elementor-button elementor-button-link elementor-size-sm\" href=\"https:\/\/chocolatsleana.com\/index.php\/produits-du-mois\/\">\n\t\t\t\t\t\t<span class=\"elementor-button-content-wrapper\">\n\t\t\t\t\t\t\t\t\t<span class=\"elementor-button-text\">VOIR PLUS<\/span>\n\t\t\t\t\t<\/span>\n\t\t\t\t\t<\/a>\n\t\t\t\t<\/div>\n\t\t\t\t\t\t\t\t<\/div>\n\t\t\t\t<\/div>\n\t\t\t\t<\/div>\n\t\t\t\t\t<\/div>\n\t\t\t\t<\/div>\n\t\t<div class=\"elementor-element elementor-element-b70b324 e-flex e-con-boxed e-con e-parent\" data-id=\"b70b324\" data-element_type=\"container\" data-e-type=\"container\">\n\t\t\t\t\t<div class=\"e-con-inner\">\n\t\t\t\t<div class=\"elementor-element elementor-element-3078306 elementor-widget elementor-widget-spacer\" data-id=\"3078306\" data-element_type=\"widget\" data-e-type=\"widget\" data-widget_type=\"spacer.default\">\n\t\t\t\t<div class=\"elementor-widget-container\">\n\t\t\t\t\t\t\t<div class=\"elementor-spacer\">\n\t\t\t<div class=\"elementor-spacer-inner\"><\/div>\n\t\t<\/div>\n\t\t\t\t\t\t<\/div>\n\t\t\t\t<\/div>\n\t\t\t\t\t<\/div>\n\t\t\t\t<\/div>\n\t\t<div class=\"elementor-element elementor-element-4169c88 e-flex e-con-boxed e-con e-parent\" data-id=\"4169c88\" data-element_type=\"container\" data-e-type=\"container\">\n\t\t\t\t\t<div class=\"e-con-inner\">\n\t\t\t\t\t<\/div>\n\t\t\t\t<\/div>\n\t\t\t\t<\/div>\n\t\t","protected":false},"excerpt":{"rendered":"<p>NOS PLAISIRS \u00c0 D\u00c9COUVRIRBienvenue dans l&rsquo;univers envo\u00fbtant de notre chocolaterie, o\u00f9 chaque bouch\u00e9e est une invitation \u00e0 l&rsquo;\u00e9vasion. D\u00e9couvrez une s\u00e9lection exquise de produits, soigneusement \u00e9labor\u00e9s pour \u00e9veiller vos sens &#8230;<\/p>\n","protected":false},"author":2,"featured_media":0,"parent":0,"menu_order":0,"comment_status":"closed","ping_status":"closed","template":"elementor_header_footer","meta":{"footnotes":""},"class_list":["post-31493","page","type-page","status-publish","hentry"],"aioseo_notices":[],"yoast_head":"<!-- This site is optimized with the Yoast SEO plugin v27.4 - https:\/\/yoast.com\/product\/yoast-seo-wordpress\/ -->\n<title>NOS PLAISIRS \u00c0 D\u00c9COUVRIR - Chocolats L\u00e9ana<\/title>\n<meta name=\"description\" content=\"Une gamme exquise de chocolats artisanaux chez Chocolats L\u00e9ana. Nos plaisirs \u00e0 d\u00e9couvrir vont satisfaire toutes les envies chocolat\u00e9es\" \/>\n<meta name=\"robots\" content=\"index, follow, max-snippet:-1, max-image-preview:large, max-video-preview:-1\" \/>\n<link rel=\"canonical\" href=\"https:\/\/chocolatsleana.com\/index.php\/nos-plaisir-a-decouvrir\/\" \/>\n<meta property=\"og:locale\" content=\"fr_FR\" \/>\n<meta property=\"og:type\" content=\"article\" \/>\n<meta property=\"og:title\" content=\"NOS PLAISIRS \u00c0 D\u00c9COUVRIR - Chocolats L\u00e9ana\" \/>\n<meta property=\"og:description\" content=\"Une gamme exquise de chocolats artisanaux chez Chocolats L\u00e9ana. Nos plaisirs \u00e0 d\u00e9couvrir vont satisfaire toutes les envies chocolat\u00e9es\" \/>\n<meta property=\"og:url\" content=\"https:\/\/chocolatsleana.com\/index.php\/nos-plaisir-a-decouvrir\/\" \/>\n<meta property=\"og:site_name\" content=\"Chocolats L\u00e9ana\" \/>\n<meta property=\"article:modified_time\" content=\"2024-11-20T02:05:19+00:00\" \/>\n<meta property=\"og:image\" content=\"http:\/\/chocolatsleana.com\/wp-content\/uploads\/2024\/10\/1-1.jpg\" \/>\n<meta name=\"twitter:card\" content=\"summary_large_image\" \/>\n<meta name=\"twitter:label1\" content=\"Dur\u00e9e de lecture estim\u00e9e\" \/>\n\t<meta name=\"twitter:data1\" content=\"1 minute\" \/>\n<script type=\"application\/ld+json\" class=\"yoast-schema-graph\">{\"@context\":\"https:\\\/\\\/schema.org\",\"@graph\":[{\"@type\":\"WebPage\",\"@id\":\"https:\\\/\\\/chocolatsleana.com\\\/index.php\\\/nos-plaisir-a-decouvrir\\\/\",\"url\":\"https:\\\/\\\/chocolatsleana.com\\\/index.php\\\/nos-plaisir-a-decouvrir\\\/\",\"name\":\"NOS PLAISIRS \u00c0 D\u00c9COUVRIR - Chocolats L\u00e9ana\",\"isPartOf\":{\"@id\":\"http:\\\/\\\/chocolatsleana.com\\\/#website\"},\"primaryImageOfPage\":{\"@id\":\"https:\\\/\\\/chocolatsleana.com\\\/index.php\\\/nos-plaisir-a-decouvrir\\\/#primaryimage\"},\"image\":{\"@id\":\"https:\\\/\\\/chocolatsleana.com\\\/index.php\\\/nos-plaisir-a-decouvrir\\\/#primaryimage\"},\"thumbnailUrl\":\"http:\\\/\\\/chocolatsleana.com\\\/wp-content\\\/uploads\\\/2024\\\/10\\\/1-1.jpg\",\"datePublished\":\"2024-10-13T19:40:06+00:00\",\"dateModified\":\"2024-11-20T02:05:19+00:00\",\"description\":\"Une gamme exquise de chocolats artisanaux chez Chocolats L\u00e9ana. Nos plaisirs \u00e0 d\u00e9couvrir vont satisfaire toutes les envies chocolat\u00e9es\",\"breadcrumb\":{\"@id\":\"https:\\\/\\\/chocolatsleana.com\\\/index.php\\\/nos-plaisir-a-decouvrir\\\/#breadcrumb\"},\"inLanguage\":\"fr-FR\",\"potentialAction\":[{\"@type\":\"ReadAction\",\"target\":[\"https:\\\/\\\/chocolatsleana.com\\\/index.php\\\/nos-plaisir-a-decouvrir\\\/\"]}]},{\"@type\":\"ImageObject\",\"inLanguage\":\"fr-FR\",\"@id\":\"https:\\\/\\\/chocolatsleana.com\\\/index.php\\\/nos-plaisir-a-decouvrir\\\/#primaryimage\",\"url\":\"https:\\\/\\\/chocolatsleana.com\\\/wp-content\\\/uploads\\\/2024\\\/10\\\/1-1.jpg\",\"contentUrl\":\"https:\\\/\\\/chocolatsleana.com\\\/wp-content\\\/uploads\\\/2024\\\/10\\\/1-1.jpg\",\"width\":545,\"height\":361},{\"@type\":\"BreadcrumbList\",\"@id\":\"https:\\\/\\\/chocolatsleana.com\\\/index.php\\\/nos-plaisir-a-decouvrir\\\/#breadcrumb\",\"itemListElement\":[{\"@type\":\"ListItem\",\"position\":1,\"name\":\"Accueil\",\"item\":\"http:\\\/\\\/chocolatsleana.com\\\/\"},{\"@type\":\"ListItem\",\"position\":2,\"name\":\"NOS PLAISIRS \u00c0 D\u00c9COUVRIR\"}]},{\"@type\":\"WebSite\",\"@id\":\"http:\\\/\\\/chocolatsleana.com\\\/#website\",\"url\":\"http:\\\/\\\/chocolatsleana.com\\\/\",\"name\":\"Chocolats L\u00e9ana\",\"description\":\"Qualit\u00e9 et passion au service de vos papilles  -  (514)975-4985\",\"publisher\":{\"@id\":\"http:\\\/\\\/chocolatsleana.com\\\/#organization\"},\"potentialAction\":[{\"@type\":\"SearchAction\",\"target\":{\"@type\":\"EntryPoint\",\"urlTemplate\":\"http:\\\/\\\/chocolatsleana.com\\\/?s={search_term_string}\"},\"query-input\":{\"@type\":\"PropertyValueSpecification\",\"valueRequired\":true,\"valueName\":\"search_term_string\"}}],\"inLanguage\":\"fr-FR\"},{\"@type\":\"Organization\",\"@id\":\"http:\\\/\\\/chocolatsleana.com\\\/#organization\",\"name\":\"Chocolats L\u00e9ana\",\"url\":\"http:\\\/\\\/chocolatsleana.com\\\/\",\"logo\":{\"@type\":\"ImageObject\",\"inLanguage\":\"fr-FR\",\"@id\":\"http:\\\/\\\/chocolatsleana.com\\\/#\\\/schema\\\/logo\\\/image\\\/\",\"url\":\"https:\\\/\\\/chocolatsleana.com\\\/wp-content\\\/uploads\\\/2024\\\/10\\\/LOGO.jpg\",\"contentUrl\":\"https:\\\/\\\/chocolatsleana.com\\\/wp-content\\\/uploads\\\/2024\\\/10\\\/LOGO.jpg\",\"width\":1181,\"height\":1181,\"caption\":\"Chocolats L\u00e9ana\"},\"image\":{\"@id\":\"http:\\\/\\\/chocolatsleana.com\\\/#\\\/schema\\\/logo\\\/image\\\/\"}}]}<\/script>\n<!-- \/ Yoast SEO plugin. -->","yoast_head_json":{"title":"NOS PLAISIRS \u00c0 D\u00c9COUVRIR - Chocolats L\u00e9ana","description":"Une gamme exquise de chocolats artisanaux chez Chocolats L\u00e9ana. Nos plaisirs \u00e0 d\u00e9couvrir vont satisfaire toutes les envies chocolat\u00e9es","robots":{"index":"index","follow":"follow","max-snippet":"max-snippet:-1","max-image-preview":"max-image-preview:large","max-video-preview":"max-video-preview:-1"},"canonical":"https:\/\/chocolatsleana.com\/index.php\/nos-plaisir-a-decouvrir\/","og_locale":"fr_FR","og_type":"article","og_title":"NOS PLAISIRS \u00c0 D\u00c9COUVRIR - Chocolats L\u00e9ana","og_description":"Une gamme exquise de chocolats artisanaux chez Chocolats L\u00e9ana. Nos plaisirs \u00e0 d\u00e9couvrir vont satisfaire toutes les envies chocolat\u00e9es","og_url":"https:\/\/chocolatsleana.com\/index.php\/nos-plaisir-a-decouvrir\/","og_site_name":"Chocolats L\u00e9ana","article_modified_time":"2024-11-20T02:05:19+00:00","og_image":[{"url":"http:\/\/chocolatsleana.com\/wp-content\/uploads\/2024\/10\/1-1.jpg","type":"","width":"","height":""}],"twitter_card":"summary_large_image","twitter_misc":{"Dur\u00e9e de lecture estim\u00e9e":"1 minute"},"schema":{"@context":"https:\/\/schema.org","@graph":[{"@type":"WebPage","@id":"https:\/\/chocolatsleana.com\/index.php\/nos-plaisir-a-decouvrir\/","url":"https:\/\/chocolatsleana.com\/index.php\/nos-plaisir-a-decouvrir\/","name":"NOS PLAISIRS \u00c0 D\u00c9COUVRIR - Chocolats L\u00e9ana","isPartOf":{"@id":"http:\/\/chocolatsleana.com\/#website"},"primaryImageOfPage":{"@id":"https:\/\/chocolatsleana.com\/index.php\/nos-plaisir-a-decouvrir\/#primaryimage"},"image":{"@id":"https:\/\/chocolatsleana.com\/index.php\/nos-plaisir-a-decouvrir\/#primaryimage"},"thumbnailUrl":"http:\/\/chocolatsleana.com\/wp-content\/uploads\/2024\/10\/1-1.jpg","datePublished":"2024-10-13T19:40:06+00:00","dateModified":"2024-11-20T02:05:19+00:00","description":"Une gamme exquise de chocolats artisanaux chez Chocolats L\u00e9ana. Nos plaisirs \u00e0 d\u00e9couvrir vont satisfaire toutes les envies chocolat\u00e9es","breadcrumb":{"@id":"https:\/\/chocolatsleana.com\/index.php\/nos-plaisir-a-decouvrir\/#breadcrumb"},"inLanguage":"fr-FR","potentialAction":[{"@type":"ReadAction","target":["https:\/\/chocolatsleana.com\/index.php\/nos-plaisir-a-decouvrir\/"]}]},{"@type":"ImageObject","inLanguage":"fr-FR","@id":"https:\/\/chocolatsleana.com\/index.php\/nos-plaisir-a-decouvrir\/#primaryimage","url":"https:\/\/chocolatsleana.com\/wp-content\/uploads\/2024\/10\/1-1.jpg","contentUrl":"https:\/\/chocolatsleana.com\/wp-content\/uploads\/2024\/10\/1-1.jpg","width":545,"height":361},{"@type":"BreadcrumbList","@id":"https:\/\/chocolatsleana.com\/index.php\/nos-plaisir-a-decouvrir\/#breadcrumb","itemListElement":[{"@type":"ListItem","position":1,"name":"Accueil","item":"http:\/\/chocolatsleana.com\/"},{"@type":"ListItem","position":2,"name":"NOS PLAISIRS \u00c0 D\u00c9COUVRIR"}]},{"@type":"WebSite","@id":"http:\/\/chocolatsleana.com\/#website","url":"http:\/\/chocolatsleana.com\/","name":"Chocolats L\u00e9ana","description":"Qualit\u00e9 et passion au service de vos papilles  -  (514)975-4985","publisher":{"@id":"http:\/\/chocolatsleana.com\/#organization"},"potentialAction":[{"@type":"SearchAction","target":{"@type":"EntryPoint","urlTemplate":"http:\/\/chocolatsleana.com\/?s={search_term_string}"},"query-input":{"@type":"PropertyValueSpecification","valueRequired":true,"valueName":"search_term_string"}}],"inLanguage":"fr-FR"},{"@type":"Organization","@id":"http:\/\/chocolatsleana.com\/#organization","name":"Chocolats L\u00e9ana","url":"http:\/\/chocolatsleana.com\/","logo":{"@type":"ImageObject","inLanguage":"fr-FR","@id":"http:\/\/chocolatsleana.com\/#\/schema\/logo\/image\/","url":"https:\/\/chocolatsleana.com\/wp-content\/uploads\/2024\/10\/LOGO.jpg","contentUrl":"https:\/\/chocolatsleana.com\/wp-content\/uploads\/2024\/10\/LOGO.jpg","width":1181,"height":1181,"caption":"Chocolats L\u00e9ana"},"image":{"@id":"http:\/\/chocolatsleana.com\/#\/schema\/logo\/image\/"}}]}},"_links":{"self":[{"href":"https:\/\/chocolatsleana.com\/index.php\/wp-json\/wp\/v2\/pages\/31493","targetHints":{"allow":["GET"]}}],"collection":[{"href":"https:\/\/chocolatsleana.com\/index.php\/wp-json\/wp\/v2\/pages"}],"about":[{"href":"https:\/\/chocolatsleana.com\/index.php\/wp-json\/wp\/v2\/types\/page"}],"author":[{"embeddable":true,"href":"https:\/\/chocolatsleana.com\/index.php\/wp-json\/wp\/v2\/users\/2"}],"replies":[{"embeddable":true,"href":"https:\/\/chocolatsleana.com\/index.php\/wp-json\/wp\/v2\/comments?post=31493"}],"version-history":[{"count":38,"href":"https:\/\/chocolatsleana.com\/index.php\/wp-json\/wp\/v2\/pages\/31493\/revisions"}],"predecessor-version":[{"id":34140,"href":"https:\/\/chocolatsleana.com\/index.php\/wp-json\/wp\/v2\/pages\/31493\/revisions\/34140"}],"wp:attachment":[{"href":"https:\/\/chocolatsleana.com\/index.php\/wp-json\/wp\/v2\/media?parent=31493"}],"curies":[{"name":"wp","href":"https:\/\/api.w.org\/{rel}","templated":true}]}}