{"id":31468,"date":"2024-10-13T15:27:47","date_gmt":"2024-10-13T19:27:47","guid":{"rendered":"http:\/\/chocolatsleana.com\/?page_id=31468"},"modified":"2026-03-08T22:32:39","modified_gmt":"2026-03-09T02:32:39","slug":"paques-2","status":"publish","type":"page","link":"https:\/\/chocolatsleana.com\/index.php\/paques-2\/","title":{"rendered":"P\u00c2QUES"},"content":{"rendered":"<p>P\u00c2QUESC\u00e9l\u00e9brez P\u00e2ques avec nos chocolats sp\u00e9cialement con\u00e7us pour cette occasion ! Que ce soit pour offrir, pour partager en famille ou pour ajouter une touche gourmande \u00e0 vos moments de joie, notre collection de chocolats de P\u00e2ques saura \u00e9merveiller petits et grands. D\u00e9couvrez des cr\u00e9ations uniques et savoureuses qui rendront cette c\u00e9l\u00e9bration encore plus sp\u00e9ciale et d\u00e9licieuse.<br \/>\n\t\t\t\t\t\t\t\t\t\t\t\t\t\t\t\t<a href=\"https:\/\/chocolatsleana.com\/index.php\/bonhommes\/\"><br \/>\n\t\t\t\t\t\t\t<img fetchpriority=\"high\" decoding=\"async\" width=\"545\" height=\"361\" src=\"http:\/\/chocolatsleana.com\/wp-content\/uploads\/2024\/11\/LES-CENTRES-DE-TABLE-1-1.jpg\" alt=\"\" srcset=\"https:\/\/chocolatsleana.com\/wp-content\/uploads\/2024\/11\/LES-CENTRES-DE-TABLE-1-1.jpg 545w, https:\/\/chocolatsleana.com\/wp-content\/uploads\/2024\/11\/LES-CENTRES-DE-TABLE-1-1-300x199.jpg 300w\" sizes=\"(max-width: 545px) 100vw, 545px\" \/>\t\t\t\t\t\t\t\t<\/a><br \/>\n\t\t\t\t\t<a href=\"https:\/\/chocolatsleana.com\/index.php\/bonhommes\/\"><br \/>\n\t\t\t\t\t\t\t\t\tVOIR PLUS<br \/>\n\t\t\t\t\t<\/a><br \/>\n\t\t\t\t\t\t\t\t\t\t\t\t\t\t\t\t<a href=\"https:\/\/chocolatsleana.com\/index.php\/centres-de-table\/\"><br \/>\n\t\t\t\t\t\t\t<img decoding=\"async\" width=\"545\" height=\"361\" src=\"http:\/\/chocolatsleana.com\/wp-content\/uploads\/2024\/11\/LES-CENTRES-DE-TABLE-8.jpg\" alt=\"\" srcset=\"https:\/\/chocolatsleana.com\/wp-content\/uploads\/2024\/11\/LES-CENTRES-DE-TABLE-8.jpg 545w, https:\/\/chocolatsleana.com\/wp-content\/uploads\/2024\/11\/LES-CENTRES-DE-TABLE-8-300x199.jpg 300w\" sizes=\"(max-width: 545px) 100vw, 545px\" \/>\t\t\t\t\t\t\t\t<\/a><br \/>\n\t\t\t\t\t<a href=\"https:\/\/chocolatsleana.com\/index.php\/centres-de-table\/\"><br \/>\n\t\t\t\t\t\t\t\t\tVOIR PLUS<br \/>\n\t\t\t\t\t<\/a><br \/>\n\t\t\t\t\t\t\t\t\t\t\t\t\t\t\t\t<a href=\"https:\/\/chocolatsleana.com\/index.php\/produits-divers\/\"><br \/>\n\t\t\t\t\t\t\t<img decoding=\"async\" width=\"545\" height=\"361\" src=\"http:\/\/chocolatsleana.com\/wp-content\/uploads\/2024\/11\/LES-CENTRES-DE-TABLE-2-2.jpg\" alt=\"\" srcset=\"https:\/\/chocolatsleana.com\/wp-content\/uploads\/2024\/11\/LES-CENTRES-DE-TABLE-2-2.jpg 545w, https:\/\/chocolatsleana.com\/wp-content\/uploads\/2024\/11\/LES-CENTRES-DE-TABLE-2-2-300x199.jpg 300w\" sizes=\"(max-width: 545px) 100vw, 545px\" \/>\t\t\t\t\t\t\t\t<\/a><br \/>\n\t\t\t\t\t<a href=\"https:\/\/chocolatsleana.com\/index.php\/produits-divers\/\"><br \/>\n\t\t\t\t\t\t\t\t\tVOIR PLUS<br \/>\n\t\t\t\t\t<\/a><br \/>\n\t\t\t\t\t\t\t\t\t\t\t\t\t\t\t<img loading=\"lazy\" decoding=\"async\" width=\"545\" height=\"361\" src=\"http:\/\/chocolatsleana.com\/wp-content\/uploads\/2025\/03\/LES-CENTRES-DE-TABLE.jpeg\" alt=\"\" srcset=\"https:\/\/chocolatsleana.com\/wp-content\/uploads\/2025\/03\/LES-CENTRES-DE-TABLE.jpeg 545w, https:\/\/chocolatsleana.com\/wp-content\/uploads\/2025\/03\/LES-CENTRES-DE-TABLE-300x199.jpeg 300w\" sizes=\"(max-width: 545px) 100vw, 545px\" \/><br \/>\n\t\t\t\t\t<a href=\"https:\/\/chocolatsleana.com\/index.php\/les-sucons-paques\/\"><br \/>\n\t\t\t\t\t\t\t\t\tVOIR PLUS<br \/>\n\t\t\t\t\t<\/a><\/p>\n","protected":false},"excerpt":{"rendered":"<p>P\u00c2QUESC\u00e9l\u00e9brez P\u00e2ques avec nos chocolats sp\u00e9cialement con\u00e7us pour cette occasion ! Que ce soit pour offrir, pour partager en famille ou pour ajouter une touche gourmande \u00e0 vos moments de &#8230;<\/p>\n","protected":false},"author":2,"featured_media":0,"parent":0,"menu_order":0,"comment_status":"closed","ping_status":"closed","template":"elementor_header_footer","meta":{"footnotes":""},"class_list":["post-31468","page","type-page","status-publish","hentry"],"aioseo_notices":[],"yoast_head":"<!-- This site is optimized with the Yoast SEO plugin v27.4 - https:\/\/yoast.com\/product\/yoast-seo-wordpress\/ -->\n<title>P\u00c2QUES - Chocolats L\u00e9ana<\/title>\n<meta name=\"description\" content=\"P\u00e2ques chez Chocolats L\u00e9ana : d\u00e9couvrez nos cr\u00e9ations chocolat\u00e9es artisanales pour une f\u00eate gourmande. Livraison \u00e0 Montr\u00e9al et au Qu\u00e9bec\" \/>\n<meta name=\"robots\" content=\"index, follow, max-snippet:-1, max-image-preview:large, max-video-preview:-1\" \/>\n<link rel=\"canonical\" href=\"https:\/\/chocolatsleana.com\/index.php\/paques-2\/\" \/>\n<meta property=\"og:locale\" content=\"fr_FR\" \/>\n<meta property=\"og:type\" content=\"article\" \/>\n<meta property=\"og:title\" content=\"P\u00c2QUES - Chocolats L\u00e9ana\" \/>\n<meta property=\"og:description\" content=\"P\u00e2ques chez Chocolats L\u00e9ana : d\u00e9couvrez nos cr\u00e9ations chocolat\u00e9es artisanales pour une f\u00eate gourmande. Livraison \u00e0 Montr\u00e9al et au Qu\u00e9bec\" \/>\n<meta property=\"og:url\" content=\"https:\/\/chocolatsleana.com\/index.php\/paques-2\/\" \/>\n<meta property=\"og:site_name\" content=\"Chocolats L\u00e9ana\" \/>\n<meta property=\"article:modified_time\" content=\"2026-03-09T02:32:39+00:00\" \/>\n<meta property=\"og:image\" content=\"http:\/\/chocolatsleana.com\/wp-content\/uploads\/2024\/11\/LES-CENTRES-DE-TABLE-1-1.jpg\" \/>\n<meta name=\"twitter:card\" content=\"summary_large_image\" \/>\n<meta name=\"twitter:label1\" content=\"Dur\u00e9e de lecture estim\u00e9e\" \/>\n\t<meta name=\"twitter:data1\" content=\"2 minutes\" \/>\n<script type=\"application\/ld+json\" class=\"yoast-schema-graph\">{\"@context\":\"https:\\\/\\\/schema.org\",\"@graph\":[{\"@type\":\"WebPage\",\"@id\":\"https:\\\/\\\/chocolatsleana.com\\\/index.php\\\/paques-2\\\/\",\"url\":\"https:\\\/\\\/chocolatsleana.com\\\/index.php\\\/paques-2\\\/\",\"name\":\"P\u00c2QUES - Chocolats L\u00e9ana\",\"isPartOf\":{\"@id\":\"https:\\\/\\\/chocolatsleana.com\\\/#website\"},\"primaryImageOfPage\":{\"@id\":\"https:\\\/\\\/chocolatsleana.com\\\/index.php\\\/paques-2\\\/#primaryimage\"},\"image\":{\"@id\":\"https:\\\/\\\/chocolatsleana.com\\\/index.php\\\/paques-2\\\/#primaryimage\"},\"thumbnailUrl\":\"http:\\\/\\\/chocolatsleana.com\\\/wp-content\\\/uploads\\\/2024\\\/11\\\/LES-CENTRES-DE-TABLE-1-1.jpg\",\"datePublished\":\"2024-10-13T19:27:47+00:00\",\"dateModified\":\"2026-03-09T02:32:39+00:00\",\"description\":\"P\u00e2ques chez Chocolats L\u00e9ana : d\u00e9couvrez nos cr\u00e9ations chocolat\u00e9es artisanales pour une f\u00eate gourmande. Livraison \u00e0 Montr\u00e9al et au Qu\u00e9bec\",\"breadcrumb\":{\"@id\":\"https:\\\/\\\/chocolatsleana.com\\\/index.php\\\/paques-2\\\/#breadcrumb\"},\"inLanguage\":\"fr-FR\",\"potentialAction\":[{\"@type\":\"ReadAction\",\"target\":[\"https:\\\/\\\/chocolatsleana.com\\\/index.php\\\/paques-2\\\/\"]}]},{\"@type\":\"ImageObject\",\"inLanguage\":\"fr-FR\",\"@id\":\"https:\\\/\\\/chocolatsleana.com\\\/index.php\\\/paques-2\\\/#primaryimage\",\"url\":\"https:\\\/\\\/chocolatsleana.com\\\/wp-content\\\/uploads\\\/2024\\\/11\\\/LES-CENTRES-DE-TABLE-1-1.jpg\",\"contentUrl\":\"https:\\\/\\\/chocolatsleana.com\\\/wp-content\\\/uploads\\\/2024\\\/11\\\/LES-CENTRES-DE-TABLE-1-1.jpg\",\"width\":545,\"height\":361},{\"@type\":\"BreadcrumbList\",\"@id\":\"https:\\\/\\\/chocolatsleana.com\\\/index.php\\\/paques-2\\\/#breadcrumb\",\"itemListElement\":[{\"@type\":\"ListItem\",\"position\":1,\"name\":\"Accueil\",\"item\":\"http:\\\/\\\/chocolatsleana.com\\\/\"},{\"@type\":\"ListItem\",\"position\":2,\"name\":\"P\u00c2QUES\"}]},{\"@type\":\"WebSite\",\"@id\":\"https:\\\/\\\/chocolatsleana.com\\\/#website\",\"url\":\"https:\\\/\\\/chocolatsleana.com\\\/\",\"name\":\"Chocolats L\u00e9ana\",\"description\":\"Qualit\u00e9 et passion au service de vos papilles  -  (514)975-4985\",\"publisher\":{\"@id\":\"https:\\\/\\\/chocolatsleana.com\\\/#organization\"},\"potentialAction\":[{\"@type\":\"SearchAction\",\"target\":{\"@type\":\"EntryPoint\",\"urlTemplate\":\"https:\\\/\\\/chocolatsleana.com\\\/?s={search_term_string}\"},\"query-input\":{\"@type\":\"PropertyValueSpecification\",\"valueRequired\":true,\"valueName\":\"search_term_string\"}}],\"inLanguage\":\"fr-FR\"},{\"@type\":\"Organization\",\"@id\":\"https:\\\/\\\/chocolatsleana.com\\\/#organization\",\"name\":\"Chocolats L\u00e9ana\",\"url\":\"https:\\\/\\\/chocolatsleana.com\\\/\",\"logo\":{\"@type\":\"ImageObject\",\"inLanguage\":\"fr-FR\",\"@id\":\"https:\\\/\\\/chocolatsleana.com\\\/#\\\/schema\\\/logo\\\/image\\\/\",\"url\":\"https:\\\/\\\/chocolatsleana.com\\\/wp-content\\\/uploads\\\/2024\\\/10\\\/LOGO.jpg\",\"contentUrl\":\"https:\\\/\\\/chocolatsleana.com\\\/wp-content\\\/uploads\\\/2024\\\/10\\\/LOGO.jpg\",\"width\":1181,\"height\":1181,\"caption\":\"Chocolats L\u00e9ana\"},\"image\":{\"@id\":\"https:\\\/\\\/chocolatsleana.com\\\/#\\\/schema\\\/logo\\\/image\\\/\"}}]}<\/script>\n<!-- \/ Yoast SEO plugin. -->","yoast_head_json":{"title":"P\u00c2QUES - Chocolats L\u00e9ana","description":"P\u00e2ques chez Chocolats L\u00e9ana : d\u00e9couvrez nos cr\u00e9ations chocolat\u00e9es artisanales pour une f\u00eate gourmande. Livraison \u00e0 Montr\u00e9al et au Qu\u00e9bec","robots":{"index":"index","follow":"follow","max-snippet":"max-snippet:-1","max-image-preview":"max-image-preview:large","max-video-preview":"max-video-preview:-1"},"canonical":"https:\/\/chocolatsleana.com\/index.php\/paques-2\/","og_locale":"fr_FR","og_type":"article","og_title":"P\u00c2QUES - Chocolats L\u00e9ana","og_description":"P\u00e2ques chez Chocolats L\u00e9ana : d\u00e9couvrez nos cr\u00e9ations chocolat\u00e9es artisanales pour une f\u00eate gourmande. Livraison \u00e0 Montr\u00e9al et au Qu\u00e9bec","og_url":"https:\/\/chocolatsleana.com\/index.php\/paques-2\/","og_site_name":"Chocolats L\u00e9ana","article_modified_time":"2026-03-09T02:32:39+00:00","og_image":[{"url":"http:\/\/chocolatsleana.com\/wp-content\/uploads\/2024\/11\/LES-CENTRES-DE-TABLE-1-1.jpg","type":"","width":"","height":""}],"twitter_card":"summary_large_image","twitter_misc":{"Dur\u00e9e de lecture estim\u00e9e":"2 minutes"},"schema":{"@context":"https:\/\/schema.org","@graph":[{"@type":"WebPage","@id":"https:\/\/chocolatsleana.com\/index.php\/paques-2\/","url":"https:\/\/chocolatsleana.com\/index.php\/paques-2\/","name":"P\u00c2QUES - Chocolats L\u00e9ana","isPartOf":{"@id":"https:\/\/chocolatsleana.com\/#website"},"primaryImageOfPage":{"@id":"https:\/\/chocolatsleana.com\/index.php\/paques-2\/#primaryimage"},"image":{"@id":"https:\/\/chocolatsleana.com\/index.php\/paques-2\/#primaryimage"},"thumbnailUrl":"http:\/\/chocolatsleana.com\/wp-content\/uploads\/2024\/11\/LES-CENTRES-DE-TABLE-1-1.jpg","datePublished":"2024-10-13T19:27:47+00:00","dateModified":"2026-03-09T02:32:39+00:00","description":"P\u00e2ques chez Chocolats L\u00e9ana : d\u00e9couvrez nos cr\u00e9ations chocolat\u00e9es artisanales pour une f\u00eate gourmande. Livraison \u00e0 Montr\u00e9al et au Qu\u00e9bec","breadcrumb":{"@id":"https:\/\/chocolatsleana.com\/index.php\/paques-2\/#breadcrumb"},"inLanguage":"fr-FR","potentialAction":[{"@type":"ReadAction","target":["https:\/\/chocolatsleana.com\/index.php\/paques-2\/"]}]},{"@type":"ImageObject","inLanguage":"fr-FR","@id":"https:\/\/chocolatsleana.com\/index.php\/paques-2\/#primaryimage","url":"https:\/\/chocolatsleana.com\/wp-content\/uploads\/2024\/11\/LES-CENTRES-DE-TABLE-1-1.jpg","contentUrl":"https:\/\/chocolatsleana.com\/wp-content\/uploads\/2024\/11\/LES-CENTRES-DE-TABLE-1-1.jpg","width":545,"height":361},{"@type":"BreadcrumbList","@id":"https:\/\/chocolatsleana.com\/index.php\/paques-2\/#breadcrumb","itemListElement":[{"@type":"ListItem","position":1,"name":"Accueil","item":"http:\/\/chocolatsleana.com\/"},{"@type":"ListItem","position":2,"name":"P\u00c2QUES"}]},{"@type":"WebSite","@id":"https:\/\/chocolatsleana.com\/#website","url":"https:\/\/chocolatsleana.com\/","name":"Chocolats L\u00e9ana","description":"Qualit\u00e9 et passion au service de vos papilles  -  (514)975-4985","publisher":{"@id":"https:\/\/chocolatsleana.com\/#organization"},"potentialAction":[{"@type":"SearchAction","target":{"@type":"EntryPoint","urlTemplate":"https:\/\/chocolatsleana.com\/?s={search_term_string}"},"query-input":{"@type":"PropertyValueSpecification","valueRequired":true,"valueName":"search_term_string"}}],"inLanguage":"fr-FR"},{"@type":"Organization","@id":"https:\/\/chocolatsleana.com\/#organization","name":"Chocolats L\u00e9ana","url":"https:\/\/chocolatsleana.com\/","logo":{"@type":"ImageObject","inLanguage":"fr-FR","@id":"https:\/\/chocolatsleana.com\/#\/schema\/logo\/image\/","url":"https:\/\/chocolatsleana.com\/wp-content\/uploads\/2024\/10\/LOGO.jpg","contentUrl":"https:\/\/chocolatsleana.com\/wp-content\/uploads\/2024\/10\/LOGO.jpg","width":1181,"height":1181,"caption":"Chocolats L\u00e9ana"},"image":{"@id":"https:\/\/chocolatsleana.com\/#\/schema\/logo\/image\/"}}]}},"_links":{"self":[{"href":"https:\/\/chocolatsleana.com\/index.php\/wp-json\/wp\/v2\/pages\/31468","targetHints":{"allow":["GET"]}}],"collection":[{"href":"https:\/\/chocolatsleana.com\/index.php\/wp-json\/wp\/v2\/pages"}],"about":[{"href":"https:\/\/chocolatsleana.com\/index.php\/wp-json\/wp\/v2\/types\/page"}],"author":[{"embeddable":true,"href":"https:\/\/chocolatsleana.com\/index.php\/wp-json\/wp\/v2\/users\/2"}],"replies":[{"embeddable":true,"href":"https:\/\/chocolatsleana.com\/index.php\/wp-json\/wp\/v2\/comments?post=31468"}],"version-history":[{"count":34,"href":"https:\/\/chocolatsleana.com\/index.php\/wp-json\/wp\/v2\/pages\/31468\/revisions"}],"predecessor-version":[{"id":35045,"href":"https:\/\/chocolatsleana.com\/index.php\/wp-json\/wp\/v2\/pages\/31468\/revisions\/35045"}],"wp:attachment":[{"href":"https:\/\/chocolatsleana.com\/index.php\/wp-json\/wp\/v2\/media?parent=31468"}],"curies":[{"name":"wp","href":"https:\/\/api.w.org\/{rel}","templated":true}]}}