{"id":31458,"date":"2024-10-13T15:21:02","date_gmt":"2024-10-13T19:21:02","guid":{"rendered":"http:\/\/chocolatsleana.com\/?page_id=31458"},"modified":"2025-10-25T14:46:55","modified_gmt":"2025-10-25T18:46:55","slug":"produits-du-mois","status":"publish","type":"page","link":"https:\/\/chocolatsleana.com\/index.php\/produits-du-mois\/","title":{"rendered":"PRODUITS DIVERS"},"content":{"rendered":"\t\t<div data-elementor-type=\"wp-page\" data-elementor-id=\"31458\" class=\"elementor elementor-31458\" data-elementor-post-type=\"page\">\n\t\t\t\t<div class=\"elementor-element elementor-element-521042b e-flex e-con-boxed e-con e-parent\" data-id=\"521042b\" data-element_type=\"container\" data-e-type=\"container\">\n\t\t\t\t\t<div class=\"e-con-inner\">\n\t\t\t\t<div class=\"elementor-element elementor-element-69f1eac elementor--h-position-center elementor--v-position-middle elementor-arrows-position-inside elementor-pagination-position-inside elementor-widget elementor-widget-slides\" data-id=\"69f1eac\" data-element_type=\"widget\" data-e-type=\"widget\" data-settings=\"{&quot;navigation&quot;:&quot;both&quot;,&quot;autoplay&quot;:&quot;yes&quot;,&quot;pause_on_hover&quot;:&quot;yes&quot;,&quot;pause_on_interaction&quot;:&quot;yes&quot;,&quot;autoplay_speed&quot;:5000,&quot;infinite&quot;:&quot;yes&quot;,&quot;transition&quot;:&quot;slide&quot;,&quot;transition_speed&quot;:500}\" data-widget_type=\"slides.default\">\n\t\t\t\t<div class=\"elementor-widget-container\">\n\t\t\t\t\t\t\t\t\t<div class=\"elementor-swiper\">\n\t\t\t\t\t<div class=\"elementor-slides-wrapper elementor-main-swiper swiper\" role=\"region\" aria-roledescription=\"carousel\" aria-label=\"Diapositives\" dir=\"ltr\" data-animation=\"fadeInUp\">\n\t\t\t\t<div class=\"swiper-wrapper elementor-slides\">\n\t\t\t\t\t\t\t\t\t\t<div class=\"elementor-repeater-item-0051fe4 swiper-slide\" role=\"group\" aria-roledescription=\"slide\"><div class=\"swiper-slide-bg elementor-ken-burns elementor-ken-burns--in\" role=\"img\" aria-label=\"ALENDR (11)\"><\/div><div class=\"elementor-background-overlay\"><\/div><div class=\"swiper-slide-inner\" ><div class=\"swiper-slide-contents\"><div class=\"elementor-slide-heading\">NOS PRODUITS DIVERS<\/div><div class=\"elementor-slide-description\">Ne manquez pas nos produits divers, des cr\u00e9ations uniques qui mettent en avant le meilleur de notre savoir-faire !<\/div><\/div><\/div><\/div>\t\t\t\t<\/div>\n\t\t\t\t\t\t\t<\/div>\n\t\t\t\t<\/div>\n\t\t\t\t\t\t\t\t<\/div>\n\t\t\t\t<\/div>\n\t\t\t\t\t<\/div>\n\t\t\t\t<\/div>\n\t\t<div class=\"elementor-element elementor-element-08397bd e-flex e-con-boxed e-con e-parent\" data-id=\"08397bd\" data-element_type=\"container\" data-e-type=\"container\">\n\t\t\t\t\t<div class=\"e-con-inner\">\n\t\t\t\t<div class=\"elementor-element elementor-element-e90a4bd elementor-widget elementor-widget-heading\" data-id=\"e90a4bd\" data-element_type=\"widget\" data-e-type=\"widget\" data-widget_type=\"heading.default\">\n\t\t\t\t<div class=\"elementor-widget-container\">\n\t\t\t\t\t<h2 class=\"elementor-heading-title elementor-size-default\">P\u00e2ques<\/h2>\t\t\t\t<\/div>\n\t\t\t\t<\/div>\n\t\t\t\t\t<\/div>\n\t\t\t\t<\/div>\n\t\t<div class=\"elementor-element elementor-element-3d795f4 e-flex e-con-boxed e-con e-parent\" data-id=\"3d795f4\" data-element_type=\"container\" data-e-type=\"container\">\n\t\t\t\t\t<div class=\"e-con-inner\">\n\t\t<div class=\"elementor-element elementor-element-c07974b e-con-full e-flex e-con e-child\" data-id=\"c07974b\" data-element_type=\"container\" data-e-type=\"container\">\n\t\t\t\t<div class=\"elementor-element elementor-element-577dc0a elementor-widget__width-auto e-transform elementor-widget elementor-widget-gallery\" data-id=\"577dc0a\" data-element_type=\"widget\" data-e-type=\"widget\" data-settings=\"{&quot;gallery_layout&quot;:&quot;justified&quot;,&quot;ideal_row_height&quot;:{&quot;unit&quot;:&quot;px&quot;,&quot;size&quot;:362,&quot;sizes&quot;:[]},&quot;gap&quot;:{&quot;unit&quot;:&quot;px&quot;,&quot;size&quot;:0,&quot;sizes&quot;:[]},&quot;overlay_title&quot;:&quot;title&quot;,&quot;overlay_description&quot;:&quot;caption&quot;,&quot;image_hover_animation&quot;:&quot;grow&quot;,&quot;_transform_translateX_effect&quot;:{&quot;unit&quot;:&quot;px&quot;,&quot;size&quot;:24,&quot;sizes&quot;:[]},&quot;_transform_translateY_effect&quot;:{&quot;unit&quot;:&quot;px&quot;,&quot;size&quot;:24,&quot;sizes&quot;:[]},&quot;ideal_row_height_tablet&quot;:{&quot;unit&quot;:&quot;px&quot;,&quot;size&quot;:406,&quot;sizes&quot;:[]},&quot;ideal_row_height_mobile&quot;:{&quot;unit&quot;:&quot;px&quot;,&quot;size&quot;:500,&quot;sizes&quot;:[]},&quot;gap_tablet&quot;:{&quot;unit&quot;:&quot;px&quot;,&quot;size&quot;:10,&quot;sizes&quot;:[]},&quot;gap_mobile&quot;:{&quot;unit&quot;:&quot;px&quot;,&quot;size&quot;:10,&quot;sizes&quot;:[]},&quot;_transform_translateX_effect_tablet&quot;:{&quot;unit&quot;:&quot;px&quot;,&quot;size&quot;:&quot;&quot;,&quot;sizes&quot;:[]},&quot;_transform_translateX_effect_mobile&quot;:{&quot;unit&quot;:&quot;px&quot;,&quot;size&quot;:&quot;&quot;,&quot;sizes&quot;:[]},&quot;_transform_translateY_effect_tablet&quot;:{&quot;unit&quot;:&quot;px&quot;,&quot;size&quot;:&quot;&quot;,&quot;sizes&quot;:[]},&quot;_transform_translateY_effect_mobile&quot;:{&quot;unit&quot;:&quot;px&quot;,&quot;size&quot;:&quot;&quot;,&quot;sizes&quot;:[]}}\" data-widget_type=\"gallery.default\">\n\t\t\t\t<div class=\"elementor-widget-container\">\n\t\t\t\t\t\t\t<div class=\"elementor-gallery__container\">\n\t\t\t\t\t\t\t<div class=\"e-gallery-item elementor-gallery-item elementor-animated-content\" tabindex=\"0\">\n\t\t\t\t\t<div class=\"e-gallery-image elementor-gallery-item__image\" data-thumbnail=\"http:\/\/chocolatsleana.com\/wp-content\/uploads\/2024\/10\/Guimauves-enrobees-de-chocolat-250.jpg\" data-width=\"1080\" data-height=\"1080\" aria-label=\"\" role=\"img\" ><\/div>\n\t\t\t\t\t\t\t\t\t\t\t\t\t\t\t<div class=\"elementor-gallery-item__content\">\n\t\t\t\t\t\t\t\t\t\t\t\t\t\t<div class=\"elementor-gallery-item__title\">\n\t\t\t\t\t\t\t\t\t\t\t\t\t\t\t\t\t\tGuimauves enrobe\u0301es de chocolat\t\t\t\t\t\t\t\t<\/div>\n\t\t\t\t\t\t\t\t\t\t\t\t\t\t\t<div class=\"elementor-gallery-item__description\">\n\t\t\t\t\t\t\t\t\t\t\t\t\t\t\t\t\t\t4,25$\/unit\u00e9\t\t\t\t\t\t\t\t<\/div>\n\t\t\t\t\t\t\t\t\t\t\t\t<\/div>\n\t\t\t\t\t\t\t\t\t<\/div>\n\t\t\t\t\t\t\t<div class=\"e-gallery-item elementor-gallery-item elementor-animated-content\" tabindex=\"0\">\n\t\t\t\t\t<div class=\"e-gallery-image elementor-gallery-item__image\" data-thumbnail=\"http:\/\/chocolatsleana.com\/wp-content\/uploads\/2024\/11\/Design-sans-titre.png\" data-width=\"675\" data-height=\"675\" aria-label=\"\" role=\"img\" ><\/div>\n\t\t\t\t\t\t\t\t\t\t\t\t\t\t\t<div class=\"elementor-gallery-item__content\">\n\t\t\t\t\t\t\t\t\t\t\t\t\t\t<div class=\"elementor-gallery-item__title\">\n\t\t\t\t\t\t\t\t\t\t\t\t\t\t\t\t\t\tBoi\u0302te de 4 caramels pacanes\t\t\t\t\t\t\t\t<\/div>\n\t\t\t\t\t\t\t\t\t\t\t\t\t\t\t<div class=\"elementor-gallery-item__description\">\n\t\t\t\t\t\t\t\t\t\t\t\t\t\t\t\t\t\t(Lait \/ Noir ou MIxte\n(2 lait et 2 noir)\n9$\t\t\t\t\t\t\t\t<\/div>\n\t\t\t\t\t\t\t\t\t\t\t\t<\/div>\n\t\t\t\t\t\t\t\t\t<\/div>\n\t\t\t\t\t\t\t<div class=\"e-gallery-item elementor-gallery-item elementor-animated-content\" tabindex=\"0\">\n\t\t\t\t\t<div class=\"e-gallery-image elementor-gallery-item__image\" data-thumbnail=\"http:\/\/chocolatsleana.com\/wp-content\/uploads\/2024\/11\/Visuel-a-venir-17.jpg\" data-width=\"1080\" data-height=\"1080\" aria-label=\"\" role=\"img\" ><\/div>\n\t\t\t\t\t\t\t\t\t\t\t\t\t\t\t<div class=\"elementor-gallery-item__content\">\n\t\t\t\t\t\t\t\t\t\t\t\t\t\t<div class=\"elementor-gallery-item__title\">\n\t\t\t\t\t\t\t\t\t\t\t\t\t\t\t\t\t\tAiguillettes \u00e0 l'orange chocolat noir - 50g\t\t\t\t\t\t\t\t<\/div>\n\t\t\t\t\t\t\t\t\t\t\t\t\t\t\t<div class=\"elementor-gallery-item__description\">\n\t\t\t\t\t\t\t\t\t\t\t\t\t\t\t\t\t\t9,75$\t\t\t\t\t\t\t\t<\/div>\n\t\t\t\t\t\t\t\t\t\t\t\t<\/div>\n\t\t\t\t\t\t\t\t\t<\/div>\n\t\t\t\t\t\t\t<div class=\"e-gallery-item elementor-gallery-item elementor-animated-content\" tabindex=\"0\">\n\t\t\t\t\t<div class=\"e-gallery-image elementor-gallery-item__image\" data-thumbnail=\"http:\/\/chocolatsleana.com\/wp-content\/uploads\/2025\/03\/IMG_0509.jpeg\" data-width=\"1080\" data-height=\"1080\" aria-label=\"\" role=\"img\" ><\/div>\n\t\t\t\t\t\t\t\t\t\t\t\t\t\t\t<div class=\"elementor-gallery-item__content\">\n\t\t\t\t\t\t\t\t\t\t\t\t\t\t<div class=\"elementor-gallery-item__title\">\n\t\t\t\t\t\t\t\t\t\t\t\t\t\t\t\t\t\tLapin rice crispies 100g\t\t\t\t\t\t\t\t<\/div>\n\t\t\t\t\t\t\t\t\t\t\t\t\t\t\t<div class=\"elementor-gallery-item__description\">\n\t\t\t\t\t\t\t\t\t\t\t\t\t\t\t\t\t\t8,25$\t\t\t\t\t\t\t\t<\/div>\n\t\t\t\t\t\t\t\t\t\t\t\t<\/div>\n\t\t\t\t\t\t\t\t\t<\/div>\n\t\t\t\t\t<\/div>\n\t\t\t\t\t<\/div>\n\t\t\t\t<\/div>\n\t\t\t\t<\/div>\n\t\t\t\t\t<\/div>\n\t\t\t\t<\/div>\n\t\t<div class=\"elementor-element elementor-element-464f38f e-flex e-con-boxed e-con e-parent\" data-id=\"464f38f\" data-element_type=\"container\" data-e-type=\"container\">\n\t\t\t\t\t<div class=\"e-con-inner\">\n\t\t\t\t<div class=\"elementor-element elementor-element-9f22cc6 elementor-widget elementor-widget-spacer\" data-id=\"9f22cc6\" data-element_type=\"widget\" data-e-type=\"widget\" data-widget_type=\"spacer.default\">\n\t\t\t\t<div class=\"elementor-widget-container\">\n\t\t\t\t\t\t\t<div class=\"elementor-spacer\">\n\t\t\t<div class=\"elementor-spacer-inner\"><\/div>\n\t\t<\/div>\n\t\t\t\t\t\t<\/div>\n\t\t\t\t<\/div>\n\t\t\t\t\t<\/div>\n\t\t\t\t<\/div>\n\t\t<div class=\"elementor-element elementor-element-12a6dc3 e-flex e-con-boxed e-con e-parent\" data-id=\"12a6dc3\" data-element_type=\"container\" data-e-type=\"container\">\n\t\t\t\t\t<div class=\"e-con-inner\">\n\t\t\t\t<div class=\"elementor-element elementor-element-d6446d1 elementor-widget elementor-widget-heading\" data-id=\"d6446d1\" data-element_type=\"widget\" data-e-type=\"widget\" data-widget_type=\"heading.default\">\n\t\t\t\t<div class=\"elementor-widget-container\">\n\t\t\t\t\t<h2 class=\"elementor-heading-title elementor-size-default\">No\u00ebl<\/h2>\t\t\t\t<\/div>\n\t\t\t\t<\/div>\n\t\t\t\t\t<\/div>\n\t\t\t\t<\/div>\n\t\t<div class=\"elementor-element elementor-element-559706a e-flex e-con-boxed e-con e-parent\" data-id=\"559706a\" data-element_type=\"container\" data-e-type=\"container\">\n\t\t\t\t\t<div class=\"e-con-inner\">\n\t\t\t\t<div class=\"elementor-element elementor-element-f002668 elementor-widget elementor-widget-gallery\" data-id=\"f002668\" data-element_type=\"widget\" data-e-type=\"widget\" data-settings=\"{&quot;gallery_layout&quot;:&quot;justified&quot;,&quot;gap&quot;:{&quot;unit&quot;:&quot;px&quot;,&quot;size&quot;:30,&quot;sizes&quot;:[]},&quot;overlay_title&quot;:&quot;title&quot;,&quot;overlay_description&quot;:&quot;caption&quot;,&quot;ideal_row_height&quot;:{&quot;unit&quot;:&quot;px&quot;,&quot;size&quot;:353,&quot;sizes&quot;:[]},&quot;ideal_row_height_tablet&quot;:{&quot;unit&quot;:&quot;px&quot;,&quot;size&quot;:150,&quot;sizes&quot;:[]},&quot;ideal_row_height_mobile&quot;:{&quot;unit&quot;:&quot;px&quot;,&quot;size&quot;:150,&quot;sizes&quot;:[]},&quot;gap_tablet&quot;:{&quot;unit&quot;:&quot;px&quot;,&quot;size&quot;:10,&quot;sizes&quot;:[]},&quot;gap_mobile&quot;:{&quot;unit&quot;:&quot;px&quot;,&quot;size&quot;:10,&quot;sizes&quot;:[]}}\" data-widget_type=\"gallery.default\">\n\t\t\t\t<div class=\"elementor-widget-container\">\n\t\t\t\t\t\t\t<div class=\"elementor-gallery__container\">\n\t\t\t\t\t\t\t<div class=\"e-gallery-item elementor-gallery-item\" tabindex=\"0\">\n\t\t\t\t\t<div class=\"e-gallery-image elementor-gallery-item__image\" data-thumbnail=\"http:\/\/chocolatsleana.com\/wp-content\/uploads\/2024\/10\/5-1-300x300.jpg\" data-width=\"300\" data-height=\"300\" aria-label=\"\" role=\"img\" ><\/div>\n\t\t\t\t\t\t\t\t\t\t\t\t\t\t\t<div class=\"elementor-gallery-item__content\">\n\t\t\t\t\t\t\t\t\t\t\t\t\t\t<div class=\"elementor-gallery-item__title\">\n\t\t\t\t\t\t\t\t\t\t\t\t\t\t\t\t\t\tSapin rice crispies 80g\t\t\t\t\t\t\t\t<\/div>\n\t\t\t\t\t\t\t\t\t\t\t\t\t\t\t<div class=\"elementor-gallery-item__description\">\n\t\t\t\t\t\t\t\t\t\t\t\t\t\t\t\t\t\t9$\t\t\t\t\t\t\t\t<\/div>\n\t\t\t\t\t\t\t\t\t\t\t\t<\/div>\n\t\t\t\t\t\t\t\t\t<\/div>\n\t\t\t\t\t\t\t<div class=\"e-gallery-item elementor-gallery-item\" tabindex=\"0\">\n\t\t\t\t\t<div class=\"e-gallery-image elementor-gallery-item__image\" data-thumbnail=\"http:\/\/chocolatsleana.com\/wp-content\/uploads\/2024\/11\/Produits-9-300x300.jpg\" data-width=\"300\" data-height=\"300\" aria-label=\"\" role=\"img\" ><\/div>\n\t\t\t\t\t\t\t\t\t\t\t\t\t\t\t<div class=\"elementor-gallery-item__content\">\n\t\t\t\t\t\t\t\t\t\t\t\t\t\t<div class=\"elementor-gallery-item__title\">\n\t\t\t\t\t\t\t\t\t\t\t\t\t\t\t\t\t\tPe\u0300re Noe\u0308l au caramel 28g\t\t\t\t\t\t\t\t<\/div>\n\t\t\t\t\t\t\t\t\t\t\t\t\t\t\t<div class=\"elementor-gallery-item__description\">\n\t\t\t\t\t\t\t\t\t\t\t\t\t\t\t\t\t\t2,50$\t\t\t\t\t\t\t\t<\/div>\n\t\t\t\t\t\t\t\t\t\t\t\t<\/div>\n\t\t\t\t\t\t\t\t\t<\/div>\n\t\t\t\t\t\t\t<div class=\"e-gallery-item elementor-gallery-item\" tabindex=\"0\">\n\t\t\t\t\t<div class=\"e-gallery-image elementor-gallery-item__image\" data-thumbnail=\"http:\/\/chocolatsleana.com\/wp-content\/uploads\/2024\/10\/Bonhomme-pain-depices-en-chocolat-et-Biskoff-65g-350-300x300.jpg\" data-width=\"300\" data-height=\"300\" aria-label=\"\" role=\"img\" ><\/div>\n\t\t\t\t\t\t\t\t\t\t\t\t\t\t\t<div class=\"elementor-gallery-item__content\">\n\t\t\t\t\t\t\t\t\t\t\t\t\t\t<div class=\"elementor-gallery-item__title\">\n\t\t\t\t\t\t\t\t\t\t\t\t\t\t\t\t\t\tBonhomme chocolat\/Biskoff 65g\t\t\t\t\t\t\t\t<\/div>\n\t\t\t\t\t\t\t\t\t\t\t\t\t\t\t<div class=\"elementor-gallery-item__description\">\n\t\t\t\t\t\t\t\t\t\t\t\t\t\t\t\t\t\t6,50$\t\t\t\t\t\t\t\t<\/div>\n\t\t\t\t\t\t\t\t\t\t\t\t<\/div>\n\t\t\t\t\t\t\t\t\t<\/div>\n\t\t\t\t\t<\/div>\n\t\t\t\t\t<\/div>\n\t\t\t\t<\/div>\n\t\t\t\t\t<\/div>\n\t\t\t\t<\/div>\n\t\t\t\t<\/div>\n\t\t","protected":false},"excerpt":{"rendered":"<p>NOS PRODUITS DIVERSNe manquez pas nos produits divers, des cr\u00e9ations uniques qui mettent en avant le meilleur de notre savoir-faire !<br \/>\nP\u00e2ques<br \/>\n\t\t\t\t\t\t\t\t\t\t\t\t\t\t\t\t\t\tGuimauves enrobe\u0301es de chocolat<br \/>\n\t\t\t\t\t\t\t\t\t\t\t\t\t\t\t\t\t\t4,25$\/unit\u00e9<br \/>\n\t\t\t\t\t\t\t\t\t\t\t\t\t\t\t\t\t\tBoi\u0302te de 4 caramels pacanes<br \/>\n\t\t\t\t\t\t\t\t\t\t\t\t\t\t\t\t\t\t(Lait \/ Noir &#8230;<\/p>\n","protected":false},"author":2,"featured_media":0,"parent":0,"menu_order":0,"comment_status":"closed","ping_status":"closed","template":"elementor_header_footer","meta":{"footnotes":""},"class_list":["post-31458","page","type-page","status-publish","hentry"],"aioseo_notices":[],"yoast_head":"<!-- This site is optimized with the Yoast SEO plugin v27.4 - https:\/\/yoast.com\/product\/yoast-seo-wordpress\/ -->\n<title>PRODUITS DIVERS - Chocolats L\u00e9ana<\/title>\n<meta name=\"robots\" content=\"index, follow, max-snippet:-1, max-image-preview:large, max-video-preview:-1\" \/>\n<link rel=\"canonical\" href=\"https:\/\/chocolatsleana.com\/index.php\/produits-du-mois\/\" \/>\n<meta property=\"og:locale\" content=\"fr_FR\" \/>\n<meta property=\"og:type\" content=\"article\" \/>\n<meta property=\"og:title\" content=\"PRODUITS DIVERS - Chocolats L\u00e9ana\" \/>\n<meta property=\"og:description\" content=\"NOS PRODUITS DIVERSNe manquez pas nos produits divers, des cr\u00e9ations uniques qui mettent en avant le meilleur de notre savoir-faire !   P\u00e2ques          Guimauves enrobe\u0301es de chocolat          4,25$\/unit\u00e9          Boi\u0302te de 4 caramels pacanes          (Lait \/ Noir ...\" \/>\n<meta property=\"og:url\" content=\"https:\/\/chocolatsleana.com\/index.php\/produits-du-mois\/\" \/>\n<meta property=\"og:site_name\" content=\"Chocolats L\u00e9ana\" \/>\n<meta property=\"article:modified_time\" content=\"2025-10-25T18:46:55+00:00\" \/>\n<meta name=\"twitter:card\" content=\"summary_large_image\" \/>\n<meta name=\"twitter:label1\" content=\"Dur\u00e9e de lecture estim\u00e9e\" \/>\n\t<meta name=\"twitter:data1\" content=\"1 minute\" \/>\n<script type=\"application\/ld+json\" class=\"yoast-schema-graph\">{\"@context\":\"https:\\\/\\\/schema.org\",\"@graph\":[{\"@type\":\"WebPage\",\"@id\":\"https:\\\/\\\/chocolatsleana.com\\\/index.php\\\/produits-du-mois\\\/\",\"url\":\"https:\\\/\\\/chocolatsleana.com\\\/index.php\\\/produits-du-mois\\\/\",\"name\":\"PRODUITS DIVERS - Chocolats L\u00e9ana\",\"isPartOf\":{\"@id\":\"https:\\\/\\\/chocolatsleana.com\\\/#website\"},\"datePublished\":\"2024-10-13T19:21:02+00:00\",\"dateModified\":\"2025-10-25T18:46:55+00:00\",\"breadcrumb\":{\"@id\":\"https:\\\/\\\/chocolatsleana.com\\\/index.php\\\/produits-du-mois\\\/#breadcrumb\"},\"inLanguage\":\"fr-FR\",\"potentialAction\":[{\"@type\":\"ReadAction\",\"target\":[\"https:\\\/\\\/chocolatsleana.com\\\/index.php\\\/produits-du-mois\\\/\"]}]},{\"@type\":\"BreadcrumbList\",\"@id\":\"https:\\\/\\\/chocolatsleana.com\\\/index.php\\\/produits-du-mois\\\/#breadcrumb\",\"itemListElement\":[{\"@type\":\"ListItem\",\"position\":1,\"name\":\"Accueil\",\"item\":\"http:\\\/\\\/chocolatsleana.com\\\/\"},{\"@type\":\"ListItem\",\"position\":2,\"name\":\"PRODUITS DIVERS\"}]},{\"@type\":\"WebSite\",\"@id\":\"https:\\\/\\\/chocolatsleana.com\\\/#website\",\"url\":\"https:\\\/\\\/chocolatsleana.com\\\/\",\"name\":\"Chocolats L\u00e9ana\",\"description\":\"Qualit\u00e9 et passion au service de vos papilles  -  (514)975-4985\",\"publisher\":{\"@id\":\"https:\\\/\\\/chocolatsleana.com\\\/#organization\"},\"potentialAction\":[{\"@type\":\"SearchAction\",\"target\":{\"@type\":\"EntryPoint\",\"urlTemplate\":\"https:\\\/\\\/chocolatsleana.com\\\/?s={search_term_string}\"},\"query-input\":{\"@type\":\"PropertyValueSpecification\",\"valueRequired\":true,\"valueName\":\"search_term_string\"}}],\"inLanguage\":\"fr-FR\"},{\"@type\":\"Organization\",\"@id\":\"https:\\\/\\\/chocolatsleana.com\\\/#organization\",\"name\":\"Chocolats L\u00e9ana\",\"url\":\"https:\\\/\\\/chocolatsleana.com\\\/\",\"logo\":{\"@type\":\"ImageObject\",\"inLanguage\":\"fr-FR\",\"@id\":\"https:\\\/\\\/chocolatsleana.com\\\/#\\\/schema\\\/logo\\\/image\\\/\",\"url\":\"https:\\\/\\\/chocolatsleana.com\\\/wp-content\\\/uploads\\\/2024\\\/10\\\/LOGO.jpg\",\"contentUrl\":\"https:\\\/\\\/chocolatsleana.com\\\/wp-content\\\/uploads\\\/2024\\\/10\\\/LOGO.jpg\",\"width\":1181,\"height\":1181,\"caption\":\"Chocolats L\u00e9ana\"},\"image\":{\"@id\":\"https:\\\/\\\/chocolatsleana.com\\\/#\\\/schema\\\/logo\\\/image\\\/\"}}]}<\/script>\n<!-- \/ Yoast SEO plugin. -->","yoast_head_json":{"title":"PRODUITS DIVERS - Chocolats L\u00e9ana","robots":{"index":"index","follow":"follow","max-snippet":"max-snippet:-1","max-image-preview":"max-image-preview:large","max-video-preview":"max-video-preview:-1"},"canonical":"https:\/\/chocolatsleana.com\/index.php\/produits-du-mois\/","og_locale":"fr_FR","og_type":"article","og_title":"PRODUITS DIVERS - Chocolats L\u00e9ana","og_description":"NOS PRODUITS DIVERSNe manquez pas nos produits divers, des cr\u00e9ations uniques qui mettent en avant le meilleur de notre savoir-faire !   P\u00e2ques          Guimauves enrobe\u0301es de chocolat          4,25$\/unit\u00e9          Boi\u0302te de 4 caramels pacanes          (Lait \/ Noir ...","og_url":"https:\/\/chocolatsleana.com\/index.php\/produits-du-mois\/","og_site_name":"Chocolats L\u00e9ana","article_modified_time":"2025-10-25T18:46:55+00:00","twitter_card":"summary_large_image","twitter_misc":{"Dur\u00e9e de lecture estim\u00e9e":"1 minute"},"schema":{"@context":"https:\/\/schema.org","@graph":[{"@type":"WebPage","@id":"https:\/\/chocolatsleana.com\/index.php\/produits-du-mois\/","url":"https:\/\/chocolatsleana.com\/index.php\/produits-du-mois\/","name":"PRODUITS DIVERS - Chocolats L\u00e9ana","isPartOf":{"@id":"https:\/\/chocolatsleana.com\/#website"},"datePublished":"2024-10-13T19:21:02+00:00","dateModified":"2025-10-25T18:46:55+00:00","breadcrumb":{"@id":"https:\/\/chocolatsleana.com\/index.php\/produits-du-mois\/#breadcrumb"},"inLanguage":"fr-FR","potentialAction":[{"@type":"ReadAction","target":["https:\/\/chocolatsleana.com\/index.php\/produits-du-mois\/"]}]},{"@type":"BreadcrumbList","@id":"https:\/\/chocolatsleana.com\/index.php\/produits-du-mois\/#breadcrumb","itemListElement":[{"@type":"ListItem","position":1,"name":"Accueil","item":"http:\/\/chocolatsleana.com\/"},{"@type":"ListItem","position":2,"name":"PRODUITS DIVERS"}]},{"@type":"WebSite","@id":"https:\/\/chocolatsleana.com\/#website","url":"https:\/\/chocolatsleana.com\/","name":"Chocolats L\u00e9ana","description":"Qualit\u00e9 et passion au service de vos papilles  -  (514)975-4985","publisher":{"@id":"https:\/\/chocolatsleana.com\/#organization"},"potentialAction":[{"@type":"SearchAction","target":{"@type":"EntryPoint","urlTemplate":"https:\/\/chocolatsleana.com\/?s={search_term_string}"},"query-input":{"@type":"PropertyValueSpecification","valueRequired":true,"valueName":"search_term_string"}}],"inLanguage":"fr-FR"},{"@type":"Organization","@id":"https:\/\/chocolatsleana.com\/#organization","name":"Chocolats L\u00e9ana","url":"https:\/\/chocolatsleana.com\/","logo":{"@type":"ImageObject","inLanguage":"fr-FR","@id":"https:\/\/chocolatsleana.com\/#\/schema\/logo\/image\/","url":"https:\/\/chocolatsleana.com\/wp-content\/uploads\/2024\/10\/LOGO.jpg","contentUrl":"https:\/\/chocolatsleana.com\/wp-content\/uploads\/2024\/10\/LOGO.jpg","width":1181,"height":1181,"caption":"Chocolats L\u00e9ana"},"image":{"@id":"https:\/\/chocolatsleana.com\/#\/schema\/logo\/image\/"}}]}},"_links":{"self":[{"href":"https:\/\/chocolatsleana.com\/index.php\/wp-json\/wp\/v2\/pages\/31458","targetHints":{"allow":["GET"]}}],"collection":[{"href":"https:\/\/chocolatsleana.com\/index.php\/wp-json\/wp\/v2\/pages"}],"about":[{"href":"https:\/\/chocolatsleana.com\/index.php\/wp-json\/wp\/v2\/types\/page"}],"author":[{"embeddable":true,"href":"https:\/\/chocolatsleana.com\/index.php\/wp-json\/wp\/v2\/users\/2"}],"replies":[{"embeddable":true,"href":"https:\/\/chocolatsleana.com\/index.php\/wp-json\/wp\/v2\/comments?post=31458"}],"version-history":[{"count":65,"href":"https:\/\/chocolatsleana.com\/index.php\/wp-json\/wp\/v2\/pages\/31458\/revisions"}],"predecessor-version":[{"id":34897,"href":"https:\/\/chocolatsleana.com\/index.php\/wp-json\/wp\/v2\/pages\/31458\/revisions\/34897"}],"wp:attachment":[{"href":"https:\/\/chocolatsleana.com\/index.php\/wp-json\/wp\/v2\/media?parent=31458"}],"curies":[{"name":"wp","href":"https:\/\/api.w.org\/{rel}","templated":true}]}}