{"id":31454,"date":"2024-10-13T15:18:06","date_gmt":"2024-10-13T19:18:06","guid":{"rendered":"http:\/\/chocolatsleana.com\/?page_id=31454"},"modified":"2025-10-25T10:38:44","modified_gmt":"2025-10-25T14:38:44","slug":"chocolat-chaud-2","status":"publish","type":"page","link":"https:\/\/chocolatsleana.com\/index.php\/chocolat-chaud-2\/","title":{"rendered":"CHOCOLAT CHAUD"},"content":{"rendered":"\t\t<div data-elementor-type=\"wp-page\" data-elementor-id=\"31454\" class=\"elementor elementor-31454\" data-elementor-post-type=\"page\">\n\t\t\t\t<div class=\"elementor-element elementor-element-d3063f4 e-flex e-con-boxed e-con e-parent\" data-id=\"d3063f4\" data-element_type=\"container\" data-e-type=\"container\">\n\t\t\t\t\t<div class=\"e-con-inner\">\n\t\t\t\t<div class=\"elementor-element elementor-element-011c4b5 elementor--h-position-center elementor--v-position-middle elementor-arrows-position-inside elementor-pagination-position-inside elementor-widget elementor-widget-slides\" data-id=\"011c4b5\" data-element_type=\"widget\" data-e-type=\"widget\" data-settings=\"{&quot;navigation&quot;:&quot;both&quot;,&quot;autoplay&quot;:&quot;yes&quot;,&quot;pause_on_hover&quot;:&quot;yes&quot;,&quot;pause_on_interaction&quot;:&quot;yes&quot;,&quot;autoplay_speed&quot;:5000,&quot;infinite&quot;:&quot;yes&quot;,&quot;transition&quot;:&quot;slide&quot;,&quot;transition_speed&quot;:500}\" data-widget_type=\"slides.default\">\n\t\t\t\t<div class=\"elementor-widget-container\">\n\t\t\t\t\t\t\t\t\t<div class=\"elementor-swiper\">\n\t\t\t\t\t<div class=\"elementor-slides-wrapper elementor-main-swiper swiper\" role=\"region\" aria-roledescription=\"carousel\" aria-label=\"Diapositives\" dir=\"ltr\" data-animation=\"fadeInUp\">\n\t\t\t\t<div class=\"swiper-wrapper elementor-slides\">\n\t\t\t\t\t\t\t\t\t\t<div class=\"elementor-repeater-item-0051fe4 swiper-slide\" role=\"group\" aria-roledescription=\"slide\"><div class=\"swiper-slide-bg elementor-ken-burns elementor-ken-burns--in\" role=\"img\" aria-label=\"Couverture (1)\"><\/div><div class=\"elementor-background-overlay\"><\/div><div class=\"swiper-slide-inner\" ><div class=\"swiper-slide-contents\"><div class=\"elementor-slide-heading\">NOS CHOCOLATS CHAUDS<\/div><div class=\"elementor-slide-description\">Plongez dans le d\u00e9lice de nos boules de chocolat chaud, une gourmandise fondante \u00e0 savourer \u00e0 chaque bouch\u00e9e. Chaque boule est un concentr\u00e9 de saveurs, id\u00e9ale pour un moment de plaisir chocolat\u00e9 \u00e0 tout moment de la journ\u00e9e !<\/div><\/div><\/div><\/div>\t\t\t\t<\/div>\n\t\t\t\t\t\t\t<\/div>\n\t\t\t\t<\/div>\n\t\t\t\t\t\t\t\t<\/div>\n\t\t\t\t<\/div>\n\t\t\t\t<div class=\"elementor-element elementor-element-ab46390 elementor-widget elementor-widget-heading\" data-id=\"ab46390\" data-element_type=\"widget\" data-e-type=\"widget\" data-widget_type=\"heading.default\">\n\t\t\t\t<div class=\"elementor-widget-container\">\n\t\t\t\t\t<h2 class=\"elementor-heading-title elementor-size-default\">TOUT NOS CHOCOLATS CHAUD SONT VENDUS\n<br> PAR PAQUET DE 2<\/h2>\t\t\t\t<\/div>\n\t\t\t\t<\/div>\n\t\t\t\t\t<\/div>\n\t\t\t\t<\/div>\n\t\t<div class=\"elementor-element elementor-element-6efb967 e-flex e-con-boxed e-con e-parent\" data-id=\"6efb967\" data-element_type=\"container\" data-e-type=\"container\">\n\t\t\t\t\t<div class=\"e-con-inner\">\n\t\t<div class=\"elementor-element elementor-element-7c4dd4a e-con-full e-flex e-con e-child\" data-id=\"7c4dd4a\" data-element_type=\"container\" data-e-type=\"container\">\n\t\t\t\t<div class=\"elementor-element elementor-element-74cb869 elementor-widget__width-auto e-transform elementor-widget elementor-widget-gallery\" data-id=\"74cb869\" data-element_type=\"widget\" data-e-type=\"widget\" data-settings=\"{&quot;gallery_layout&quot;:&quot;justified&quot;,&quot;ideal_row_height&quot;:{&quot;unit&quot;:&quot;px&quot;,&quot;size&quot;:379,&quot;sizes&quot;:[]},&quot;gap&quot;:{&quot;unit&quot;:&quot;px&quot;,&quot;size&quot;:56,&quot;sizes&quot;:[]},&quot;overlay_title&quot;:&quot;title&quot;,&quot;overlay_description&quot;:&quot;caption&quot;,&quot;image_hover_animation&quot;:&quot;grow&quot;,&quot;_transform_translateX_effect&quot;:{&quot;unit&quot;:&quot;px&quot;,&quot;size&quot;:24,&quot;sizes&quot;:[]},&quot;_transform_translateY_effect&quot;:{&quot;unit&quot;:&quot;px&quot;,&quot;size&quot;:24,&quot;sizes&quot;:[]},&quot;ideal_row_height_tablet&quot;:{&quot;unit&quot;:&quot;px&quot;,&quot;size&quot;:329,&quot;sizes&quot;:[]},&quot;ideal_row_height_mobile&quot;:{&quot;unit&quot;:&quot;px&quot;,&quot;size&quot;:329,&quot;sizes&quot;:[]},&quot;gap_tablet&quot;:{&quot;unit&quot;:&quot;px&quot;,&quot;size&quot;:10,&quot;sizes&quot;:[]},&quot;gap_mobile&quot;:{&quot;unit&quot;:&quot;px&quot;,&quot;size&quot;:10,&quot;sizes&quot;:[]},&quot;link_to&quot;:&quot;file&quot;,&quot;_transform_translateX_effect_tablet&quot;:{&quot;unit&quot;:&quot;px&quot;,&quot;size&quot;:&quot;&quot;,&quot;sizes&quot;:[]},&quot;_transform_translateX_effect_mobile&quot;:{&quot;unit&quot;:&quot;px&quot;,&quot;size&quot;:&quot;&quot;,&quot;sizes&quot;:[]},&quot;_transform_translateY_effect_tablet&quot;:{&quot;unit&quot;:&quot;px&quot;,&quot;size&quot;:&quot;&quot;,&quot;sizes&quot;:[]},&quot;_transform_translateY_effect_mobile&quot;:{&quot;unit&quot;:&quot;px&quot;,&quot;size&quot;:&quot;&quot;,&quot;sizes&quot;:[]}}\" data-widget_type=\"gallery.default\">\n\t\t\t\t<div class=\"elementor-widget-container\">\n\t\t\t\t\t\t\t<div class=\"elementor-gallery__container\">\n\t\t\t\t\t\t\t<a class=\"e-gallery-item elementor-gallery-item elementor-animated-content\" href=\"https:\/\/chocolatsleana.com\/wp-content\/uploads\/2024\/10\/1.jpg\" data-elementor-open-lightbox=\"yes\" data-elementor-lightbox-slideshow=\"74cb869\" data-elementor-lightbox-title=\"Chocolat au lait\" data-e-action-hash=\"#elementor-action%3Aaction%3Dlightbox%26settings%3DeyJpZCI6MzE4NTMsInVybCI6Imh0dHBzOlwvXC9jaG9jb2xhdHNsZWFuYS5jb21cL3dwLWNvbnRlbnRcL3VwbG9hZHNcLzIwMjRcLzEwXC8xLmpwZyIsInNsaWRlc2hvdyI6Ijc0Y2I4NjkifQ%3D%3D\">\n\t\t\t\t\t<div class=\"e-gallery-image elementor-gallery-item__image\" data-thumbnail=\"https:\/\/chocolatsleana.com\/wp-content\/uploads\/2024\/10\/1.jpg\" data-width=\"1080\" data-height=\"1080\" aria-label=\"\" role=\"img\" ><\/div>\n\t\t\t\t\t\t\t\t\t\t\t\t\t\t\t<div class=\"elementor-gallery-item__content\">\n\t\t\t\t\t\t\t\t\t\t\t\t\t\t<div class=\"elementor-gallery-item__title\">\n\t\t\t\t\t\t\t\t\t\t\t\t\t\t\t\t\t\tChocolat au lait\t\t\t\t\t\t\t\t<\/div>\n\t\t\t\t\t\t\t\t\t\t\t\t\t\t\t<div class=\"elementor-gallery-item__description\">\n\t\t\t\t\t\t\t\t\t\t\t\t\t\t\t\t\t\t9,50$ \t\t\t\t\t\t\t\t<\/div>\n\t\t\t\t\t\t\t\t\t\t\t\t<\/div>\n\t\t\t\t\t\t\t\t\t<\/a>\n\t\t\t\t\t\t\t<a class=\"e-gallery-item elementor-gallery-item elementor-animated-content\" href=\"https:\/\/chocolatsleana.com\/wp-content\/uploads\/2024\/10\/3.jpg\" data-elementor-open-lightbox=\"yes\" data-elementor-lightbox-slideshow=\"74cb869\" data-elementor-lightbox-title=\"Chocolat au lait avec guimauves\" data-e-action-hash=\"#elementor-action%3Aaction%3Dlightbox%26settings%3DeyJpZCI6MzE4NTUsInVybCI6Imh0dHBzOlwvXC9jaG9jb2xhdHNsZWFuYS5jb21cL3dwLWNvbnRlbnRcL3VwbG9hZHNcLzIwMjRcLzEwXC8zLmpwZyIsInNsaWRlc2hvdyI6Ijc0Y2I4NjkifQ%3D%3D\">\n\t\t\t\t\t<div class=\"e-gallery-image elementor-gallery-item__image\" data-thumbnail=\"https:\/\/chocolatsleana.com\/wp-content\/uploads\/2024\/10\/3.jpg\" data-width=\"1080\" data-height=\"1080\" aria-label=\"\" role=\"img\" ><\/div>\n\t\t\t\t\t\t\t\t\t\t\t\t\t\t\t<div class=\"elementor-gallery-item__content\">\n\t\t\t\t\t\t\t\t\t\t\t\t\t\t<div class=\"elementor-gallery-item__title\">\n\t\t\t\t\t\t\t\t\t\t\t\t\t\t\t\t\t\tChocolat au lait avec guimauves\t\t\t\t\t\t\t\t<\/div>\n\t\t\t\t\t\t\t\t\t\t\t\t\t\t\t<div class=\"elementor-gallery-item__description\">\n\t\t\t\t\t\t\t\t\t\t\t\t\t\t\t\t\t\t9,50$\t\t\t\t\t\t\t\t<\/div>\n\t\t\t\t\t\t\t\t\t\t\t\t<\/div>\n\t\t\t\t\t\t\t\t\t<\/a>\n\t\t\t\t\t\t\t<a class=\"e-gallery-item elementor-gallery-item elementor-animated-content\" href=\"https:\/\/chocolatsleana.com\/wp-content\/uploads\/2024\/10\/4.jpg\" data-elementor-open-lightbox=\"yes\" data-elementor-lightbox-slideshow=\"74cb869\" data-elementor-lightbox-title=\"Chocolat au lait avec flocons d&#039;\u00e9rable\" data-e-action-hash=\"#elementor-action%3Aaction%3Dlightbox%26settings%3DeyJpZCI6MzE4NTYsInVybCI6Imh0dHBzOlwvXC9jaG9jb2xhdHNsZWFuYS5jb21cL3dwLWNvbnRlbnRcL3VwbG9hZHNcLzIwMjRcLzEwXC80LmpwZyIsInNsaWRlc2hvdyI6Ijc0Y2I4NjkifQ%3D%3D\">\n\t\t\t\t\t<div class=\"e-gallery-image elementor-gallery-item__image\" data-thumbnail=\"https:\/\/chocolatsleana.com\/wp-content\/uploads\/2024\/10\/4.jpg\" data-width=\"1080\" data-height=\"1080\" aria-label=\"\" role=\"img\" ><\/div>\n\t\t\t\t\t\t\t\t\t\t\t\t\t\t\t<div class=\"elementor-gallery-item__content\">\n\t\t\t\t\t\t\t\t\t\t\t\t\t\t<div class=\"elementor-gallery-item__title\">\n\t\t\t\t\t\t\t\t\t\t\t\t\t\t\t\t\t\tChocolat au lait avec flocons d'\u00e9rable\t\t\t\t\t\t\t\t<\/div>\n\t\t\t\t\t\t\t\t\t\t\t\t\t\t\t<div class=\"elementor-gallery-item__description\">\n\t\t\t\t\t\t\t\t\t\t\t\t\t\t\t\t\t\t9,50$ \t\t\t\t\t\t\t\t<\/div>\n\t\t\t\t\t\t\t\t\t\t\t\t<\/div>\n\t\t\t\t\t\t\t\t\t<\/a>\n\t\t\t\t\t\t\t<a class=\"e-gallery-item elementor-gallery-item elementor-animated-content\" href=\"https:\/\/chocolatsleana.com\/wp-content\/uploads\/2024\/11\/Design-sans-titre-6.png\" data-elementor-open-lightbox=\"yes\" data-elementor-lightbox-slideshow=\"74cb869\" data-elementor-lightbox-title=\"Ensemble tasse chocolat chaud\" data-e-action-hash=\"#elementor-action%3Aaction%3Dlightbox%26settings%3DeyJpZCI6MzMxMjgsInVybCI6Imh0dHBzOlwvXC9jaG9jb2xhdHNsZWFuYS5jb21cL3dwLWNvbnRlbnRcL3VwbG9hZHNcLzIwMjRcLzExXC9EZXNpZ24tc2Fucy10aXRyZS02LnBuZyIsInNsaWRlc2hvdyI6Ijc0Y2I4NjkifQ%3D%3D\">\n\t\t\t\t\t<div class=\"e-gallery-image elementor-gallery-item__image\" data-thumbnail=\"https:\/\/chocolatsleana.com\/wp-content\/uploads\/2024\/11\/Design-sans-titre-6.png\" data-width=\"675\" data-height=\"675\" aria-label=\"\" role=\"img\" ><\/div>\n\t\t\t\t\t\t\t\t\t\t\t\t\t\t\t<div class=\"elementor-gallery-item__content\">\n\t\t\t\t\t\t\t\t\t\t\t\t\t\t<div class=\"elementor-gallery-item__title\">\n\t\t\t\t\t\t\t\t\t\t\t\t\t\t\t\t\t\tEnsemble tasse chocolat chaud\t\t\t\t\t\t\t\t<\/div>\n\t\t\t\t\t\t\t\t\t\t\t\t\t\t\t<div class=\"elementor-gallery-item__description\">\n\t\t\t\t\t\t\t\t\t\t\t\t\t\t\t\t\t\t19$ - non disponible\t\t\t\t\t\t\t\t<\/div>\n\t\t\t\t\t\t\t\t\t\t\t\t<\/div>\n\t\t\t\t\t\t\t\t\t<\/a>\n\t\t\t\t\t<\/div>\n\t\t\t\t\t<\/div>\n\t\t\t\t<\/div>\n\t\t\t\t<\/div>\n\t\t\t\t\t<\/div>\n\t\t\t\t<\/div>\n\t\t<div class=\"elementor-element elementor-element-907f6f8 e-con-full e-flex e-con e-parent\" data-id=\"907f6f8\" data-element_type=\"container\" data-e-type=\"container\" data-settings=\"{&quot;background_background&quot;:&quot;classic&quot;}\">\n\t\t\t\t<div class=\"elementor-element elementor-element-20c119e elementor-widget elementor-widget-heading\" data-id=\"20c119e\" data-element_type=\"widget\" data-e-type=\"widget\" data-widget_type=\"heading.default\">\n\t\t\t\t<div class=\"elementor-widget-container\">\n\t\t\t\t\t<h2 class=\"elementor-heading-title elementor-size-default\">Mode d\u2019emploi pour les boules de chocolat chaud :\n\n<\/h2>\t\t\t\t<\/div>\n\t\t\t\t<\/div>\n\t\t\t\t<div class=\"elementor-element elementor-element-11974e7 elementor-widget elementor-widget-text-editor\" data-id=\"11974e7\" data-element_type=\"widget\" data-e-type=\"widget\" data-widget_type=\"text-editor.default\">\n\t\t\t\t<div class=\"elementor-widget-container\">\n\t\t\t\t\t\t\t\t\t<p><span style=\"color: #ffffff;\"><u><b>Ingr\u00e9dients\u00a0:<br \/><\/b><\/u><\/span><\/p><p><span style=\"color: #ffffff;\">1\u00a0boule\u00a0de\u00a0chocolat\u00a0chaud<\/span><br \/><span style=\"color: #ffffff;\">1\u00a0tasse\u00a0(environ\u00a0250\u00a0ml selon que vous l\u2019aimez plus ou<\/span><br \/><span style=\"color: #ffffff;\">moins chocolat\u00e9)\u00a0de\u00a0lait\u00a0(r\u00e9gulier, amande,\u00a0de\u00a0soja,\u00a0etc.<\/span><br \/><span style=\"color: #ffffff;\">selon\u00a0vos\u00a0pr\u00e9f\u00e9rences)<\/span><\/p><p><span style=\"color: #ffffff;\"><u><b>Instructions\u00a0:<br \/><\/b><\/u><\/span><\/p><p><span style=\"color: #ffffff;\">Chauffez\u00a0le\u00a0lait\u00a0:\u00a0Versez\u00a0le\u00a0lait\u00a0dans\u00a0une\u00a0casserole<\/span><\/p><p><span style=\"color: #ffffff;\">\u00a0et\u00a0faites-le\u00a0chauffer\u00a0\u00e0\u00a0feu\u00a0moyen\u00a0jusqu&rsquo;\u00e0\u00a0ce<\/span><br \/><span style=\"color: #ffffff;\">qu&rsquo;il\u00a0soit\u00a0bien\u00a0chaud\u00a0mais\u00a0pas\u00a0bouillant.<\/span><br \/><span style=\"color: #ffffff;\">Vous\u00a0pouvez\u00a0aussi\u00a0utiliser\u00a0un\u00a0micro-ondes\u00a0pour\u00a0chauffer\u00a0le\u00a0lait\u00a0(environ\u00a01\u00a0\u00e0\u00a02\u00a0minutes).<\/span><\/p><p><span style=\"color: #ffffff;\">Placez\u00a0la\u00a0boule\u00a0<\/span><span style=\"color: #ffffff; text-align: var(--text-align);\">de\u00a0chocolat\u00a0chaud\u00a0dans\u00a0une\u00a0tasse.<\/span><\/p><p><span style=\"color: #ffffff;\">Versez\u00a0le\u00a0lait\u00a0chaud\u00a0:\u00a0Versez\u00a0doucement\u00a0le<\/span><\/p><p><span style=\"color: #ffffff;\">\u00a0lait\u00a0chaud\u00a0sur\u00a0la\u00a0boule\u00a0de\u00a0chocolat\u00a0dans\u00a0la\u00a0tasse.<\/span><\/p><p><span style=\"color: #ffffff;\">M\u00e9langez : Utilisez une cuill\u00e8re pour bien m\u00e9langer\u00a0<\/span><\/p><p><span style=\"color: #ffffff;\">jusqu&rsquo;\u00e0 ce que la boule de chocolat fonde compl\u00e8tement et que le chocolat soit bien incorpor\u00e9 au lait.<\/span><\/p><p><b style=\"color: #ffffff; text-align: var(--text-align);\">Votre\u00a0chocolat\u00a0chaud\u00a0<\/b><b style=\"color: #ffffff; text-align: var(--text-align);\">est\u00a0pr\u00eat\u00a0\u00e0\u00a0\u00eatre\u00a0d\u00e9gust\u00e9\u00a0!<\/b><\/p><p><br \/><span style=\"color: #ffffff;\"><b><i>Profitez\u00a0de\u00a0votre\u00a0moment\u00a0de\u00a0d\u00e9tente\u00a0avec\u00a0<\/i><\/b><\/span><\/p><p><span style=\"color: #ffffff;\"><b><i>cette\u00a0boisson\u00a0r\u00e9confortante\u00a0!\u00a0<img decoding=\"async\" class=\"emoji\" role=\"img\" draggable=\"false\" src=\"https:\/\/s.w.org\/images\/core\/emoji\/15.0.3\/svg\/1f36b.svg\" alt=\"\ud83c\udf6b\" \/><img decoding=\"async\" class=\"emoji\" role=\"img\" draggable=\"false\" src=\"https:\/\/s.w.org\/images\/core\/emoji\/15.0.3\/svg\/2615.svg\" alt=\"\u2615\" \/><\/i><\/b><\/span><\/p>\t\t\t\t\t\t\t\t<\/div>\n\t\t\t\t<\/div>\n\t\t\t\t<\/div>\n\t\t<div class=\"elementor-element elementor-element-f45d822 e-flex e-con-boxed e-con e-parent\" data-id=\"f45d822\" data-element_type=\"container\" data-e-type=\"container\">\n\t\t\t\t\t<div class=\"e-con-inner\">\n\t\t\t\t<div class=\"elementor-element elementor-element-3eac74c elementor-widget elementor-widget-spacer\" data-id=\"3eac74c\" data-element_type=\"widget\" data-e-type=\"widget\" data-widget_type=\"spacer.default\">\n\t\t\t\t<div class=\"elementor-widget-container\">\n\t\t\t\t\t\t\t<div class=\"elementor-spacer\">\n\t\t\t<div class=\"elementor-spacer-inner\"><\/div>\n\t\t<\/div>\n\t\t\t\t\t\t<\/div>\n\t\t\t\t<\/div>\n\t\t\t\t\t<\/div>\n\t\t\t\t<\/div>\n\t\t<div class=\"elementor-element elementor-element-00e486d e-flex e-con-boxed e-con e-parent\" data-id=\"00e486d\" data-element_type=\"container\" data-e-type=\"container\">\n\t\t\t\t\t<div class=\"e-con-inner\">\n\t\t\t\t<div class=\"elementor-element elementor-element-2cf1b21 elementor-widget elementor-widget-image\" data-id=\"2cf1b21\" data-element_type=\"widget\" data-e-type=\"widget\" data-widget_type=\"image.default\">\n\t\t\t\t<div class=\"elementor-widget-container\">\n\t\t\t\t\t\t\t\t\t\t\t\t\t\t\t<img decoding=\"async\" src=\"https:\/\/chocolatsleana.com\/wp-content\/plugins\/elementor\/assets\/images\/placeholder.png\" title=\"\" alt=\"\" loading=\"lazy\" \/>\t\t\t\t\t\t\t\t\t\t\t\t\t\t\t<\/div>\n\t\t\t\t<\/div>\n\t\t\t\t\t<\/div>\n\t\t\t\t<\/div>\n\t\t\t\t<\/div>\n\t\t","protected":false},"excerpt":{"rendered":"<p>NOS CHOCOLATS CHAUDSPlongez dans le d\u00e9lice de nos boules de chocolat chaud, une gourmandise fondante \u00e0 savourer \u00e0 chaque bouch\u00e9e. Chaque boule est un concentr\u00e9 de saveurs, id\u00e9ale pour un &#8230;<\/p>\n","protected":false},"author":2,"featured_media":0,"parent":0,"menu_order":0,"comment_status":"closed","ping_status":"closed","template":"elementor_header_footer","meta":{"footnotes":""},"class_list":["post-31454","page","type-page","status-publish","hentry"],"aioseo_notices":[],"yoast_head":"<!-- This site is optimized with the Yoast SEO plugin v27.3 - https:\/\/yoast.com\/product\/yoast-seo-wordpress\/ -->\n<title>CHOCOLAT CHAUD - Chocolats L\u00e9ana<\/title>\n<meta name=\"description\" content=\"Savourez un chocolat chaud artisanal \u00e0 Montr\u00e9al avec Chocolats L\u00e9ana : riche, cr\u00e9meux et parfait pour se r\u00e9chauffer\" \/>\n<meta name=\"robots\" content=\"index, follow, max-snippet:-1, max-image-preview:large, max-video-preview:-1\" \/>\n<link rel=\"canonical\" href=\"https:\/\/chocolatsleana.com\/index.php\/chocolat-chaud-2\/\" \/>\n<meta property=\"og:locale\" content=\"fr_FR\" \/>\n<meta property=\"og:type\" content=\"article\" \/>\n<meta property=\"og:title\" content=\"CHOCOLAT CHAUD - Chocolats L\u00e9ana\" \/>\n<meta property=\"og:description\" content=\"Savourez un chocolat chaud artisanal \u00e0 Montr\u00e9al avec Chocolats L\u00e9ana : riche, cr\u00e9meux et parfait pour se r\u00e9chauffer\" \/>\n<meta property=\"og:url\" content=\"https:\/\/chocolatsleana.com\/index.php\/chocolat-chaud-2\/\" \/>\n<meta property=\"og:site_name\" content=\"Chocolats L\u00e9ana\" \/>\n<meta property=\"article:modified_time\" content=\"2025-10-25T14:38:44+00:00\" \/>\n<meta property=\"og:image\" content=\"https:\/\/s.w.org\/images\/core\/emoji\/15.0.3\/svg\/1f36b.svg\" \/>\n<meta name=\"twitter:card\" content=\"summary_large_image\" \/>\n<meta name=\"twitter:label1\" content=\"Dur\u00e9e de lecture estim\u00e9e\" \/>\n\t<meta name=\"twitter:data1\" content=\"2 minutes\" \/>\n<script type=\"application\/ld+json\" class=\"yoast-schema-graph\">{\"@context\":\"https:\\\/\\\/schema.org\",\"@graph\":[{\"@type\":\"WebPage\",\"@id\":\"https:\\\/\\\/chocolatsleana.com\\\/index.php\\\/chocolat-chaud-2\\\/\",\"url\":\"https:\\\/\\\/chocolatsleana.com\\\/index.php\\\/chocolat-chaud-2\\\/\",\"name\":\"CHOCOLAT CHAUD - Chocolats L\u00e9ana\",\"isPartOf\":{\"@id\":\"http:\\\/\\\/chocolatsleana.com\\\/#website\"},\"primaryImageOfPage\":{\"@id\":\"https:\\\/\\\/chocolatsleana.com\\\/index.php\\\/chocolat-chaud-2\\\/#primaryimage\"},\"image\":{\"@id\":\"https:\\\/\\\/chocolatsleana.com\\\/index.php\\\/chocolat-chaud-2\\\/#primaryimage\"},\"thumbnailUrl\":\"https:\\\/\\\/s.w.org\\\/images\\\/core\\\/emoji\\\/15.0.3\\\/svg\\\/1f36b.svg\",\"datePublished\":\"2024-10-13T19:18:06+00:00\",\"dateModified\":\"2025-10-25T14:38:44+00:00\",\"description\":\"Savourez un chocolat chaud artisanal \u00e0 Montr\u00e9al avec Chocolats L\u00e9ana : riche, cr\u00e9meux et parfait pour se r\u00e9chauffer\",\"breadcrumb\":{\"@id\":\"https:\\\/\\\/chocolatsleana.com\\\/index.php\\\/chocolat-chaud-2\\\/#breadcrumb\"},\"inLanguage\":\"fr-FR\",\"potentialAction\":[{\"@type\":\"ReadAction\",\"target\":[\"https:\\\/\\\/chocolatsleana.com\\\/index.php\\\/chocolat-chaud-2\\\/\"]}]},{\"@type\":\"ImageObject\",\"inLanguage\":\"fr-FR\",\"@id\":\"https:\\\/\\\/chocolatsleana.com\\\/index.php\\\/chocolat-chaud-2\\\/#primaryimage\",\"url\":\"https:\\\/\\\/s.w.org\\\/images\\\/core\\\/emoji\\\/15.0.3\\\/svg\\\/1f36b.svg\",\"contentUrl\":\"https:\\\/\\\/s.w.org\\\/images\\\/core\\\/emoji\\\/15.0.3\\\/svg\\\/1f36b.svg\"},{\"@type\":\"BreadcrumbList\",\"@id\":\"https:\\\/\\\/chocolatsleana.com\\\/index.php\\\/chocolat-chaud-2\\\/#breadcrumb\",\"itemListElement\":[{\"@type\":\"ListItem\",\"position\":1,\"name\":\"Accueil\",\"item\":\"http:\\\/\\\/chocolatsleana.com\\\/\"},{\"@type\":\"ListItem\",\"position\":2,\"name\":\"CHOCOLAT CHAUD\"}]},{\"@type\":\"WebSite\",\"@id\":\"http:\\\/\\\/chocolatsleana.com\\\/#website\",\"url\":\"http:\\\/\\\/chocolatsleana.com\\\/\",\"name\":\"Chocolats L\u00e9ana\",\"description\":\"Qualit\u00e9 et passion au service de vos papilles  -  (514)975-4985\",\"publisher\":{\"@id\":\"http:\\\/\\\/chocolatsleana.com\\\/#organization\"},\"potentialAction\":[{\"@type\":\"SearchAction\",\"target\":{\"@type\":\"EntryPoint\",\"urlTemplate\":\"http:\\\/\\\/chocolatsleana.com\\\/?s={search_term_string}\"},\"query-input\":{\"@type\":\"PropertyValueSpecification\",\"valueRequired\":true,\"valueName\":\"search_term_string\"}}],\"inLanguage\":\"fr-FR\"},{\"@type\":\"Organization\",\"@id\":\"http:\\\/\\\/chocolatsleana.com\\\/#organization\",\"name\":\"Chocolats L\u00e9ana\",\"url\":\"http:\\\/\\\/chocolatsleana.com\\\/\",\"logo\":{\"@type\":\"ImageObject\",\"inLanguage\":\"fr-FR\",\"@id\":\"http:\\\/\\\/chocolatsleana.com\\\/#\\\/schema\\\/logo\\\/image\\\/\",\"url\":\"https:\\\/\\\/chocolatsleana.com\\\/wp-content\\\/uploads\\\/2024\\\/10\\\/LOGO.jpg\",\"contentUrl\":\"https:\\\/\\\/chocolatsleana.com\\\/wp-content\\\/uploads\\\/2024\\\/10\\\/LOGO.jpg\",\"width\":1181,\"height\":1181,\"caption\":\"Chocolats L\u00e9ana\"},\"image\":{\"@id\":\"http:\\\/\\\/chocolatsleana.com\\\/#\\\/schema\\\/logo\\\/image\\\/\"}}]}<\/script>\n<!-- \/ Yoast SEO plugin. -->","yoast_head_json":{"title":"CHOCOLAT CHAUD - Chocolats L\u00e9ana","description":"Savourez un chocolat chaud artisanal \u00e0 Montr\u00e9al avec Chocolats L\u00e9ana : riche, cr\u00e9meux et parfait pour se r\u00e9chauffer","robots":{"index":"index","follow":"follow","max-snippet":"max-snippet:-1","max-image-preview":"max-image-preview:large","max-video-preview":"max-video-preview:-1"},"canonical":"https:\/\/chocolatsleana.com\/index.php\/chocolat-chaud-2\/","og_locale":"fr_FR","og_type":"article","og_title":"CHOCOLAT CHAUD - Chocolats L\u00e9ana","og_description":"Savourez un chocolat chaud artisanal \u00e0 Montr\u00e9al avec Chocolats L\u00e9ana : riche, cr\u00e9meux et parfait pour se r\u00e9chauffer","og_url":"https:\/\/chocolatsleana.com\/index.php\/chocolat-chaud-2\/","og_site_name":"Chocolats L\u00e9ana","article_modified_time":"2025-10-25T14:38:44+00:00","og_image":[{"url":"https:\/\/s.w.org\/images\/core\/emoji\/15.0.3\/svg\/1f36b.svg","type":"","width":"","height":""}],"twitter_card":"summary_large_image","twitter_misc":{"Dur\u00e9e de lecture estim\u00e9e":"2 minutes"},"schema":{"@context":"https:\/\/schema.org","@graph":[{"@type":"WebPage","@id":"https:\/\/chocolatsleana.com\/index.php\/chocolat-chaud-2\/","url":"https:\/\/chocolatsleana.com\/index.php\/chocolat-chaud-2\/","name":"CHOCOLAT CHAUD - Chocolats L\u00e9ana","isPartOf":{"@id":"http:\/\/chocolatsleana.com\/#website"},"primaryImageOfPage":{"@id":"https:\/\/chocolatsleana.com\/index.php\/chocolat-chaud-2\/#primaryimage"},"image":{"@id":"https:\/\/chocolatsleana.com\/index.php\/chocolat-chaud-2\/#primaryimage"},"thumbnailUrl":"https:\/\/s.w.org\/images\/core\/emoji\/15.0.3\/svg\/1f36b.svg","datePublished":"2024-10-13T19:18:06+00:00","dateModified":"2025-10-25T14:38:44+00:00","description":"Savourez un chocolat chaud artisanal \u00e0 Montr\u00e9al avec Chocolats L\u00e9ana : riche, cr\u00e9meux et parfait pour se r\u00e9chauffer","breadcrumb":{"@id":"https:\/\/chocolatsleana.com\/index.php\/chocolat-chaud-2\/#breadcrumb"},"inLanguage":"fr-FR","potentialAction":[{"@type":"ReadAction","target":["https:\/\/chocolatsleana.com\/index.php\/chocolat-chaud-2\/"]}]},{"@type":"ImageObject","inLanguage":"fr-FR","@id":"https:\/\/chocolatsleana.com\/index.php\/chocolat-chaud-2\/#primaryimage","url":"https:\/\/s.w.org\/images\/core\/emoji\/15.0.3\/svg\/1f36b.svg","contentUrl":"https:\/\/s.w.org\/images\/core\/emoji\/15.0.3\/svg\/1f36b.svg"},{"@type":"BreadcrumbList","@id":"https:\/\/chocolatsleana.com\/index.php\/chocolat-chaud-2\/#breadcrumb","itemListElement":[{"@type":"ListItem","position":1,"name":"Accueil","item":"http:\/\/chocolatsleana.com\/"},{"@type":"ListItem","position":2,"name":"CHOCOLAT CHAUD"}]},{"@type":"WebSite","@id":"http:\/\/chocolatsleana.com\/#website","url":"http:\/\/chocolatsleana.com\/","name":"Chocolats L\u00e9ana","description":"Qualit\u00e9 et passion au service de vos papilles  -  (514)975-4985","publisher":{"@id":"http:\/\/chocolatsleana.com\/#organization"},"potentialAction":[{"@type":"SearchAction","target":{"@type":"EntryPoint","urlTemplate":"http:\/\/chocolatsleana.com\/?s={search_term_string}"},"query-input":{"@type":"PropertyValueSpecification","valueRequired":true,"valueName":"search_term_string"}}],"inLanguage":"fr-FR"},{"@type":"Organization","@id":"http:\/\/chocolatsleana.com\/#organization","name":"Chocolats L\u00e9ana","url":"http:\/\/chocolatsleana.com\/","logo":{"@type":"ImageObject","inLanguage":"fr-FR","@id":"http:\/\/chocolatsleana.com\/#\/schema\/logo\/image\/","url":"https:\/\/chocolatsleana.com\/wp-content\/uploads\/2024\/10\/LOGO.jpg","contentUrl":"https:\/\/chocolatsleana.com\/wp-content\/uploads\/2024\/10\/LOGO.jpg","width":1181,"height":1181,"caption":"Chocolats L\u00e9ana"},"image":{"@id":"http:\/\/chocolatsleana.com\/#\/schema\/logo\/image\/"}}]}},"_links":{"self":[{"href":"https:\/\/chocolatsleana.com\/index.php\/wp-json\/wp\/v2\/pages\/31454","targetHints":{"allow":["GET"]}}],"collection":[{"href":"https:\/\/chocolatsleana.com\/index.php\/wp-json\/wp\/v2\/pages"}],"about":[{"href":"https:\/\/chocolatsleana.com\/index.php\/wp-json\/wp\/v2\/types\/page"}],"author":[{"embeddable":true,"href":"https:\/\/chocolatsleana.com\/index.php\/wp-json\/wp\/v2\/users\/2"}],"replies":[{"embeddable":true,"href":"https:\/\/chocolatsleana.com\/index.php\/wp-json\/wp\/v2\/comments?post=31454"}],"version-history":[{"count":64,"href":"https:\/\/chocolatsleana.com\/index.php\/wp-json\/wp\/v2\/pages\/31454\/revisions"}],"predecessor-version":[{"id":34851,"href":"https:\/\/chocolatsleana.com\/index.php\/wp-json\/wp\/v2\/pages\/31454\/revisions\/34851"}],"wp:attachment":[{"href":"https:\/\/chocolatsleana.com\/index.php\/wp-json\/wp\/v2\/media?parent=31454"}],"curies":[{"name":"wp","href":"https:\/\/api.w.org\/{rel}","templated":true}]}}