{"id":31450,"date":"2024-10-13T15:14:16","date_gmt":"2024-10-13T19:14:16","guid":{"rendered":"http:\/\/chocolatsleana.com\/?page_id=31450"},"modified":"2024-11-17T18:23:33","modified_gmt":"2024-11-17T23:23:33","slug":"nos-chocolats-fins","status":"publish","type":"page","link":"https:\/\/chocolatsleana.com\/index.php\/nos-chocolats-fins\/","title":{"rendered":"NOS CHOCOLATS FINS"},"content":{"rendered":"\t\t<div data-elementor-type=\"wp-page\" data-elementor-id=\"31450\" class=\"elementor elementor-31450\" data-elementor-post-type=\"page\">\n\t\t\t\t<div class=\"elementor-element elementor-element-2e71197 e-flex e-con-boxed e-con e-parent\" data-id=\"2e71197\" data-element_type=\"container\" data-e-type=\"container\">\n\t\t\t\t\t<div class=\"e-con-inner\">\n\t\t\t\t<div class=\"elementor-element elementor-element-ff42ae3 elementor--h-position-center elementor--v-position-middle elementor-arrows-position-inside elementor-pagination-position-inside elementor-widget elementor-widget-slides\" data-id=\"ff42ae3\" data-element_type=\"widget\" data-e-type=\"widget\" data-settings=\"{&quot;navigation&quot;:&quot;both&quot;,&quot;autoplay&quot;:&quot;yes&quot;,&quot;pause_on_hover&quot;:&quot;yes&quot;,&quot;pause_on_interaction&quot;:&quot;yes&quot;,&quot;autoplay_speed&quot;:5000,&quot;infinite&quot;:&quot;yes&quot;,&quot;transition&quot;:&quot;slide&quot;,&quot;transition_speed&quot;:500}\" data-widget_type=\"slides.default\">\n\t\t\t\t<div class=\"elementor-widget-container\">\n\t\t\t\t\t\t\t\t\t<div class=\"elementor-swiper\">\n\t\t\t\t\t<div class=\"elementor-slides-wrapper elementor-main-swiper swiper\" role=\"region\" aria-roledescription=\"carousel\" aria-label=\"Diapositives\" dir=\"ltr\" data-animation=\"fadeInUp\">\n\t\t\t\t<div class=\"swiper-wrapper elementor-slides\">\n\t\t\t\t\t\t\t\t\t\t<div class=\"elementor-repeater-item-30ca989 swiper-slide\" role=\"group\" aria-roledescription=\"slide\"><div class=\"swiper-slide-bg elementor-ken-burns elementor-ken-burns--in\" role=\"img\" aria-label=\"21\"><\/div><div class=\"elementor-background-overlay\"><\/div><div class=\"swiper-slide-inner\" ><div class=\"swiper-slide-contents\"><div class=\"elementor-slide-heading\">NOS CHOCOLATS FINS<\/div><div class=\"elementor-slide-description\">Nos chocolats fins sont fabriqu\u00e9s avec du chocolat de qualit\u00e9 sup\u00e9rieure soigneusement s\u00e9lectionn\u00e9 pour une exp\u00e9rience gustative incomparable. Nos ganaches, confectionn\u00e9es avec des ingr\u00e9dients raffin\u00e9s tels que la pur\u00e9e de fruits, des infusions de th\u00e9 et de la cr\u00e8me fra\u00eeche, sont produites artisanalement pour garantir une qualit\u00e9 exceptionnelle. <br><br>D\u00e9couvrez l'\u00e9l\u00e9gance et le raffinement de nos cr\u00e9ations chocolat\u00e9es, et savourez des moments uniques gr\u00e2ce \u00e0 nos caramels et ganaches faits maison. \ud83c\udf6b\u2728\n\n \n\n<\/div><\/div><\/div><\/div>\t\t\t\t<\/div>\n\t\t\t\t\t\t\t<\/div>\n\t\t\t\t<\/div>\n\t\t\t\t\t\t\t\t<\/div>\n\t\t\t\t<\/div>\n\t\t\t\t\t<\/div>\n\t\t\t\t<\/div>\n\t\t<div class=\"elementor-element elementor-element-544c6f5 e-flex e-con-boxed e-con e-parent\" data-id=\"544c6f5\" data-element_type=\"container\" data-e-type=\"container\">\n\t\t\t\t\t<div class=\"e-con-inner\">\n\t\t<div class=\"elementor-element elementor-element-9c7bd2f e-con-full e-flex e-con e-child\" data-id=\"9c7bd2f\" data-element_type=\"container\" data-e-type=\"container\">\n\t\t\t\t<div class=\"elementor-element elementor-element-338387f elementor-invisible elementor-widget elementor-widget-image\" data-id=\"338387f\" data-element_type=\"widget\" data-e-type=\"widget\" data-settings=\"{&quot;_animation&quot;:&quot;zoomIn&quot;}\" data-widget_type=\"image.default\">\n\t\t\t\t<div class=\"elementor-widget-container\">\n\t\t\t\t\t\t\t\t\t\t\t\t\t\t\t\t<a href=\"https:\/\/chocolatsleana.com\/index.php\/notre-selection\/\">\n\t\t\t\t\t\t\t<img fetchpriority=\"high\" decoding=\"async\" width=\"545\" height=\"361\" src=\"https:\/\/chocolatsleana.com\/wp-content\/uploads\/2024\/11\/LES-CENTRES-DE-TABLE-9.jpg\" class=\"attachment-astral-blog-thumb size-astral-blog-thumb wp-image-33314\" alt=\"Notre s\u00e9lection de chocolat fins artisanaux \u00e0 Montr\u00e9al\" srcset=\"https:\/\/chocolatsleana.com\/wp-content\/uploads\/2024\/11\/LES-CENTRES-DE-TABLE-9.jpg 545w, https:\/\/chocolatsleana.com\/wp-content\/uploads\/2024\/11\/LES-CENTRES-DE-TABLE-9-300x199.jpg 300w\" sizes=\"(max-width: 545px) 100vw, 545px\" \/>\t\t\t\t\t\t\t\t<\/a>\n\t\t\t\t\t\t\t\t\t\t\t\t\t\t\t<\/div>\n\t\t\t\t<\/div>\n\t\t\t\t<div class=\"elementor-element elementor-element-96f90de elementor-align-center elementor-widget elementor-widget-button\" data-id=\"96f90de\" data-element_type=\"widget\" data-e-type=\"widget\" data-widget_type=\"button.default\">\n\t\t\t\t<div class=\"elementor-widget-container\">\n\t\t\t\t\t\t\t\t\t<div class=\"elementor-button-wrapper\">\n\t\t\t\t\t<a class=\"elementor-button elementor-button-link elementor-size-sm\" href=\"https:\/\/chocolatsleana.com\/index.php\/notre-selection\/\">\n\t\t\t\t\t\t<span class=\"elementor-button-content-wrapper\">\n\t\t\t\t\t\t\t\t\t<span class=\"elementor-button-text\">VOIR PLUS<\/span>\n\t\t\t\t\t<\/span>\n\t\t\t\t\t<\/a>\n\t\t\t\t<\/div>\n\t\t\t\t\t\t\t\t<\/div>\n\t\t\t\t<\/div>\n\t\t\t\t<\/div>\n\t\t<div class=\"elementor-element elementor-element-fb9d982 e-con-full e-flex elementor-invisible e-con e-child\" data-id=\"fb9d982\" data-element_type=\"container\" data-e-type=\"container\" data-settings=\"{&quot;motion_fx_motion_fx_scrolling&quot;:&quot;yes&quot;,&quot;motion_fx_motion_fx_mouse&quot;:&quot;yes&quot;,&quot;animation&quot;:&quot;zoomIn&quot;,&quot;motion_fx_devices&quot;:[&quot;desktop&quot;,&quot;tablet&quot;,&quot;mobile&quot;]}\">\n\t\t\t\t<div class=\"elementor-element elementor-element-bc3fe93 elementor-invisible elementor-widget elementor-widget-image\" data-id=\"bc3fe93\" data-element_type=\"widget\" data-e-type=\"widget\" data-settings=\"{&quot;motion_fx_motion_fx_mouse&quot;:&quot;yes&quot;,&quot;_animation&quot;:&quot;zoomIn&quot;,&quot;_animation_delay&quot;:200}\" data-widget_type=\"image.default\">\n\t\t\t\t<div class=\"elementor-widget-container\">\n\t\t\t\t\t\t\t\t\t\t\t\t\t\t\t\t<a href=\"https:\/\/chocolatsleana.com\/index.php\/nos-boites-decouvertes\/\">\n\t\t\t\t\t\t\t<img decoding=\"async\" width=\"545\" height=\"361\" src=\"https:\/\/chocolatsleana.com\/wp-content\/uploads\/2024\/11\/LES-CENTRES-DE-TABLE-10.jpg\" class=\"attachment-astral-blog-thumb size-astral-blog-thumb wp-image-33315\" alt=\"Nos boites d\u00e9couvertes de chocolats fins artisanaux \u00e0 Montr\u00e9al\" srcset=\"https:\/\/chocolatsleana.com\/wp-content\/uploads\/2024\/11\/LES-CENTRES-DE-TABLE-10.jpg 545w, https:\/\/chocolatsleana.com\/wp-content\/uploads\/2024\/11\/LES-CENTRES-DE-TABLE-10-300x199.jpg 300w\" sizes=\"(max-width: 545px) 100vw, 545px\" \/>\t\t\t\t\t\t\t\t<\/a>\n\t\t\t\t\t\t\t\t\t\t\t\t\t\t\t<\/div>\n\t\t\t\t<\/div>\n\t\t\t\t<div class=\"elementor-element elementor-element-f3e8920 elementor-align-center elementor-widget elementor-widget-button\" data-id=\"f3e8920\" data-element_type=\"widget\" data-e-type=\"widget\" data-widget_type=\"button.default\">\n\t\t\t\t<div class=\"elementor-widget-container\">\n\t\t\t\t\t\t\t\t\t<div class=\"elementor-button-wrapper\">\n\t\t\t\t\t<a class=\"elementor-button elementor-button-link elementor-size-sm\" href=\"https:\/\/chocolatsleana.com\/index.php\/nos-boites-decouvertes\/\">\n\t\t\t\t\t\t<span class=\"elementor-button-content-wrapper\">\n\t\t\t\t\t\t\t\t\t<span class=\"elementor-button-text\">VOIR PLUS<\/span>\n\t\t\t\t\t<\/span>\n\t\t\t\t\t<\/a>\n\t\t\t\t<\/div>\n\t\t\t\t\t\t\t\t<\/div>\n\t\t\t\t<\/div>\n\t\t\t\t<\/div>\n\t\t\t\t\t<\/div>\n\t\t\t\t<\/div>\n\t\t\t\t<\/div>\n\t\t","protected":false},"excerpt":{"rendered":"<p>NOS CHOCOLATS FINSNos chocolats fins sont fabriqu\u00e9s avec du chocolat de qualit\u00e9 sup\u00e9rieure soigneusement s\u00e9lectionn\u00e9 pour une exp\u00e9rience gustative incomparable. Nos ganaches, confectionn\u00e9es avec des ingr\u00e9dients raffin\u00e9s tels que la &#8230;<\/p>\n","protected":false},"author":2,"featured_media":0,"parent":0,"menu_order":0,"comment_status":"closed","ping_status":"closed","template":"elementor_header_footer","meta":{"footnotes":""},"class_list":["post-31450","page","type-page","status-publish","hentry"],"aioseo_notices":[],"yoast_head":"<!-- This site is optimized with the Yoast SEO plugin v27.3 - https:\/\/yoast.com\/product\/yoast-seo-wordpress\/ -->\n<title>NOS CHOCOLATS FINS - Chocolats L\u00e9ana<\/title>\n<meta name=\"description\" content=\"Chocolats fins artisanaux \u00e0 Montr\u00e9al avec ganaches maison aux ingr\u00e9dients raffin\u00e9s pour une exp\u00e9rience chocolat\u00e9e unique et inoubliable\" \/>\n<meta name=\"robots\" content=\"index, follow, max-snippet:-1, max-image-preview:large, max-video-preview:-1\" \/>\n<link rel=\"canonical\" href=\"https:\/\/chocolatsleana.com\/index.php\/nos-chocolats-fins\/\" \/>\n<meta property=\"og:locale\" content=\"fr_FR\" \/>\n<meta property=\"og:type\" content=\"article\" \/>\n<meta property=\"og:title\" content=\"NOS CHOCOLATS FINS - Chocolats L\u00e9ana\" \/>\n<meta property=\"og:description\" content=\"Chocolats fins artisanaux \u00e0 Montr\u00e9al avec ganaches maison aux ingr\u00e9dients raffin\u00e9s pour une exp\u00e9rience chocolat\u00e9e unique et inoubliable\" \/>\n<meta property=\"og:url\" content=\"https:\/\/chocolatsleana.com\/index.php\/nos-chocolats-fins\/\" \/>\n<meta property=\"og:site_name\" content=\"Chocolats L\u00e9ana\" \/>\n<meta property=\"article:modified_time\" content=\"2024-11-17T23:23:33+00:00\" \/>\n<meta property=\"og:image\" content=\"http:\/\/chocolatsleana.com\/wp-content\/uploads\/2024\/11\/LES-CENTRES-DE-TABLE-9.jpg\" \/>\n<meta name=\"twitter:card\" content=\"summary_large_image\" \/>\n<meta name=\"twitter:label1\" content=\"Dur\u00e9e de lecture estim\u00e9e\" \/>\n\t<meta name=\"twitter:data1\" content=\"2 minutes\" \/>\n<script type=\"application\/ld+json\" class=\"yoast-schema-graph\">{\"@context\":\"https:\\\/\\\/schema.org\",\"@graph\":[{\"@type\":\"WebPage\",\"@id\":\"https:\\\/\\\/chocolatsleana.com\\\/index.php\\\/nos-chocolats-fins\\\/\",\"url\":\"https:\\\/\\\/chocolatsleana.com\\\/index.php\\\/nos-chocolats-fins\\\/\",\"name\":\"NOS CHOCOLATS FINS - Chocolats L\u00e9ana\",\"isPartOf\":{\"@id\":\"https:\\\/\\\/chocolatsleana.com\\\/#website\"},\"primaryImageOfPage\":{\"@id\":\"https:\\\/\\\/chocolatsleana.com\\\/index.php\\\/nos-chocolats-fins\\\/#primaryimage\"},\"image\":{\"@id\":\"https:\\\/\\\/chocolatsleana.com\\\/index.php\\\/nos-chocolats-fins\\\/#primaryimage\"},\"thumbnailUrl\":\"http:\\\/\\\/chocolatsleana.com\\\/wp-content\\\/uploads\\\/2024\\\/11\\\/LES-CENTRES-DE-TABLE-9.jpg\",\"datePublished\":\"2024-10-13T19:14:16+00:00\",\"dateModified\":\"2024-11-17T23:23:33+00:00\",\"description\":\"Chocolats fins artisanaux \u00e0 Montr\u00e9al avec ganaches maison aux ingr\u00e9dients raffin\u00e9s pour une exp\u00e9rience chocolat\u00e9e unique et inoubliable\",\"breadcrumb\":{\"@id\":\"https:\\\/\\\/chocolatsleana.com\\\/index.php\\\/nos-chocolats-fins\\\/#breadcrumb\"},\"inLanguage\":\"fr-FR\",\"potentialAction\":[{\"@type\":\"ReadAction\",\"target\":[\"https:\\\/\\\/chocolatsleana.com\\\/index.php\\\/nos-chocolats-fins\\\/\"]}]},{\"@type\":\"ImageObject\",\"inLanguage\":\"fr-FR\",\"@id\":\"https:\\\/\\\/chocolatsleana.com\\\/index.php\\\/nos-chocolats-fins\\\/#primaryimage\",\"url\":\"https:\\\/\\\/chocolatsleana.com\\\/wp-content\\\/uploads\\\/2024\\\/11\\\/LES-CENTRES-DE-TABLE-9.jpg\",\"contentUrl\":\"https:\\\/\\\/chocolatsleana.com\\\/wp-content\\\/uploads\\\/2024\\\/11\\\/LES-CENTRES-DE-TABLE-9.jpg\",\"width\":545,\"height\":361,\"caption\":\"Notre s\u00e9lection de chocolat fins artisanaux \u00e0 Montr\u00e9al\"},{\"@type\":\"BreadcrumbList\",\"@id\":\"https:\\\/\\\/chocolatsleana.com\\\/index.php\\\/nos-chocolats-fins\\\/#breadcrumb\",\"itemListElement\":[{\"@type\":\"ListItem\",\"position\":1,\"name\":\"Accueil\",\"item\":\"http:\\\/\\\/chocolatsleana.com\\\/\"},{\"@type\":\"ListItem\",\"position\":2,\"name\":\"NOS CHOCOLATS FINS\"}]},{\"@type\":\"WebSite\",\"@id\":\"https:\\\/\\\/chocolatsleana.com\\\/#website\",\"url\":\"https:\\\/\\\/chocolatsleana.com\\\/\",\"name\":\"Chocolats L\u00e9ana\",\"description\":\"Qualit\u00e9 et passion au service de vos papilles  -  (514)975-4985\",\"publisher\":{\"@id\":\"https:\\\/\\\/chocolatsleana.com\\\/#organization\"},\"potentialAction\":[{\"@type\":\"SearchAction\",\"target\":{\"@type\":\"EntryPoint\",\"urlTemplate\":\"https:\\\/\\\/chocolatsleana.com\\\/?s={search_term_string}\"},\"query-input\":{\"@type\":\"PropertyValueSpecification\",\"valueRequired\":true,\"valueName\":\"search_term_string\"}}],\"inLanguage\":\"fr-FR\"},{\"@type\":\"Organization\",\"@id\":\"https:\\\/\\\/chocolatsleana.com\\\/#organization\",\"name\":\"Chocolats L\u00e9ana\",\"url\":\"https:\\\/\\\/chocolatsleana.com\\\/\",\"logo\":{\"@type\":\"ImageObject\",\"inLanguage\":\"fr-FR\",\"@id\":\"https:\\\/\\\/chocolatsleana.com\\\/#\\\/schema\\\/logo\\\/image\\\/\",\"url\":\"https:\\\/\\\/chocolatsleana.com\\\/wp-content\\\/uploads\\\/2024\\\/10\\\/LOGO.jpg\",\"contentUrl\":\"https:\\\/\\\/chocolatsleana.com\\\/wp-content\\\/uploads\\\/2024\\\/10\\\/LOGO.jpg\",\"width\":1181,\"height\":1181,\"caption\":\"Chocolats L\u00e9ana\"},\"image\":{\"@id\":\"https:\\\/\\\/chocolatsleana.com\\\/#\\\/schema\\\/logo\\\/image\\\/\"}}]}<\/script>\n<!-- \/ Yoast SEO plugin. -->","yoast_head_json":{"title":"NOS CHOCOLATS FINS - Chocolats L\u00e9ana","description":"Chocolats fins artisanaux \u00e0 Montr\u00e9al avec ganaches maison aux ingr\u00e9dients raffin\u00e9s pour une exp\u00e9rience chocolat\u00e9e unique et inoubliable","robots":{"index":"index","follow":"follow","max-snippet":"max-snippet:-1","max-image-preview":"max-image-preview:large","max-video-preview":"max-video-preview:-1"},"canonical":"https:\/\/chocolatsleana.com\/index.php\/nos-chocolats-fins\/","og_locale":"fr_FR","og_type":"article","og_title":"NOS CHOCOLATS FINS - Chocolats L\u00e9ana","og_description":"Chocolats fins artisanaux \u00e0 Montr\u00e9al avec ganaches maison aux ingr\u00e9dients raffin\u00e9s pour une exp\u00e9rience chocolat\u00e9e unique et inoubliable","og_url":"https:\/\/chocolatsleana.com\/index.php\/nos-chocolats-fins\/","og_site_name":"Chocolats L\u00e9ana","article_modified_time":"2024-11-17T23:23:33+00:00","og_image":[{"url":"http:\/\/chocolatsleana.com\/wp-content\/uploads\/2024\/11\/LES-CENTRES-DE-TABLE-9.jpg","type":"","width":"","height":""}],"twitter_card":"summary_large_image","twitter_misc":{"Dur\u00e9e de lecture estim\u00e9e":"2 minutes"},"schema":{"@context":"https:\/\/schema.org","@graph":[{"@type":"WebPage","@id":"https:\/\/chocolatsleana.com\/index.php\/nos-chocolats-fins\/","url":"https:\/\/chocolatsleana.com\/index.php\/nos-chocolats-fins\/","name":"NOS CHOCOLATS FINS - Chocolats L\u00e9ana","isPartOf":{"@id":"https:\/\/chocolatsleana.com\/#website"},"primaryImageOfPage":{"@id":"https:\/\/chocolatsleana.com\/index.php\/nos-chocolats-fins\/#primaryimage"},"image":{"@id":"https:\/\/chocolatsleana.com\/index.php\/nos-chocolats-fins\/#primaryimage"},"thumbnailUrl":"http:\/\/chocolatsleana.com\/wp-content\/uploads\/2024\/11\/LES-CENTRES-DE-TABLE-9.jpg","datePublished":"2024-10-13T19:14:16+00:00","dateModified":"2024-11-17T23:23:33+00:00","description":"Chocolats fins artisanaux \u00e0 Montr\u00e9al avec ganaches maison aux ingr\u00e9dients raffin\u00e9s pour une exp\u00e9rience chocolat\u00e9e unique et inoubliable","breadcrumb":{"@id":"https:\/\/chocolatsleana.com\/index.php\/nos-chocolats-fins\/#breadcrumb"},"inLanguage":"fr-FR","potentialAction":[{"@type":"ReadAction","target":["https:\/\/chocolatsleana.com\/index.php\/nos-chocolats-fins\/"]}]},{"@type":"ImageObject","inLanguage":"fr-FR","@id":"https:\/\/chocolatsleana.com\/index.php\/nos-chocolats-fins\/#primaryimage","url":"https:\/\/chocolatsleana.com\/wp-content\/uploads\/2024\/11\/LES-CENTRES-DE-TABLE-9.jpg","contentUrl":"https:\/\/chocolatsleana.com\/wp-content\/uploads\/2024\/11\/LES-CENTRES-DE-TABLE-9.jpg","width":545,"height":361,"caption":"Notre s\u00e9lection de chocolat fins artisanaux \u00e0 Montr\u00e9al"},{"@type":"BreadcrumbList","@id":"https:\/\/chocolatsleana.com\/index.php\/nos-chocolats-fins\/#breadcrumb","itemListElement":[{"@type":"ListItem","position":1,"name":"Accueil","item":"http:\/\/chocolatsleana.com\/"},{"@type":"ListItem","position":2,"name":"NOS CHOCOLATS FINS"}]},{"@type":"WebSite","@id":"https:\/\/chocolatsleana.com\/#website","url":"https:\/\/chocolatsleana.com\/","name":"Chocolats L\u00e9ana","description":"Qualit\u00e9 et passion au service de vos papilles  -  (514)975-4985","publisher":{"@id":"https:\/\/chocolatsleana.com\/#organization"},"potentialAction":[{"@type":"SearchAction","target":{"@type":"EntryPoint","urlTemplate":"https:\/\/chocolatsleana.com\/?s={search_term_string}"},"query-input":{"@type":"PropertyValueSpecification","valueRequired":true,"valueName":"search_term_string"}}],"inLanguage":"fr-FR"},{"@type":"Organization","@id":"https:\/\/chocolatsleana.com\/#organization","name":"Chocolats L\u00e9ana","url":"https:\/\/chocolatsleana.com\/","logo":{"@type":"ImageObject","inLanguage":"fr-FR","@id":"https:\/\/chocolatsleana.com\/#\/schema\/logo\/image\/","url":"https:\/\/chocolatsleana.com\/wp-content\/uploads\/2024\/10\/LOGO.jpg","contentUrl":"https:\/\/chocolatsleana.com\/wp-content\/uploads\/2024\/10\/LOGO.jpg","width":1181,"height":1181,"caption":"Chocolats L\u00e9ana"},"image":{"@id":"https:\/\/chocolatsleana.com\/#\/schema\/logo\/image\/"}}]}},"_links":{"self":[{"href":"https:\/\/chocolatsleana.com\/index.php\/wp-json\/wp\/v2\/pages\/31450","targetHints":{"allow":["GET"]}}],"collection":[{"href":"https:\/\/chocolatsleana.com\/index.php\/wp-json\/wp\/v2\/pages"}],"about":[{"href":"https:\/\/chocolatsleana.com\/index.php\/wp-json\/wp\/v2\/types\/page"}],"author":[{"embeddable":true,"href":"https:\/\/chocolatsleana.com\/index.php\/wp-json\/wp\/v2\/users\/2"}],"replies":[{"embeddable":true,"href":"https:\/\/chocolatsleana.com\/index.php\/wp-json\/wp\/v2\/comments?post=31450"}],"version-history":[{"count":61,"href":"https:\/\/chocolatsleana.com\/index.php\/wp-json\/wp\/v2\/pages\/31450\/revisions"}],"predecessor-version":[{"id":34091,"href":"https:\/\/chocolatsleana.com\/index.php\/wp-json\/wp\/v2\/pages\/31450\/revisions\/34091"}],"wp:attachment":[{"href":"https:\/\/chocolatsleana.com\/index.php\/wp-json\/wp\/v2\/media?parent=31450"}],"curies":[{"name":"wp","href":"https:\/\/api.w.org\/{rel}","templated":true}]}}