{"id":31476,"date":"2024-10-13T15:32:28","date_gmt":"2024-10-13T19:32:28","guid":{"rendered":"http:\/\/chocolatsleana.com\/?page_id=31476"},"modified":"2024-11-11T22:25:44","modified_gmt":"2024-11-12T03:25:44","slug":"notre-histoire","status":"publish","type":"page","link":"http:\/\/chocolatsleana.com\/index.php\/notre-histoire\/","title":{"rendered":"NOTRE HISTOIRE"},"content":{"rendered":"\t\t<div data-elementor-type=\"wp-page\" data-elementor-id=\"31476\" class=\"elementor elementor-31476\" data-elementor-post-type=\"page\">\n\t\t\t\t<div class=\"elementor-element elementor-element-aad007d e-flex e-con-boxed e-con e-parent\" data-id=\"aad007d\" data-element_type=\"container\" data-e-type=\"container\" data-settings=\"{&quot;background_background&quot;:&quot;classic&quot;}\">\n\t\t\t\t\t<div class=\"e-con-inner\">\n\t\t<div class=\"elementor-element elementor-element-98c8aa5 e-con-full e-flex e-con e-child\" data-id=\"98c8aa5\" data-element_type=\"container\" data-e-type=\"container\">\n\t\t\t\t<div class=\"elementor-element elementor-element-53956ba elementor-widget elementor-widget-text-editor\" data-id=\"53956ba\" data-element_type=\"widget\" data-e-type=\"widget\" data-widget_type=\"text-editor.default\">\n\t\t\t\t<div class=\"elementor-widget-container\">\n\t\t\t\t\t\t\t\t\t<p><span style=\"text-align: var(--text-align);\">&nbsp;<\/span><\/p>\n<p><strong><span style=\"text-align: var(--text-align);\">En 2014, notre aventure a commenc\u00e9 modestement lors d&rsquo;un atelier informel entres amies, m\u00e8res et filles. Ce qui n&rsquo;\u00e9tait qu&rsquo;au d\u00e9part qu&rsquo;une passion partag\u00e9e s&rsquo;est rapidement transform\u00e9e en une entreprise florissante.&nbsp;<\/span><\/strong><\/p>\n<p><strong>Baptis\u00e9e Chocolats L\u00e9ana en l&rsquo;honneur de ma fille (L\u00e9a) et de moi-m\u00eame (Nathalie), notre chocolaterie artisanale incarne l&rsquo;esprit familial et l&rsquo;amour du chocolat.&nbsp;<\/strong><\/p>\n<p><strong>Chaque produit est s\u00e9lectionn\u00e9 avec soin pour sa qualit\u00e9 et son go\u00fbt exceptionnel, garantissant une exp\u00e9rience gustative unique.&nbsp;<\/strong><\/p>\n<p><strong>Rejoignez-nous pour savourer des moments chocolat\u00e9s uniques et d\u00e9couvrir l&rsquo;essence de notre histoire \u00e0 travers chaque bouch\u00e9e <img decoding=\"async\" class=\"emoji\" role=\"img\" draggable=\"false\" src=\"https:\/\/s.w.org\/images\/core\/emoji\/15.0.3\/svg\/1f36b.svg\" alt=\"\ud83c\udf6b\"><img decoding=\"async\" class=\"emoji\" role=\"img\" draggable=\"false\" src=\"https:\/\/s.w.org\/images\/core\/emoji\/15.0.3\/svg\/2728.svg\" alt=\"\u2728\"><\/strong><\/p>\t\t\t\t\t\t\t\t<\/div>\n\t\t\t\t<\/div>\n\t\t\t\t<\/div>\n\t\t<div class=\"elementor-element elementor-element-2675882 e-con-full e-flex e-con e-child\" data-id=\"2675882\" data-element_type=\"container\" data-e-type=\"container\">\n\t\t\t\t<div class=\"elementor-element elementor-element-ef0fb79 elementor-widget elementor-widget-image\" data-id=\"ef0fb79\" data-element_type=\"widget\" data-e-type=\"widget\" data-widget_type=\"image.default\">\n\t\t\t\t<div class=\"elementor-widget-container\">\n\t\t\t\t\t\t\t\t\t\t\t\t\t\t\t<img fetchpriority=\"high\" decoding=\"async\" width=\"816\" height=\"1080\" src=\"https:\/\/chocolatsleana.com\/wp-content\/uploads\/2024\/11\/Design-sans-titre-3.jpg\" class=\"attachment-full size-full wp-image-33000\" alt=\"\" srcset=\"https:\/\/chocolatsleana.com\/wp-content\/uploads\/2024\/11\/Design-sans-titre-3.jpg 816w, https:\/\/chocolatsleana.com\/wp-content\/uploads\/2024\/11\/Design-sans-titre-3-227x300.jpg 227w, https:\/\/chocolatsleana.com\/wp-content\/uploads\/2024\/11\/Design-sans-titre-3-774x1024.jpg 774w, https:\/\/chocolatsleana.com\/wp-content\/uploads\/2024\/11\/Design-sans-titre-3-768x1016.jpg 768w\" sizes=\"(max-width: 816px) 100vw, 816px\" \/>\t\t\t\t\t\t\t\t\t\t\t\t\t\t\t<\/div>\n\t\t\t\t<\/div>\n\t\t\t\t<\/div>\n\t\t\t\t\t<\/div>\n\t\t\t\t<\/div>\n\t\t<div class=\"elementor-element elementor-element-7dc8706 e-flex e-con-boxed e-con e-parent\" data-id=\"7dc8706\" data-element_type=\"container\" data-e-type=\"container\">\n\t\t\t\t\t<div class=\"e-con-inner\">\n\t\t\t\t<div class=\"elementor-element elementor-element-f482407 elementor-widget elementor-widget-spacer\" data-id=\"f482407\" data-element_type=\"widget\" data-e-type=\"widget\" data-widget_type=\"spacer.default\">\n\t\t\t\t<div class=\"elementor-widget-container\">\n\t\t\t\t\t\t\t<div class=\"elementor-spacer\">\n\t\t\t<div class=\"elementor-spacer-inner\"><\/div>\n\t\t<\/div>\n\t\t\t\t\t\t<\/div>\n\t\t\t\t<\/div>\n\t\t\t\t\t<\/div>\n\t\t\t\t<\/div>\n\t\t\t\t<\/div>\n\t\t","protected":false},"excerpt":{"rendered":"<p>&nbsp;<br \/>\nEn 2014, notre aventure a commenc\u00e9 modestement lors d&rsquo;un atelier informel entres amies, m\u00e8res et filles. Ce qui n&rsquo;\u00e9tait qu&rsquo;au d\u00e9part qu&rsquo;une passion partag\u00e9e s&rsquo;est rapidement transform\u00e9e en une entreprise &#8230;<\/p>\n","protected":false},"author":2,"featured_media":0,"parent":0,"menu_order":0,"comment_status":"closed","ping_status":"closed","template":"elementor_header_footer","meta":{"footnotes":""},"class_list":["post-31476","page","type-page","status-publish","hentry"],"aioseo_notices":[],"yoast_head":"<!-- This site is optimized with the Yoast SEO plugin v27.4 - https:\/\/yoast.com\/product\/yoast-seo-wordpress\/ -->\n<title>NOTRE HISTOIRE - Chocolats L\u00e9ana<\/title>\n<meta name=\"robots\" content=\"index, follow, max-snippet:-1, max-image-preview:large, max-video-preview:-1\" \/>\n<link rel=\"canonical\" href=\"http:\/\/chocolatsleana.com\/index.php\/notre-histoire\/\" \/>\n<meta property=\"og:locale\" content=\"fr_FR\" \/>\n<meta property=\"og:type\" content=\"article\" \/>\n<meta property=\"og:title\" content=\"NOTRE HISTOIRE - Chocolats L\u00e9ana\" \/>\n<meta property=\"og:description\" content=\"&nbsp; En 2014, notre aventure a commenc\u00e9 modestement lors d&rsquo;un atelier informel entres amies, m\u00e8res et filles. Ce qui n&rsquo;\u00e9tait qu&rsquo;au d\u00e9part qu&rsquo;une passion partag\u00e9e s&rsquo;est rapidement transform\u00e9e en une entreprise ...\" \/>\n<meta property=\"og:url\" content=\"http:\/\/chocolatsleana.com\/index.php\/notre-histoire\/\" \/>\n<meta property=\"og:site_name\" content=\"Chocolats L\u00e9ana\" \/>\n<meta property=\"article:modified_time\" content=\"2024-11-12T03:25:44+00:00\" \/>\n<meta property=\"og:image\" content=\"https:\/\/s.w.org\/images\/core\/emoji\/15.0.3\/svg\/1f36b.svg\" \/>\n<meta name=\"twitter:card\" content=\"summary_large_image\" \/>\n<meta name=\"twitter:label1\" content=\"Dur\u00e9e de lecture estim\u00e9e\" \/>\n\t<meta name=\"twitter:data1\" content=\"2 minutes\" \/>\n<script type=\"application\/ld+json\" class=\"yoast-schema-graph\">{\"@context\":\"https:\\\/\\\/schema.org\",\"@graph\":[{\"@type\":\"WebPage\",\"@id\":\"http:\\\/\\\/chocolatsleana.com\\\/index.php\\\/notre-histoire\\\/\",\"url\":\"http:\\\/\\\/chocolatsleana.com\\\/index.php\\\/notre-histoire\\\/\",\"name\":\"NOTRE HISTOIRE - Chocolats L\u00e9ana\",\"isPartOf\":{\"@id\":\"https:\\\/\\\/chocolatsleana.com\\\/#website\"},\"primaryImageOfPage\":{\"@id\":\"http:\\\/\\\/chocolatsleana.com\\\/index.php\\\/notre-histoire\\\/#primaryimage\"},\"image\":{\"@id\":\"http:\\\/\\\/chocolatsleana.com\\\/index.php\\\/notre-histoire\\\/#primaryimage\"},\"thumbnailUrl\":\"https:\\\/\\\/s.w.org\\\/images\\\/core\\\/emoji\\\/15.0.3\\\/svg\\\/1f36b.svg\",\"datePublished\":\"2024-10-13T19:32:28+00:00\",\"dateModified\":\"2024-11-12T03:25:44+00:00\",\"breadcrumb\":{\"@id\":\"http:\\\/\\\/chocolatsleana.com\\\/index.php\\\/notre-histoire\\\/#breadcrumb\"},\"inLanguage\":\"fr-FR\",\"potentialAction\":[{\"@type\":\"ReadAction\",\"target\":[\"http:\\\/\\\/chocolatsleana.com\\\/index.php\\\/notre-histoire\\\/\"]}]},{\"@type\":\"ImageObject\",\"inLanguage\":\"fr-FR\",\"@id\":\"http:\\\/\\\/chocolatsleana.com\\\/index.php\\\/notre-histoire\\\/#primaryimage\",\"url\":\"https:\\\/\\\/s.w.org\\\/images\\\/core\\\/emoji\\\/15.0.3\\\/svg\\\/1f36b.svg\",\"contentUrl\":\"https:\\\/\\\/s.w.org\\\/images\\\/core\\\/emoji\\\/15.0.3\\\/svg\\\/1f36b.svg\"},{\"@type\":\"BreadcrumbList\",\"@id\":\"http:\\\/\\\/chocolatsleana.com\\\/index.php\\\/notre-histoire\\\/#breadcrumb\",\"itemListElement\":[{\"@type\":\"ListItem\",\"position\":1,\"name\":\"Accueil\",\"item\":\"http:\\\/\\\/chocolatsleana.com\\\/\"},{\"@type\":\"ListItem\",\"position\":2,\"name\":\"NOTRE HISTOIRE\"}]},{\"@type\":\"WebSite\",\"@id\":\"https:\\\/\\\/chocolatsleana.com\\\/#website\",\"url\":\"https:\\\/\\\/chocolatsleana.com\\\/\",\"name\":\"Chocolats L\u00e9ana\",\"description\":\"Qualit\u00e9 et passion au service de vos papilles  -  (514)975-4985\",\"publisher\":{\"@id\":\"https:\\\/\\\/chocolatsleana.com\\\/#organization\"},\"potentialAction\":[{\"@type\":\"SearchAction\",\"target\":{\"@type\":\"EntryPoint\",\"urlTemplate\":\"https:\\\/\\\/chocolatsleana.com\\\/?s={search_term_string}\"},\"query-input\":{\"@type\":\"PropertyValueSpecification\",\"valueRequired\":true,\"valueName\":\"search_term_string\"}}],\"inLanguage\":\"fr-FR\"},{\"@type\":\"Organization\",\"@id\":\"https:\\\/\\\/chocolatsleana.com\\\/#organization\",\"name\":\"Chocolats L\u00e9ana\",\"url\":\"https:\\\/\\\/chocolatsleana.com\\\/\",\"logo\":{\"@type\":\"ImageObject\",\"inLanguage\":\"fr-FR\",\"@id\":\"https:\\\/\\\/chocolatsleana.com\\\/#\\\/schema\\\/logo\\\/image\\\/\",\"url\":\"http:\\\/\\\/chocolatsleana.com\\\/wp-content\\\/uploads\\\/2024\\\/10\\\/LOGO.jpg\",\"contentUrl\":\"http:\\\/\\\/chocolatsleana.com\\\/wp-content\\\/uploads\\\/2024\\\/10\\\/LOGO.jpg\",\"width\":1181,\"height\":1181,\"caption\":\"Chocolats L\u00e9ana\"},\"image\":{\"@id\":\"https:\\\/\\\/chocolatsleana.com\\\/#\\\/schema\\\/logo\\\/image\\\/\"}}]}<\/script>\n<!-- \/ Yoast SEO plugin. -->","yoast_head_json":{"title":"NOTRE HISTOIRE - Chocolats L\u00e9ana","robots":{"index":"index","follow":"follow","max-snippet":"max-snippet:-1","max-image-preview":"max-image-preview:large","max-video-preview":"max-video-preview:-1"},"canonical":"http:\/\/chocolatsleana.com\/index.php\/notre-histoire\/","og_locale":"fr_FR","og_type":"article","og_title":"NOTRE HISTOIRE - Chocolats L\u00e9ana","og_description":"&nbsp; En 2014, notre aventure a commenc\u00e9 modestement lors d&rsquo;un atelier informel entres amies, m\u00e8res et filles. Ce qui n&rsquo;\u00e9tait qu&rsquo;au d\u00e9part qu&rsquo;une passion partag\u00e9e s&rsquo;est rapidement transform\u00e9e en une entreprise ...","og_url":"http:\/\/chocolatsleana.com\/index.php\/notre-histoire\/","og_site_name":"Chocolats L\u00e9ana","article_modified_time":"2024-11-12T03:25:44+00:00","og_image":[{"url":"https:\/\/s.w.org\/images\/core\/emoji\/15.0.3\/svg\/1f36b.svg","type":"","width":"","height":""}],"twitter_card":"summary_large_image","twitter_misc":{"Dur\u00e9e de lecture estim\u00e9e":"2 minutes"},"schema":{"@context":"https:\/\/schema.org","@graph":[{"@type":"WebPage","@id":"http:\/\/chocolatsleana.com\/index.php\/notre-histoire\/","url":"http:\/\/chocolatsleana.com\/index.php\/notre-histoire\/","name":"NOTRE HISTOIRE - Chocolats L\u00e9ana","isPartOf":{"@id":"https:\/\/chocolatsleana.com\/#website"},"primaryImageOfPage":{"@id":"http:\/\/chocolatsleana.com\/index.php\/notre-histoire\/#primaryimage"},"image":{"@id":"http:\/\/chocolatsleana.com\/index.php\/notre-histoire\/#primaryimage"},"thumbnailUrl":"https:\/\/s.w.org\/images\/core\/emoji\/15.0.3\/svg\/1f36b.svg","datePublished":"2024-10-13T19:32:28+00:00","dateModified":"2024-11-12T03:25:44+00:00","breadcrumb":{"@id":"http:\/\/chocolatsleana.com\/index.php\/notre-histoire\/#breadcrumb"},"inLanguage":"fr-FR","potentialAction":[{"@type":"ReadAction","target":["http:\/\/chocolatsleana.com\/index.php\/notre-histoire\/"]}]},{"@type":"ImageObject","inLanguage":"fr-FR","@id":"http:\/\/chocolatsleana.com\/index.php\/notre-histoire\/#primaryimage","url":"https:\/\/s.w.org\/images\/core\/emoji\/15.0.3\/svg\/1f36b.svg","contentUrl":"https:\/\/s.w.org\/images\/core\/emoji\/15.0.3\/svg\/1f36b.svg"},{"@type":"BreadcrumbList","@id":"http:\/\/chocolatsleana.com\/index.php\/notre-histoire\/#breadcrumb","itemListElement":[{"@type":"ListItem","position":1,"name":"Accueil","item":"http:\/\/chocolatsleana.com\/"},{"@type":"ListItem","position":2,"name":"NOTRE HISTOIRE"}]},{"@type":"WebSite","@id":"https:\/\/chocolatsleana.com\/#website","url":"https:\/\/chocolatsleana.com\/","name":"Chocolats L\u00e9ana","description":"Qualit\u00e9 et passion au service de vos papilles  -  (514)975-4985","publisher":{"@id":"https:\/\/chocolatsleana.com\/#organization"},"potentialAction":[{"@type":"SearchAction","target":{"@type":"EntryPoint","urlTemplate":"https:\/\/chocolatsleana.com\/?s={search_term_string}"},"query-input":{"@type":"PropertyValueSpecification","valueRequired":true,"valueName":"search_term_string"}}],"inLanguage":"fr-FR"},{"@type":"Organization","@id":"https:\/\/chocolatsleana.com\/#organization","name":"Chocolats L\u00e9ana","url":"https:\/\/chocolatsleana.com\/","logo":{"@type":"ImageObject","inLanguage":"fr-FR","@id":"https:\/\/chocolatsleana.com\/#\/schema\/logo\/image\/","url":"http:\/\/chocolatsleana.com\/wp-content\/uploads\/2024\/10\/LOGO.jpg","contentUrl":"http:\/\/chocolatsleana.com\/wp-content\/uploads\/2024\/10\/LOGO.jpg","width":1181,"height":1181,"caption":"Chocolats L\u00e9ana"},"image":{"@id":"https:\/\/chocolatsleana.com\/#\/schema\/logo\/image\/"}}]}},"_links":{"self":[{"href":"http:\/\/chocolatsleana.com\/index.php\/wp-json\/wp\/v2\/pages\/31476","targetHints":{"allow":["GET"]}}],"collection":[{"href":"http:\/\/chocolatsleana.com\/index.php\/wp-json\/wp\/v2\/pages"}],"about":[{"href":"http:\/\/chocolatsleana.com\/index.php\/wp-json\/wp\/v2\/types\/page"}],"author":[{"embeddable":true,"href":"http:\/\/chocolatsleana.com\/index.php\/wp-json\/wp\/v2\/users\/2"}],"replies":[{"embeddable":true,"href":"http:\/\/chocolatsleana.com\/index.php\/wp-json\/wp\/v2\/comments?post=31476"}],"version-history":[{"count":13,"href":"http:\/\/chocolatsleana.com\/index.php\/wp-json\/wp\/v2\/pages\/31476\/revisions"}],"predecessor-version":[{"id":33746,"href":"http:\/\/chocolatsleana.com\/index.php\/wp-json\/wp\/v2\/pages\/31476\/revisions\/33746"}],"wp:attachment":[{"href":"http:\/\/chocolatsleana.com\/index.php\/wp-json\/wp\/v2\/media?parent=31476"}],"curies":[{"name":"wp","href":"https:\/\/api.w.org\/{rel}","templated":true}]}}