{"id":31464,"date":"2024-10-13T15:25:06","date_gmt":"2024-10-13T19:25:06","guid":{"rendered":"http:\/\/chocolatsleana.com\/?page_id=31464"},"modified":"2024-11-21T20:44:54","modified_gmt":"2024-11-22T01:44:54","slug":"noel-chocolats","status":"publish","type":"page","link":"http:\/\/chocolatsleana.com\/index.php\/noel-chocolats\/","title":{"rendered":"LES F\u00caTES"},"content":{"rendered":"\t\t<div data-elementor-type=\"wp-page\" data-elementor-id=\"31464\" class=\"elementor elementor-31464\" data-elementor-post-type=\"page\">\n\t\t\t\t<div class=\"elementor-element elementor-element-6d8307a e-flex e-con-boxed e-con e-parent\" data-id=\"6d8307a\" data-element_type=\"container\" data-e-type=\"container\">\n\t\t\t\t\t<div class=\"e-con-inner\">\n\t\t\t\t<div class=\"elementor-element elementor-element-4e410e6 elementor--h-position-center elementor--v-position-middle elementor-arrows-position-inside elementor-pagination-position-inside elementor-widget elementor-widget-slides\" data-id=\"4e410e6\" data-element_type=\"widget\" data-e-type=\"widget\" data-settings=\"{&quot;navigation&quot;:&quot;both&quot;,&quot;autoplay&quot;:&quot;yes&quot;,&quot;pause_on_hover&quot;:&quot;yes&quot;,&quot;pause_on_interaction&quot;:&quot;yes&quot;,&quot;autoplay_speed&quot;:5000,&quot;infinite&quot;:&quot;yes&quot;,&quot;transition&quot;:&quot;slide&quot;,&quot;transition_speed&quot;:500}\" data-widget_type=\"slides.default\">\n\t\t\t\t<div class=\"elementor-widget-container\">\n\t\t\t\t\t\t\t\t\t<div class=\"elementor-swiper\">\n\t\t\t\t\t<div class=\"elementor-slides-wrapper elementor-main-swiper swiper\" role=\"region\" aria-roledescription=\"carousel\" aria-label=\"Diapositives\" dir=\"ltr\" data-animation=\"fadeInUp\">\n\t\t\t\t<div class=\"swiper-wrapper elementor-slides\">\n\t\t\t\t\t\t\t\t\t\t<div class=\"elementor-repeater-item-eccd7ed swiper-slide\" role=\"group\" aria-roledescription=\"slide\"><div class=\"swiper-slide-bg elementor-ken-burns elementor-ken-burns--in\" role=\"img\" aria-label=\"24\"><\/div><div class=\"elementor-background-overlay\"><\/div><div class=\"swiper-slide-inner\" ><div class=\"swiper-slide-contents\"><div class=\"elementor-slide-heading\">LES F\u00caTES<\/div><div class=\"elementor-slide-description\">C\u00e9l\u00e9brez chaque occasion avec nos chocolats sp\u00e9cialement con\u00e7us pour les f\u00eates ! Que ce soit pour P\u00e2ques, No\u00ebl, la Saint-Valentin ou des \u00e9v\u00e9nements sp\u00e9ciaux, notre gamme de d\u00e9lices chocolat\u00e9s saura ravir vos papilles et ajouter une touche gourmande \u00e0 vos moments festifs.<\/div><\/div><\/div><\/div>\t\t\t\t<\/div>\n\t\t\t\t\t\t\t<\/div>\n\t\t\t\t<\/div>\n\t\t\t\t\t\t\t\t<\/div>\n\t\t\t\t<\/div>\n\t\t\t\t\t<\/div>\n\t\t\t\t<\/div>\n\t\t<div class=\"elementor-element elementor-element-bc2c99c e-flex e-con-boxed e-con e-parent\" data-id=\"bc2c99c\" data-element_type=\"container\" data-e-type=\"container\">\n\t\t\t\t\t<div class=\"e-con-inner\">\n\t\t<div class=\"elementor-element elementor-element-c3edda4 e-con-full e-flex elementor-invisible e-con e-child\" data-id=\"c3edda4\" data-element_type=\"container\" data-e-type=\"container\" data-settings=\"{&quot;motion_fx_motion_fx_scrolling&quot;:&quot;yes&quot;,&quot;motion_fx_motion_fx_mouse&quot;:&quot;yes&quot;,&quot;animation&quot;:&quot;zoomIn&quot;,&quot;motion_fx_devices&quot;:[&quot;desktop&quot;,&quot;tablet&quot;,&quot;mobile&quot;]}\">\n\t\t\t\t<div class=\"elementor-element elementor-element-db2aa8e elementor-invisible elementor-widget elementor-widget-image\" data-id=\"db2aa8e\" data-element_type=\"widget\" data-e-type=\"widget\" data-settings=\"{&quot;motion_fx_motion_fx_mouse&quot;:&quot;yes&quot;,&quot;_animation&quot;:&quot;zoomIn&quot;,&quot;_animation_delay&quot;:200}\" data-widget_type=\"image.default\">\n\t\t\t\t<div class=\"elementor-widget-container\">\n\t\t\t\t\t\t\t\t\t\t\t\t\t\t\t\t<a href=\"https:\/\/chocolatsleana.com\/index.php\/noel\/\">\n\t\t\t\t\t\t\t<img fetchpriority=\"high\" decoding=\"async\" width=\"545\" height=\"361\" src=\"http:\/\/chocolatsleana.com\/wp-content\/uploads\/2024\/10\/NOS-DELICES-DE-NOEL-2.jpg\" class=\"attachment-astral-blog-thumb size-astral-blog-thumb wp-image-32228\" alt=\"\" srcset=\"http:\/\/chocolatsleana.com\/wp-content\/uploads\/2024\/10\/NOS-DELICES-DE-NOEL-2.jpg 545w, http:\/\/chocolatsleana.com\/wp-content\/uploads\/2024\/10\/NOS-DELICES-DE-NOEL-2-300x199.jpg 300w\" sizes=\"(max-width: 545px) 100vw, 545px\" \/>\t\t\t\t\t\t\t\t<\/a>\n\t\t\t\t\t\t\t\t\t\t\t\t\t\t\t<\/div>\n\t\t\t\t<\/div>\n\t\t\t\t<div class=\"elementor-element elementor-element-e7f766c elementor-align-center elementor-widget elementor-widget-button\" data-id=\"e7f766c\" data-element_type=\"widget\" data-e-type=\"widget\" data-widget_type=\"button.default\">\n\t\t\t\t<div class=\"elementor-widget-container\">\n\t\t\t\t\t\t\t\t\t<div class=\"elementor-button-wrapper\">\n\t\t\t\t\t<a class=\"elementor-button elementor-button-link elementor-size-sm\" href=\"https:\/\/chocolatsleana.com\/index.php\/noel\/\">\n\t\t\t\t\t\t<span class=\"elementor-button-content-wrapper\">\n\t\t\t\t\t\t\t\t\t<span class=\"elementor-button-text\">VOIR PLUS<\/span>\n\t\t\t\t\t<\/span>\n\t\t\t\t\t<\/a>\n\t\t\t\t<\/div>\n\t\t\t\t\t\t\t\t<\/div>\n\t\t\t\t<\/div>\n\t\t\t\t<\/div>\n\t\t<div class=\"elementor-element elementor-element-7d4d7f0 e-con-full e-flex e-con e-child\" data-id=\"7d4d7f0\" data-element_type=\"container\" data-e-type=\"container\">\n\t\t\t\t<div class=\"elementor-element elementor-element-99c8e91 elementor-invisible elementor-widget elementor-widget-image\" data-id=\"99c8e91\" data-element_type=\"widget\" data-e-type=\"widget\" data-settings=\"{&quot;_animation&quot;:&quot;zoomIn&quot;}\" data-widget_type=\"image.default\">\n\t\t\t\t<div class=\"elementor-widget-container\">\n\t\t\t\t\t\t\t\t\t\t\t\t\t\t\t\t<a href=\"https:\/\/chocolatsleana.com\/index.php\/paques-2\/\">\n\t\t\t\t\t\t\t<img decoding=\"async\" width=\"545\" height=\"361\" src=\"http:\/\/chocolatsleana.com\/wp-content\/uploads\/2024\/10\/NOS-DELICES-DE-NOEL-1.jpg\" class=\"attachment-astral-blog-thumb size-astral-blog-thumb wp-image-32227\" alt=\"\" srcset=\"http:\/\/chocolatsleana.com\/wp-content\/uploads\/2024\/10\/NOS-DELICES-DE-NOEL-1.jpg 545w, http:\/\/chocolatsleana.com\/wp-content\/uploads\/2024\/10\/NOS-DELICES-DE-NOEL-1-300x199.jpg 300w\" sizes=\"(max-width: 545px) 100vw, 545px\" \/>\t\t\t\t\t\t\t\t<\/a>\n\t\t\t\t\t\t\t\t\t\t\t\t\t\t\t<\/div>\n\t\t\t\t<\/div>\n\t\t\t\t<div class=\"elementor-element elementor-element-476d2d9 elementor-align-center elementor-widget elementor-widget-button\" data-id=\"476d2d9\" data-element_type=\"widget\" data-e-type=\"widget\" data-widget_type=\"button.default\">\n\t\t\t\t<div class=\"elementor-widget-container\">\n\t\t\t\t\t\t\t\t\t<div class=\"elementor-button-wrapper\">\n\t\t\t\t\t<a class=\"elementor-button elementor-button-link elementor-size-sm\" href=\"https:\/\/chocolatsleana.com\/index.php\/paques-2\/\">\n\t\t\t\t\t\t<span class=\"elementor-button-content-wrapper\">\n\t\t\t\t\t\t\t\t\t<span class=\"elementor-button-text\">VOIR PLUS<\/span>\n\t\t\t\t\t<\/span>\n\t\t\t\t\t<\/a>\n\t\t\t\t<\/div>\n\t\t\t\t\t\t\t\t<\/div>\n\t\t\t\t<\/div>\n\t\t\t\t<\/div>\n\t\t<div class=\"elementor-element elementor-element-6cff42d e-con-full e-flex e-con e-child\" data-id=\"6cff42d\" data-element_type=\"container\" data-e-type=\"container\">\n\t\t\t\t<\/div>\n\t\t\t\t\t<\/div>\n\t\t\t\t<\/div>\n\t\t\t\t<\/div>\n\t\t","protected":false},"excerpt":{"rendered":"<p>LES F\u00caTESC\u00e9l\u00e9brez chaque occasion avec nos chocolats sp\u00e9cialement con\u00e7us pour les f\u00eates ! Que ce soit pour P\u00e2ques, No\u00ebl, la Saint-Valentin ou des \u00e9v\u00e9nements sp\u00e9ciaux, notre gamme de d\u00e9lices chocolat\u00e9s &#8230;<\/p>\n","protected":false},"author":2,"featured_media":0,"parent":0,"menu_order":0,"comment_status":"closed","ping_status":"closed","template":"elementor_header_footer","meta":{"footnotes":""},"class_list":["post-31464","page","type-page","status-publish","hentry"],"aioseo_notices":[],"yoast_head":"<!-- This site is optimized with the Yoast SEO plugin v27.4 - https:\/\/yoast.com\/product\/yoast-seo-wordpress\/ -->\n<title>LES F\u00caTES - Chocolats L\u00e9ana<\/title>\n<meta name=\"description\" content=\"Chocolats de No\u00ebl artisanaux chez L\u00e9ana : offrez des d\u00e9lices pendant les f\u00eates, faits avec passion. Livraison \u00e0 Montr\u00e9al et au Qu\u00e9bec.\" \/>\n<meta name=\"robots\" content=\"index, follow, max-snippet:-1, max-image-preview:large, max-video-preview:-1\" \/>\n<link rel=\"canonical\" href=\"https:\/\/chocolatsleana.com\/index.php\/noel-chocolats\/\" \/>\n<meta property=\"og:locale\" content=\"fr_FR\" \/>\n<meta property=\"og:type\" content=\"article\" \/>\n<meta property=\"og:title\" content=\"LES F\u00caTES - Chocolats L\u00e9ana\" \/>\n<meta property=\"og:description\" content=\"Chocolats de No\u00ebl artisanaux chez L\u00e9ana : offrez des d\u00e9lices pendant les f\u00eates, faits avec passion. Livraison \u00e0 Montr\u00e9al et au Qu\u00e9bec.\" \/>\n<meta property=\"og:url\" content=\"https:\/\/chocolatsleana.com\/index.php\/noel-chocolats\/\" \/>\n<meta property=\"og:site_name\" content=\"Chocolats L\u00e9ana\" \/>\n<meta property=\"article:modified_time\" content=\"2024-11-22T01:44:54+00:00\" \/>\n<meta property=\"og:image\" content=\"http:\/\/chocolatsleana.com\/wp-content\/uploads\/2024\/10\/NOS-DELICES-DE-NOEL-2.jpg\" \/>\n<meta name=\"twitter:card\" content=\"summary_large_image\" \/>\n<meta name=\"twitter:label1\" content=\"Dur\u00e9e de lecture estim\u00e9e\" \/>\n\t<meta name=\"twitter:data1\" content=\"1 minute\" \/>\n<script type=\"application\/ld+json\" class=\"yoast-schema-graph\">{\"@context\":\"https:\\\/\\\/schema.org\",\"@graph\":[{\"@type\":\"WebPage\",\"@id\":\"https:\\\/\\\/chocolatsleana.com\\\/index.php\\\/noel-chocolats\\\/\",\"url\":\"https:\\\/\\\/chocolatsleana.com\\\/index.php\\\/noel-chocolats\\\/\",\"name\":\"LES F\u00caTES - Chocolats L\u00e9ana\",\"isPartOf\":{\"@id\":\"http:\\\/\\\/chocolatsleana.com\\\/#website\"},\"primaryImageOfPage\":{\"@id\":\"https:\\\/\\\/chocolatsleana.com\\\/index.php\\\/noel-chocolats\\\/#primaryimage\"},\"image\":{\"@id\":\"https:\\\/\\\/chocolatsleana.com\\\/index.php\\\/noel-chocolats\\\/#primaryimage\"},\"thumbnailUrl\":\"http:\\\/\\\/chocolatsleana.com\\\/wp-content\\\/uploads\\\/2024\\\/10\\\/NOS-DELICES-DE-NOEL-2.jpg\",\"datePublished\":\"2024-10-13T19:25:06+00:00\",\"dateModified\":\"2024-11-22T01:44:54+00:00\",\"description\":\"Chocolats de No\u00ebl artisanaux chez L\u00e9ana : offrez des d\u00e9lices pendant les f\u00eates, faits avec passion. Livraison \u00e0 Montr\u00e9al et au Qu\u00e9bec.\",\"breadcrumb\":{\"@id\":\"https:\\\/\\\/chocolatsleana.com\\\/index.php\\\/noel-chocolats\\\/#breadcrumb\"},\"inLanguage\":\"fr-FR\",\"potentialAction\":[{\"@type\":\"ReadAction\",\"target\":[\"https:\\\/\\\/chocolatsleana.com\\\/index.php\\\/noel-chocolats\\\/\"]}]},{\"@type\":\"ImageObject\",\"inLanguage\":\"fr-FR\",\"@id\":\"https:\\\/\\\/chocolatsleana.com\\\/index.php\\\/noel-chocolats\\\/#primaryimage\",\"url\":\"http:\\\/\\\/chocolatsleana.com\\\/wp-content\\\/uploads\\\/2024\\\/10\\\/NOS-DELICES-DE-NOEL-2.jpg\",\"contentUrl\":\"http:\\\/\\\/chocolatsleana.com\\\/wp-content\\\/uploads\\\/2024\\\/10\\\/NOS-DELICES-DE-NOEL-2.jpg\",\"width\":545,\"height\":361},{\"@type\":\"BreadcrumbList\",\"@id\":\"https:\\\/\\\/chocolatsleana.com\\\/index.php\\\/noel-chocolats\\\/#breadcrumb\",\"itemListElement\":[{\"@type\":\"ListItem\",\"position\":1,\"name\":\"Accueil\",\"item\":\"http:\\\/\\\/chocolatsleana.com\\\/\"},{\"@type\":\"ListItem\",\"position\":2,\"name\":\"LES F\u00caTES\"}]},{\"@type\":\"WebSite\",\"@id\":\"http:\\\/\\\/chocolatsleana.com\\\/#website\",\"url\":\"http:\\\/\\\/chocolatsleana.com\\\/\",\"name\":\"Chocolats L\u00e9ana\",\"description\":\"Qualit\u00e9 et passion au service de vos papilles  -  (514)975-4985\",\"publisher\":{\"@id\":\"http:\\\/\\\/chocolatsleana.com\\\/#organization\"},\"potentialAction\":[{\"@type\":\"SearchAction\",\"target\":{\"@type\":\"EntryPoint\",\"urlTemplate\":\"http:\\\/\\\/chocolatsleana.com\\\/?s={search_term_string}\"},\"query-input\":{\"@type\":\"PropertyValueSpecification\",\"valueRequired\":true,\"valueName\":\"search_term_string\"}}],\"inLanguage\":\"fr-FR\"},{\"@type\":\"Organization\",\"@id\":\"http:\\\/\\\/chocolatsleana.com\\\/#organization\",\"name\":\"Chocolats L\u00e9ana\",\"url\":\"http:\\\/\\\/chocolatsleana.com\\\/\",\"logo\":{\"@type\":\"ImageObject\",\"inLanguage\":\"fr-FR\",\"@id\":\"http:\\\/\\\/chocolatsleana.com\\\/#\\\/schema\\\/logo\\\/image\\\/\",\"url\":\"http:\\\/\\\/chocolatsleana.com\\\/wp-content\\\/uploads\\\/2024\\\/10\\\/LOGO.jpg\",\"contentUrl\":\"http:\\\/\\\/chocolatsleana.com\\\/wp-content\\\/uploads\\\/2024\\\/10\\\/LOGO.jpg\",\"width\":1181,\"height\":1181,\"caption\":\"Chocolats L\u00e9ana\"},\"image\":{\"@id\":\"http:\\\/\\\/chocolatsleana.com\\\/#\\\/schema\\\/logo\\\/image\\\/\"}}]}<\/script>\n<!-- \/ Yoast SEO plugin. -->","yoast_head_json":{"title":"LES F\u00caTES - Chocolats L\u00e9ana","description":"Chocolats de No\u00ebl artisanaux chez L\u00e9ana : offrez des d\u00e9lices pendant les f\u00eates, faits avec passion. Livraison \u00e0 Montr\u00e9al et au Qu\u00e9bec.","robots":{"index":"index","follow":"follow","max-snippet":"max-snippet:-1","max-image-preview":"max-image-preview:large","max-video-preview":"max-video-preview:-1"},"canonical":"https:\/\/chocolatsleana.com\/index.php\/noel-chocolats\/","og_locale":"fr_FR","og_type":"article","og_title":"LES F\u00caTES - Chocolats L\u00e9ana","og_description":"Chocolats de No\u00ebl artisanaux chez L\u00e9ana : offrez des d\u00e9lices pendant les f\u00eates, faits avec passion. Livraison \u00e0 Montr\u00e9al et au Qu\u00e9bec.","og_url":"https:\/\/chocolatsleana.com\/index.php\/noel-chocolats\/","og_site_name":"Chocolats L\u00e9ana","article_modified_time":"2024-11-22T01:44:54+00:00","og_image":[{"url":"http:\/\/chocolatsleana.com\/wp-content\/uploads\/2024\/10\/NOS-DELICES-DE-NOEL-2.jpg","type":"","width":"","height":""}],"twitter_card":"summary_large_image","twitter_misc":{"Dur\u00e9e de lecture estim\u00e9e":"1 minute"},"schema":{"@context":"https:\/\/schema.org","@graph":[{"@type":"WebPage","@id":"https:\/\/chocolatsleana.com\/index.php\/noel-chocolats\/","url":"https:\/\/chocolatsleana.com\/index.php\/noel-chocolats\/","name":"LES F\u00caTES - Chocolats L\u00e9ana","isPartOf":{"@id":"http:\/\/chocolatsleana.com\/#website"},"primaryImageOfPage":{"@id":"https:\/\/chocolatsleana.com\/index.php\/noel-chocolats\/#primaryimage"},"image":{"@id":"https:\/\/chocolatsleana.com\/index.php\/noel-chocolats\/#primaryimage"},"thumbnailUrl":"http:\/\/chocolatsleana.com\/wp-content\/uploads\/2024\/10\/NOS-DELICES-DE-NOEL-2.jpg","datePublished":"2024-10-13T19:25:06+00:00","dateModified":"2024-11-22T01:44:54+00:00","description":"Chocolats de No\u00ebl artisanaux chez L\u00e9ana : offrez des d\u00e9lices pendant les f\u00eates, faits avec passion. Livraison \u00e0 Montr\u00e9al et au Qu\u00e9bec.","breadcrumb":{"@id":"https:\/\/chocolatsleana.com\/index.php\/noel-chocolats\/#breadcrumb"},"inLanguage":"fr-FR","potentialAction":[{"@type":"ReadAction","target":["https:\/\/chocolatsleana.com\/index.php\/noel-chocolats\/"]}]},{"@type":"ImageObject","inLanguage":"fr-FR","@id":"https:\/\/chocolatsleana.com\/index.php\/noel-chocolats\/#primaryimage","url":"http:\/\/chocolatsleana.com\/wp-content\/uploads\/2024\/10\/NOS-DELICES-DE-NOEL-2.jpg","contentUrl":"http:\/\/chocolatsleana.com\/wp-content\/uploads\/2024\/10\/NOS-DELICES-DE-NOEL-2.jpg","width":545,"height":361},{"@type":"BreadcrumbList","@id":"https:\/\/chocolatsleana.com\/index.php\/noel-chocolats\/#breadcrumb","itemListElement":[{"@type":"ListItem","position":1,"name":"Accueil","item":"http:\/\/chocolatsleana.com\/"},{"@type":"ListItem","position":2,"name":"LES F\u00caTES"}]},{"@type":"WebSite","@id":"http:\/\/chocolatsleana.com\/#website","url":"http:\/\/chocolatsleana.com\/","name":"Chocolats L\u00e9ana","description":"Qualit\u00e9 et passion au service de vos papilles  -  (514)975-4985","publisher":{"@id":"http:\/\/chocolatsleana.com\/#organization"},"potentialAction":[{"@type":"SearchAction","target":{"@type":"EntryPoint","urlTemplate":"http:\/\/chocolatsleana.com\/?s={search_term_string}"},"query-input":{"@type":"PropertyValueSpecification","valueRequired":true,"valueName":"search_term_string"}}],"inLanguage":"fr-FR"},{"@type":"Organization","@id":"http:\/\/chocolatsleana.com\/#organization","name":"Chocolats L\u00e9ana","url":"http:\/\/chocolatsleana.com\/","logo":{"@type":"ImageObject","inLanguage":"fr-FR","@id":"http:\/\/chocolatsleana.com\/#\/schema\/logo\/image\/","url":"http:\/\/chocolatsleana.com\/wp-content\/uploads\/2024\/10\/LOGO.jpg","contentUrl":"http:\/\/chocolatsleana.com\/wp-content\/uploads\/2024\/10\/LOGO.jpg","width":1181,"height":1181,"caption":"Chocolats L\u00e9ana"},"image":{"@id":"http:\/\/chocolatsleana.com\/#\/schema\/logo\/image\/"}}]}},"_links":{"self":[{"href":"http:\/\/chocolatsleana.com\/index.php\/wp-json\/wp\/v2\/pages\/31464","targetHints":{"allow":["GET"]}}],"collection":[{"href":"http:\/\/chocolatsleana.com\/index.php\/wp-json\/wp\/v2\/pages"}],"about":[{"href":"http:\/\/chocolatsleana.com\/index.php\/wp-json\/wp\/v2\/types\/page"}],"author":[{"embeddable":true,"href":"http:\/\/chocolatsleana.com\/index.php\/wp-json\/wp\/v2\/users\/2"}],"replies":[{"embeddable":true,"href":"http:\/\/chocolatsleana.com\/index.php\/wp-json\/wp\/v2\/comments?post=31464"}],"version-history":[{"count":29,"href":"http:\/\/chocolatsleana.com\/index.php\/wp-json\/wp\/v2\/pages\/31464\/revisions"}],"predecessor-version":[{"id":34212,"href":"http:\/\/chocolatsleana.com\/index.php\/wp-json\/wp\/v2\/pages\/31464\/revisions\/34212"}],"wp:attachment":[{"href":"http:\/\/chocolatsleana.com\/index.php\/wp-json\/wp\/v2\/media?parent=31464"}],"curies":[{"name":"wp","href":"https:\/\/api.w.org\/{rel}","templated":true}]}}